{"id":455,"date":"2019-11-12T15:37:52","date_gmt":"2019-11-12T14:37:52","guid":{"rendered":"https:\/\/vetomshop.hu\/?post_type=product&#038;p=455"},"modified":"2026-04-12T08:28:38","modified_gmt":"2026-04-12T06:28:38","slug":"vetom-4-24-probiotikum-csepp","status":"publish","type":"product","link":"https:\/\/vetomshop.hu\/fr\/produit\/vetom-4-24-probiotikum-csepp\/","title":{"rendered":"Probiotique Vetom <span style=\"color: red\">4.24<\/span><br>chute <span style=\"color: red\">10 ml<\/span> (compl\u00e9ment alimentaire)"},"content":{"rendered":"<h3>Vetom 4.24 gouttes probiotiques 10 ml (compl\u00e9ment alimentaire)<\/h3>\n<p>Avec la souche Bacillus amyloliquefaciens VKPM B-10643 (DSM 24615)<\/p>\n<p>Vetom 4.24 est un probiotique naturel avanc\u00e9 qui favorise l'\u00e9quilibre de la flore intestinale, am\u00e9liore la digestion et renforce le syst\u00e8me immunitaire. Le principal ingr\u00e9dient actif est la bact\u00e9rie *Bacillus amyloliquefaciens*, qui est principalement b\u00e9n\u00e9fique dans l'intestin gr\u00eale.<\/p>\n<h2>En quoi cela est-il utile ?<\/h2>\n<p>* Favorise le d\u00e9veloppement d'une flore intestinale saine<br \/>\n* Favorise l'absorption des nutriments (par exemple le fer, le calcium, les prot\u00e9ines, les graisses, les hydrates de carbone).<br \/>\n* Aide \u00e0 **excr\u00e9ter les toxines de l'organisme<br \/>\n* Renforce le syst\u00e8me immunitaire, a des effets antiviraux, antibact\u00e9riens et antifongiques.<br \/>\n* Favorise la r\u00e9g\u00e9n\u00e9ration cellulaire, peut r\u00e9duire la prolif\u00e9ration des cellules nocives<br \/>\n* Stabilise le m\u00e9tabolisme et l'\u00e9quilibre acide du syst\u00e8me digestif.<br \/>\n* Am\u00e9liore l'effet d'autres m\u00e9dicaments, en r\u00e9duisant leurs effets secondaires.<\/p>\n<h2>Avantages :<\/h2>\n<p>\u2705 Sans effet secondaire<br \/>\nPeut \u00eatre utilis\u00e9 \u00e0 tout \u00e2ge<br \/>\n\u2705 Ne provoque pas d'accoutumance<br \/>\n\u2705 Surdosage impossible<\/p>\n<h2>Recommandation de dosage :<\/h2>\n<p>*Suppl\u00e9mentaire pour adultes et enfants : 2 gouttes sont recommand\u00e9es les premiers jours, puis la dose peut \u00eatre augment\u00e9e progressivement jusqu'\u00e0 4-6 gouttes. Observer les r\u00e9actions de l'organisme lors de la prise.<br \/>\n*Pour les maladies courantes : 10 gouttes par jour pendant 10 jours<br \/>\n* Le traitement peut \u00eatre r\u00e9p\u00e9t\u00e9 apr\u00e8s 1-2 semaines<br \/>\n* Il est recommand\u00e9 d'alterner avec d'autres types de produits Vetom de temps en temps (par exemple Vetom 1.23, 2.25, 3.22) pour assurer un soutien intestinal complet.<\/p>\n<h2>\nImportant :<\/h2>\n<p>Il ne doit pas \u00eatre pris avec d'autres probiotiques oraux ou antibiotiques, en particulier le sulfanilamide, les agents anticanc\u00e9reux.<\/p>\n<h2>Ingr\u00e9dients :<\/h2>\n<p>* Extrait de ma\u00efs ferment\u00e9 de Bacillus amyloliquefaciens (VKPM B-10643 \/ DSM 24615)<br \/>\n* Chlorure de sodium<br \/>\n* Viveware<\/p>\n<h2>Distribution :<\/h2>\n<p>* flacon compte-gouttes de 10 ml en verre ou en plastique<br \/>\n* Peut contenir des s\u00e9diments naturels, ce qui ne constitue pas un d\u00e9faut de qualit\u00e9.<\/p>\n<h2>K\u00fcllem :<\/h2>\n<p>Liquide brun jaun\u00e2tre clair \u00e0 l'odeur caract\u00e9ristique<\/p>\n<p>*Poids : 0,02 kg<br \/>\n*Dimensions : 3 \u00d7 3 \u00d7 7 cm<br \/>\n*Fourniture : Russie<\/p>\n<h2>Informations sur le stockage :<\/h2>\n<p>*Stockage : 0-10 \u00b0C \u00e0 une humidit\u00e9 relative allant jusqu'\u00e0 75%<br \/>\n*Stockage et conservation temporaire : 10-30 \u00b0C<br \/>\n*Apr\u00e8s d\u00e9montage : conserver au r\u00e9frig\u00e9rateur (0-10 \u00b0C)<\/p>","protected":false},"excerpt":{"rendered":"<h5>Postuler \u00e0<\/h5>\n<p>A <strong>Vetom<\/strong> <span style=\"color: red; font-weight: 800;\">4.24<\/span> utilis\u00e9 comme source suppl\u00e9mentaire de micro-organismes probiotiques pour am\u00e9liorer la sant\u00e9 du corps humain. L'effet robuste de la <strong>Bacillus myloliquefaciens<\/strong>, qui produit des enzymes prot\u00e9olytiques, amylolytiques, cellulolytiques et d'autres substances biologiquement actives, principalement en se multipliant dans l'intestin gr\u00eale.<\/p>\n<div class=\"plashka\">En cons\u00e9quence de ce processus, la population bact\u00e9rienne du tractus intestinal est transform\u00e9e jusqu'\u00e0 devenir identique \u00e0 la norme \u00e9volutive, les parois intestinales sont d\u00e9barrass\u00e9es des r\u00e9sidus alimentaires indigestes, ce qui facilite l'\u00e9limination active des substances toxiques de l'organisme et le transport sans entrave des substances biologiquement actives et des nutriments.<\/div>\n<p>A <strong>Vetom<\/strong> <span style=\"color: red; font-weight: 800;\">4.24<\/span> normalise la digestion, l'absorption et le m\u00e9tabolisme du fer, du calcium, des graisses, des prot\u00e9ines, des hydrates de carbone, des triglyc\u00e9rides, des acides amin\u00e9s, des dipeptides, des sels biliaires, et normalise le milieu acide du tube digestif.<\/p>\n<div class=\"plashka\">A <strong>Vetom<\/strong> <span style=\"color: red; font-weight: 800;\">4.24<\/span> La consommation d'alcool aide l'organisme \u00e0 rester en bonne sant\u00e9.<\/div>\n<p>A <strong>Vetom<\/strong> <span style=\"color: red; font-weight: 800;\">4.24<\/span> augmente l'efficacit\u00e9 des m\u00e9dicaments et r\u00e9duit leurs effets secondaires n\u00e9gatifs sur le corps humain.<\/p>\n<h6>Caract\u00e9ristiques :<\/h6>\n<ul class=\"vetom-list\">\n<li>Il poss\u00e8de une forte activit\u00e9 antagoniste contre les champignons et les bact\u00e9ries pathog\u00e8nes et conditionnellement pathog\u00e8nes, des propri\u00e9t\u00e9s antivirales, prot\u00e9olytiques, amy lytiques et cellulolytiques.<\/li>\n<li>stimule les facteurs cellulaires et humoraux de l'immunit\u00e9<\/li>\n<li>augmente la r\u00e9sistance non sp\u00e9cifique du corps<\/li>\n<li>stabilise la r\u00e9sistance aux allergies<\/li>\n<li>normalise le m\u00e9tabolisme<\/li>\n<li>stimule les processus de r\u00e9g\u00e9n\u00e9ration, en attaquant et en d\u00e9truisant les cellules canc\u00e9reuses et malades<\/li>\n<\/ul>","protected":false},"featured_media":6614,"comment_status":"open","ping_status":"closed","template":"","meta":[],"product_brand":[],"product_cat":[22],"product_tag":[],"class_list":{"0":"post-455","1":"product","2":"type-product","3":"status-publish","4":"has-post-thumbnail","6":"product_cat-vetom-probiotikumok","8":"first","9":"instock","10":"featured","11":"taxable","12":"shipping-taxable","13":"purchasable","14":"product-type-simple"},"_links":{"self":[{"href":"https:\/\/vetomshop.hu\/fr\/wp-json\/wp\/v2\/product\/455","targetHints":{"allow":["GET"]}}],"collection":[{"href":"https:\/\/vetomshop.hu\/fr\/wp-json\/wp\/v2\/product"}],"about":[{"href":"https:\/\/vetomshop.hu\/fr\/wp-json\/wp\/v2\/types\/product"}],"replies":[{"embeddable":true,"href":"https:\/\/vetomshop.hu\/fr\/wp-json\/wp\/v2\/comments?post=455"}],"wp:featuredmedia":[{"embeddable":true,"href":"https:\/\/vetomshop.hu\/fr\/wp-json\/wp\/v2\/media\/6614"}],"wp:attachment":[{"href":"https:\/\/vetomshop.hu\/fr\/wp-json\/wp\/v2\/media?parent=455"}],"wp:term":[{"taxonomy":"product_brand","embeddable":true,"href":"https:\/\/vetomshop.hu\/fr\/wp-json\/wp\/v2\/product_brand?post=455"},{"taxonomy":"product_cat","embeddable":true,"href":"https:\/\/vetomshop.hu\/fr\/wp-json\/wp\/v2\/product_cat?post=455"},{"taxonomy":"product_tag","embeddable":true,"href":"https:\/\/vetomshop.hu\/fr\/wp-json\/wp\/v2\/product_tag?post=455"}],"curies":[{"name":"wp","href":"https:\/\/api.w.org\/{rel}","templated":true}]}}