{"id":4664,"date":"2023-11-11T14:33:45","date_gmt":"2023-11-11T13:33:45","guid":{"rendered":"https:\/\/vetomshop.hu\/termek\/aphrodita-medal\/"},"modified":"2023-11-11T14:33:45","modified_gmt":"2023-11-11T13:33:45","slug":"aphrodita-medal","status":"publish","type":"product","link":"https:\/\/vetomshop.hu\/fr\/produit\/aphrodita-medal\/","title":{"rendered":"Pendentif Aphrodite"},"content":{"rendered":"<p><strong>Pendentif Aphrodite<\/strong><\/p>\n<p>Gr\u00e2ce \u00e0 la technologie BioTrEM, il est d\u00e9sormais possible de cr\u00e9er un motif spectral de nature sp\u00e9cifique sur un cristal sp\u00e9cial. Lorsque des quanta d'\u00e9nergie arbitraires - m\u00eame de la chaleur - entrent en contact avec la surface du cristal, le g\u00e9n\u00e9rateur \u00e9met des signaux extr\u00eamement faibles du motif spectral qui y est enregistr\u00e9.<br \/>\nPendant ce temps, le rayonnement \u00e9lectromagn\u00e9tique du pendentif interagit avec l'organisme vivant.<\/p>\n<div class=\"su-spoiler su-spoiler-style-defoult su-spoiler-icon-caret su-spoiler-closed\" data-scroll-offset=\"0\" data-anchor-in-url=\"no\"><div class=\"su-spoiler-title\" tabindex=\"0\" role=\"button\"><span class=\"su-spoiler-icon\"><\/span>Tous<\/div><div class=\"su-spoiler-content su-u-clearfix su-u-trim\">\n<p>Les signes extr\u00eamement faibles du pendentif APHRODITE stimulent la synth\u00e8se des ph\u00e9romones f\u00e9minines, les glandes sp\u00e9ciales du corps f\u00e9minin produisent plus intens\u00e9ment les ph\u00e9romones, l'androst\u00e9nol et la copuline. Plus une femme produit de ph\u00e9romones, plus elle est sexuellement attirante pour les hommes. L'androst\u00e9nol encourage les autres \u00e0 communiquer et fait en sorte que les autres vous voient plus jeune.<\/p>\n<p>La copuline est une hormone f\u00e9minine responsable de l'attractivit\u00e9 sexuelle.<\/p>\n<p>L'utilisation du pendentif APHRODITE augmente la production de ph\u00e9romones f\u00e9minines (androst\u00e9nol et copuline), ce qui augmente la production de ph\u00e9romones :<\/p>\n<ul>\n<li>attirer l'attention des hommes,<\/li>\n<li>susciter la sympathie,<\/li>\n<li>plus facile \u00e0 conna\u00eetre,<\/li>\n<li>de mieux r\u00e9ussir dans les affaires, d'avoir plus confiance en soi,<\/li>\n<li>ils cr\u00e9ent pour leur partenaire \u201ela seule et unique personne irr\u00e9sistible\u201d.<\/li>\n<\/ul>\n<p>L'androst\u00e9nol acc\u00e9l\u00e8re le d\u00e9veloppement de la sympathie, \u00e9veille un sentiment d'amiti\u00e9 chez l'interlocuteur, cr\u00e9e des sentiments romantiques, cr\u00e9e une aura de jeunesse et d'exaltation, quel que soit l'\u00e2ge !<\/p>\n<\/div><\/div>","protected":false},"excerpt":{"rendered":"<p>Aphrodita med\u00e1l A BioTrEM-technol\u00f3gi\u00e1nak k\u00f6sz\u00f6nhet\u0151en lehets\u00e9gess\u00e9 v\u00e1lt l\u00e9trehozni a speci\u00e1lis krist\u00e1lyon egy adott term\u00e9szet\u0171 spektr\u00e1lis mint\u00e1t. Amikor tetsz\u0151leges energiakvantumok \u2013 ak\u00e1r h\u0151 &#8211; \u00e9rintkezik a krist\u00e1ly fel\u00fclet\u00e9vel, a gener\u00e1tor a rajta r\u00f6gz\u00edtett spektr\u00e1lis minta extr\u00e9m gyenge jeleit bocs\u00e1jtja ki. Ek\u00f6zben a med\u00e1l elektrom\u00e1gneses sug\u00e1rz\u00e1sa k\u00f6lcs\u00f6nhat\u00e1sba ker\u00fcl az \u00e9l\u0151 szervezettel.<\/p>","protected":false},"featured_media":4663,"comment_status":"open","ping_status":"closed","template":"","meta":[],"product_brand":[],"product_cat":[33,32],"product_tag":[],"class_list":{"0":"post-4664","1":"product","2":"type-product","3":"status-publish","4":"has-post-thumbnail","6":"product_cat-egeszseg-medalok","7":"product_cat-triomed","9":"first","10":"instock","11":"taxable","12":"shipping-taxable","13":"purchasable","14":"product-type-simple"},"_links":{"self":[{"href":"https:\/\/vetomshop.hu\/fr\/wp-json\/wp\/v2\/product\/4664","targetHints":{"allow":["GET"]}}],"collection":[{"href":"https:\/\/vetomshop.hu\/fr\/wp-json\/wp\/v2\/product"}],"about":[{"href":"https:\/\/vetomshop.hu\/fr\/wp-json\/wp\/v2\/types\/product"}],"replies":[{"embeddable":true,"href":"https:\/\/vetomshop.hu\/fr\/wp-json\/wp\/v2\/comments?post=4664"}],"wp:featuredmedia":[{"embeddable":true,"href":"https:\/\/vetomshop.hu\/fr\/wp-json\/wp\/v2\/media\/4663"}],"wp:attachment":[{"href":"https:\/\/vetomshop.hu\/fr\/wp-json\/wp\/v2\/media?parent=4664"}],"wp:term":[{"taxonomy":"product_brand","embeddable":true,"href":"https:\/\/vetomshop.hu\/fr\/wp-json\/wp\/v2\/product_brand?post=4664"},{"taxonomy":"product_cat","embeddable":true,"href":"https:\/\/vetomshop.hu\/fr\/wp-json\/wp\/v2\/product_cat?post=4664"},{"taxonomy":"product_tag","embeddable":true,"href":"https:\/\/vetomshop.hu\/fr\/wp-json\/wp\/v2\/product_tag?post=4664"}],"curies":[{"name":"wp","href":"https:\/\/api.w.org\/{rel}","templated":true}]}}