{"id":4666,"date":"2023-11-11T14:33:45","date_gmt":"2023-11-11T13:33:45","guid":{"rendered":"https:\/\/vetomshop.hu\/termek\/alfa-medal\/"},"modified":"2023-11-11T14:33:45","modified_gmt":"2023-11-11T13:33:45","slug":"alfa-medal","status":"publish","type":"product","link":"https:\/\/vetomshop.hu\/fr\/produit\/alfa-medal\/","title":{"rendered":"M\u00e9daille Alpha"},"content":{"rendered":"<h4>M\u00e9daille de la sant\u00e9 ALFA<\/h4>\n<p><strong>Fonctions principales :<\/strong><\/p>\n<p>C'est un outil compl\u00e9mentaire pour normaliser le fonctionnement de la sph\u00e8re psychique et \u00e9motionnelle, il am\u00e9liore l'humeur, la motivation et la capacit\u00e9 d'action, r\u00e9duit les effets n\u00e9fastes du stress psychique et \u00e9motionnel.<\/p>\n<p><strong>Description succincte :<\/strong><\/p>\n<p>Le signal d'information enregistr\u00e9 sur le m\u00e9daillon de sant\u00e9 ALFA correspond \u00e0 la vibration \u00e9lectromagn\u00e9tique du centre qui r\u00e9git les sph\u00e8res psychiques et \u00e9motionnelles.<br \/>\nIl est bien connu que l'\u00e9tat \u00e9motionnel d'une personne, qui d\u00e9pend d'un certain nombre de facteurs externes et internes, est r\u00e9gul\u00e9 par le syst\u00e8me nerveux central.<\/p>\n<div class=\"su-spoiler su-spoiler-style-defoult su-spoiler-icon-caret su-spoiler-closed\" data-scroll-offset=\"0\" data-anchor-in-url=\"no\"><div class=\"su-spoiler-title\" tabindex=\"0\" role=\"button\"><span class=\"su-spoiler-icon\"><\/span>Tous<\/div><div class=\"su-spoiler-content su-u-clearfix su-u-trim\">\nLes premiers signes de stress sont la tension \u00e9motionnelle, les peurs, l'anxi\u00e9t\u00e9, l'agitation et une irritabilit\u00e9 accrue. Cela peut entra\u00eener des troubles du sommeil, de la fatigue, une mauvaise humeur g\u00e9n\u00e9rale et une alt\u00e9ration des fonctions cognitives (m\u00e9moire, attention, r\u00e9flexion).<\/p>\n<p>Les personnes qui subissent un stress psychologique et \u00e9motionnel chronique sont plus susceptibles d'attraper des rhumes, de faire une rechute de maladies chroniques pr\u00e9existantes (cardiopathies isch\u00e9miques, maladies du pancr\u00e9as, cystites, py\u00e9lon\u00e9phrites, annexites, prostatites, etc.).<\/p>\n<p>Les facteurs de stress sont \u00e0 l'origine de maladies psychosomatiques classiques telles que l'hypertension, l'asthme bronchique, les ulc\u00e8res gastriques, les ulc\u00e8res duod\u00e9naux, les maladies allergiques de la peau (ecz\u00e9ma, n\u00e9vrodermite) et autres, y compris les d\u00e9ficiences visuelles et auditives.<\/p>\n<p><strong>Quand utiliser la m\u00e9daille de la sant\u00e9 ALFA ?<\/strong><\/p>\n<p>L'appareil a un effet positif sur le fonctionnement de l'organisme. Il peut \u00eatre utilis\u00e9 comme dispositif d'optimisation et de correction en combinaison avec d'autres m\u00e9thodes de pr\u00e9vention et de traitement des maladies :<\/p>\n<ul>\n<li>agitation, neurasth\u00e9nie, probl\u00e8mes d'adaptation, accompagn\u00e9s d'un \u00e9tat \u00e9motionnel disharmonieux,<\/li>\n<li>une perturbation fonctionnelle du syst\u00e8me nerveux, accompagn\u00e9e de fatigue mentale, d'irritabilit\u00e9, de ralentissement et de perte de la qualit\u00e9 de la pens\u00e9e,<\/li>\n<li>l'insomnie caus\u00e9e par les crises de panique,<\/li>\n<li>dans les phases initiales et r\u00e9currentes des maladies psychosomatiques (asthme bronchique, syndrome de l'intestin sensible - IBS, cardiopathie isch\u00e9mique, hypertension, maladies de la peau et autres),<\/li>\n<li>les sympt\u00f4mes de stress psychologique et \u00e9motionnel chronique.<\/li>\n<\/ul>\n<p>Attention, c'est important !<\/p>\n<p>Consulter un m\u00e9decin en cas de baisse marqu\u00e9e de l'humeur, d'instabilit\u00e9 \u00e9motionnelle et d'irritabilit\u00e9, d'insomnie persistante qui ne dispara\u00eet pas. En compl\u00e9ment du traitement prescrit, utiliser en parall\u00e8le l'ALFA Health Medal pour renforcer l'efficacit\u00e9 du traitement et les capacit\u00e9s de r\u00e9adaptation de l'organisme.<br \/>\n<\/div><\/div>","protected":false},"excerpt":{"rendered":"<p>ALFA Eg\u00e9szs\u00e9g Med\u00e1l F\u0151 funkci\u00f3i: Kieg\u00e9sz\u00edt\u0151 eszk\u00f6z a pszich\u00e9s \u00e9s \u00e9rzelmi szf\u00e9ra m\u0171k\u00f6d\u00e9s\u00e9nek normaliz\u00e1l\u00e1s\u00e1ra, hangulatjav\u00edt\u00f3, motiv\u00e1ci\u00f3 \u00e9s cselekv\u0151k\u00e9pess\u00e9g n\u00f6vel\u0151, cs\u00f6kkenti a pszich\u00e9s \u00e9s \u00e9rzelmi stressz \u00e1ldatlan hat\u00e1sait. R\u00f6vid ismertet\u0151: Az inform\u00e1ci\u00f3s jel, mely az ALFA Eg\u00e9szs\u00e9g Med\u00e1lra r\u00f6gz\u00edt\u00e9sre ker\u00fclt, megfelel a pszich\u00e9s \u00e9s \u00e9rzelmi szf\u00e9r\u00e1kat szab\u00e1lyoz\u00f3 k\u00f6zpont elektrom\u00e1gneses rezg\u00e9s\u00e9nek. K\u00f6ztudott, hogy az ember \u00e9rzelmi \u00e1llapota, [&hellip;]<\/p>\n","protected":false},"featured_media":4665,"comment_status":"open","ping_status":"closed","template":"","meta":[],"product_brand":[],"product_cat":[33,32],"product_tag":[],"class_list":{"0":"post-4666","1":"product","2":"type-product","3":"status-publish","4":"has-post-thumbnail","6":"product_cat-egeszseg-medalok","7":"product_cat-triomed","9":"first","10":"instock","11":"taxable","12":"shipping-taxable","13":"purchasable","14":"product-type-simple"},"_links":{"self":[{"href":"https:\/\/vetomshop.hu\/fr\/wp-json\/wp\/v2\/product\/4666","targetHints":{"allow":["GET"]}}],"collection":[{"href":"https:\/\/vetomshop.hu\/fr\/wp-json\/wp\/v2\/product"}],"about":[{"href":"https:\/\/vetomshop.hu\/fr\/wp-json\/wp\/v2\/types\/product"}],"replies":[{"embeddable":true,"href":"https:\/\/vetomshop.hu\/fr\/wp-json\/wp\/v2\/comments?post=4666"}],"wp:featuredmedia":[{"embeddable":true,"href":"https:\/\/vetomshop.hu\/fr\/wp-json\/wp\/v2\/media\/4665"}],"wp:attachment":[{"href":"https:\/\/vetomshop.hu\/fr\/wp-json\/wp\/v2\/media?parent=4666"}],"wp:term":[{"taxonomy":"product_brand","embeddable":true,"href":"https:\/\/vetomshop.hu\/fr\/wp-json\/wp\/v2\/product_brand?post=4666"},{"taxonomy":"product_cat","embeddable":true,"href":"https:\/\/vetomshop.hu\/fr\/wp-json\/wp\/v2\/product_cat?post=4666"},{"taxonomy":"product_tag","embeddable":true,"href":"https:\/\/vetomshop.hu\/fr\/wp-json\/wp\/v2\/product_tag?post=4666"}],"curies":[{"name":"wp","href":"https:\/\/api.w.org\/{rel}","templated":true}]}}