{"id":4668,"date":"2023-11-11T14:33:46","date_gmt":"2023-11-11T13:33:46","guid":{"rendered":"https:\/\/vetomshop.hu\/termek\/ambrozia-medal\/"},"modified":"2023-11-11T14:33:46","modified_gmt":"2023-11-11T13:33:46","slug":"ambrozia-medal","status":"publish","type":"product","link":"https:\/\/vetomshop.hu\/fr\/produit\/ambrozia-medal\/","title":{"rendered":"M\u00e9daille Ambrosia"},"content":{"rendered":"<h4>M\u00e9daille Ambrosia<\/h4>\n<p>L'ambroisie \u00e0 feuilles d'armoise, ou simplement l'ambroisie (Ambrosia artemisiifolia), appel\u00e9e \u00e0 tort chanvre sauvage, est une esp\u00e8ce de mauvaise herbe de la famille des Asteraceae, dans la tribu des Helianthinae. On la trouve chaque ann\u00e9e en tr\u00e8s grand nombre dans les champs cultiv\u00e9s et autres zones perturb\u00e9es de Hongrie.<\/p>\n<p>C'est l'une de nos mauvaises herbes les plus connues et les plus controvers\u00e9es : certaines personnes la reconnaissent uniquement pour ses mauvaises propri\u00e9t\u00e9s allerg\u00e8nes, tandis que d'autres la v\u00e9n\u00e8rent comme une plante m\u00e9dicinale et la consomment r\u00e9guli\u00e8rement.<\/p>\n<div class=\"su-spoiler su-spoiler-style-defoult su-spoiler-icon-caret su-spoiler-closed\" data-scroll-offset=\"0\" data-anchor-in-url=\"no\"><div class=\"su-spoiler-title\" tabindex=\"0\" role=\"button\"><span class=\"su-spoiler-icon\"><\/span>Tous<\/div><div class=\"su-spoiler-content su-u-clearfix su-u-trim\">\nPourquoi cette plante provoque-t-elle des sympt\u00f4mes d'allergie chez certaines personnes ? Une chose est s\u00fbre : les agriculteurs n'ont jamais eu d'allergies au pollen ou \u00e0 l'ambroisie. Il faudra peut-\u00eatre attendre des d\u00e9cennies pour obtenir une r\u00e9ponse claire, mais des sympt\u00f4mes allergiques d\u00e9sagr\u00e9ables peuvent r\u00e9appara\u00eetre ann\u00e9e apr\u00e8s ann\u00e9e et il serait bon de trouver une solution. En attendant de conna\u00eetre les r\u00e9ponses \u00e0 ces questions, rappelons le postulat de la naturopathie : soigner une morsure de chien avec les poils du chien, c'est-\u00e0-dire se soigner avec ce qui nous fait mal. L'Ambrosia Medallion contient le spectre \u00e9lectromagn\u00e9tique de l'ambroisie vivante, captur\u00e9 \u00e0 l'aide de la technologie sp\u00e9ciale BioTrEm.<br \/>\n<\/div><\/div>","protected":false},"excerpt":{"rendered":"<p>Ambr\u00f3zia Med\u00e1l Az \u00fcr\u00f6mlevel\u0171 parlagf\u0171, vagy egyszer\u0171en parlagf\u0171 (Ambrosia artemisiifolia), t\u00e9vesen vadkender a f\u00e9szkesek (Asteraceae) csal\u00e1dj\u00e1ba tartozik, annak Helianthinae tribusz\u00e1ba tartoz\u00f3 gyomn\u00f6v\u00e9nyfaj. A parlagf\u0171 Magyarorsz\u00e1g sz\u00e1nt\u00f3f\u00f6ldjein \u00e9s egy\u00e9b bolygatott ter\u00fcletein \u00e9vr\u0151l \u00e9vre \u00f3ri\u00e1si sz\u00e1mban jelenik meg. Egyik legismertebb \u00e9s legellentmond\u00e1sosabb meg\u00edt\u00e9l\u00e9s\u0171 gyomn\u00f6v\u00e9ny\u00fcnk: vannak, akik kiz\u00e1r\u00f3lag rossz, allergiz\u00e1l\u00f3 tulajdons\u00e1gait ismerik el, \u00e9s vannak, akik gy\u00f3gyn\u00f6v\u00e9nyk\u00e9nt tisztelik, [&hellip;]<\/p>\n","protected":false},"featured_media":4667,"comment_status":"open","ping_status":"closed","template":"","meta":[],"product_brand":[],"product_cat":[33,32],"product_tag":[],"class_list":{"0":"post-4668","1":"product","2":"type-product","3":"status-publish","4":"has-post-thumbnail","6":"product_cat-egeszseg-medalok","7":"product_cat-triomed","9":"first","10":"instock","11":"taxable","12":"shipping-taxable","13":"purchasable","14":"product-type-simple"},"_links":{"self":[{"href":"https:\/\/vetomshop.hu\/fr\/wp-json\/wp\/v2\/product\/4668","targetHints":{"allow":["GET"]}}],"collection":[{"href":"https:\/\/vetomshop.hu\/fr\/wp-json\/wp\/v2\/product"}],"about":[{"href":"https:\/\/vetomshop.hu\/fr\/wp-json\/wp\/v2\/types\/product"}],"replies":[{"embeddable":true,"href":"https:\/\/vetomshop.hu\/fr\/wp-json\/wp\/v2\/comments?post=4668"}],"wp:featuredmedia":[{"embeddable":true,"href":"https:\/\/vetomshop.hu\/fr\/wp-json\/wp\/v2\/media\/4667"}],"wp:attachment":[{"href":"https:\/\/vetomshop.hu\/fr\/wp-json\/wp\/v2\/media?parent=4668"}],"wp:term":[{"taxonomy":"product_brand","embeddable":true,"href":"https:\/\/vetomshop.hu\/fr\/wp-json\/wp\/v2\/product_brand?post=4668"},{"taxonomy":"product_cat","embeddable":true,"href":"https:\/\/vetomshop.hu\/fr\/wp-json\/wp\/v2\/product_cat?post=4668"},{"taxonomy":"product_tag","embeddable":true,"href":"https:\/\/vetomshop.hu\/fr\/wp-json\/wp\/v2\/product_tag?post=4668"}],"curies":[{"name":"wp","href":"https:\/\/api.w.org\/{rel}","templated":true}]}}