{"id":4670,"date":"2023-11-11T14:33:46","date_gmt":"2023-11-11T13:33:46","guid":{"rendered":"https:\/\/vetomshop.hu\/termek\/antivir-medal\/"},"modified":"2023-11-11T14:33:46","modified_gmt":"2023-11-11T13:33:46","slug":"antivir-medal","status":"publish","type":"product","link":"https:\/\/vetomshop.hu\/fr\/produit\/antivir-medal\/","title":{"rendered":"M\u00e9daille Antivir"},"content":{"rendered":"<h4>M\u00e9daille Antivir<\/h4>\n<p>La grippe est une maladie caus\u00e9e par le virus de la grippe, qui est toujours caus\u00e9 par un type de virus de la grippe. Les virus de la grippe A et B sont les deux types de virus de la grippe qui peuvent rendre les gens malades en grand nombre. Les virus A peuvent \u00eatre divis\u00e9s en sous-types en fonction des prot\u00e9ines pr\u00e9sentes \u00e0 leur surface (h\u00e9magglutinine - H et neuraminidase - N), dont les virus H1N1 et H3N2 sont les plus courants depuis 1977. Les virus B sont moins susceptibles de provoquer des maladies graves. Les virus de la grippe changent et mutent rapidement, donnant naissance \u00e0 de nouveaux sous-types. La protection contre un sous-type ne prot\u00e8ge pas ou peu contre l'autre, ce qui explique les \u00e9pid\u00e9mies saisonni\u00e8res qui se produisent chaque ann\u00e9e, g\u00e9n\u00e9ralement en hiver.<\/p>\n<div class=\"su-spoiler su-spoiler-style-defoult su-spoiler-icon-caret su-spoiler-closed\" data-scroll-offset=\"0\" data-anchor-in-url=\"no\"><div class=\"su-spoiler-title\" tabindex=\"0\" role=\"button\"><span class=\"su-spoiler-icon\"><\/span>Tous<\/div><div class=\"su-spoiler-content su-u-clearfix su-u-trim\">\n<p>Les sympt\u00f4mes de la grippe sont \u00e0 peu pr\u00e8s les m\u00eames que ceux du rhume, mais la maladie est plus grave. Elle est g\u00e9n\u00e9ralement associ\u00e9e \u00e0 une forte fi\u00e8vre, des maux de t\u00eate, des douleurs musculaires, une toux s\u00e8che, une l\u00e9thargie et une faiblesse. Les maux de gorge sont rares et seuls 30-50% les cas d'\u00e9coulement nasal et de congestion nasale sont observ\u00e9s. Les complications sont particuli\u00e8rement dangereuses chez les jeunes enfants, les personnes \u00e2g\u00e9es et les personnes souffrant de maladies chroniques.<\/p>\n<p>C'est pourquoi il est important d'augmenter la r\u00e9sistance de l'organisme.<\/p>\n<p><strong>Pour qui est-il recommand\u00e9 ?<\/strong><\/p>\n<ul>\n<li>Pour tous ceux qui veulent am\u00e9liorer leur r\u00e9silience,<\/li>\n<li>qui font partie du groupe \u00e0 risque du virus de la grippe,<\/li>\n<li>qui voyagent beaucoup dans le monde ou utilisent les transports publics,<\/li>\n<li>ils sont constamment dans la communaut\u00e9, travaillant avec les gens.<\/li>\n<\/ul>\n<p><strong>Attention, c'est important !<\/strong><\/p>\n<p>En cas d'infection par le virus de la grippe, de maladie, de fi\u00e8vre ou de malaise, consultez un m\u00e9decin. Utilisez Triomed Antiviral Medal en m\u00eame temps que le traitement prescrit.<br \/>\nLes enfants de moins de 6 ans ne doivent \u00eatre utilis\u00e9s que sous la surveillance de leurs parents !<\/p>\n<\/div><\/div>","protected":false},"excerpt":{"rendered":"<p>Antivir Med\u00e1l Az influenza v\u00edrus okozta betegs\u00e9g, k\u00f3rokoz\u00f3ja mindig az influenza v\u00edrus valamelyik fajt\u00e1ja. Az influenza A \u00e9s B az a k\u00e9t t\u00edpusa az influenza v\u00edrusoknak, amely nagysz\u00e1mbanbeteg\u00edthet meg embereket. Az A v\u00edrusokat a fel\u00fclet\u00fck\u00f6n elhelyezked\u0151 feh\u00e9rj\u00e9k (a haemaglutinin -H \u00e9s a neuraminidase \u2013 N) alapj\u00e1n alt\u00edpusokra lehet bontani, ezek k\u00f6z\u00fcl 1977 \u00f3ta t\u00f6bbnyire a [&hellip;]<\/p>\n","protected":false},"featured_media":4669,"comment_status":"open","ping_status":"closed","template":"","meta":[],"product_brand":[],"product_cat":[33,32],"product_tag":[],"class_list":{"0":"post-4670","1":"product","2":"type-product","3":"status-publish","4":"has-post-thumbnail","6":"product_cat-egeszseg-medalok","7":"product_cat-triomed","9":"first","10":"instock","11":"taxable","12":"shipping-taxable","13":"purchasable","14":"product-type-simple"},"_links":{"self":[{"href":"https:\/\/vetomshop.hu\/fr\/wp-json\/wp\/v2\/product\/4670","targetHints":{"allow":["GET"]}}],"collection":[{"href":"https:\/\/vetomshop.hu\/fr\/wp-json\/wp\/v2\/product"}],"about":[{"href":"https:\/\/vetomshop.hu\/fr\/wp-json\/wp\/v2\/types\/product"}],"replies":[{"embeddable":true,"href":"https:\/\/vetomshop.hu\/fr\/wp-json\/wp\/v2\/comments?post=4670"}],"wp:featuredmedia":[{"embeddable":true,"href":"https:\/\/vetomshop.hu\/fr\/wp-json\/wp\/v2\/media\/4669"}],"wp:attachment":[{"href":"https:\/\/vetomshop.hu\/fr\/wp-json\/wp\/v2\/media?parent=4670"}],"wp:term":[{"taxonomy":"product_brand","embeddable":true,"href":"https:\/\/vetomshop.hu\/fr\/wp-json\/wp\/v2\/product_brand?post=4670"},{"taxonomy":"product_cat","embeddable":true,"href":"https:\/\/vetomshop.hu\/fr\/wp-json\/wp\/v2\/product_cat?post=4670"},{"taxonomy":"product_tag","embeddable":true,"href":"https:\/\/vetomshop.hu\/fr\/wp-json\/wp\/v2\/product_tag?post=4670"}],"curies":[{"name":"wp","href":"https:\/\/api.w.org\/{rel}","templated":true}]}}