{"id":4672,"date":"2023-11-11T14:33:46","date_gmt":"2023-11-11T13:33:46","guid":{"rendered":"https:\/\/vetomshop.hu\/termek\/aqua-medal\/"},"modified":"2023-11-11T14:33:46","modified_gmt":"2023-11-11T13:33:46","slug":"aqua-medal","status":"publish","type":"product","link":"https:\/\/vetomshop.hu\/fr\/produit\/aqua-medal\/","title":{"rendered":"Aqua Medal"},"content":{"rendered":"<p><strong>Aqua Medal<\/strong> - L'eau vitale est vivifiante, revigorante et active la vie, elle r\u00e9tablit l'\u00e9nergie vitale.<\/p>\n<p>C'est pr\u00e9cis\u00e9ment l'objectif du support d'information autonome AQUA-BioTrEM. Gr\u00e2ce \u00e0 la technologie exclusive BioTrEM, le semi-conducteur de l'appareil contient des informations cod\u00e9es de nature dynamique qui permettent d'obtenir l'effet \u00e9num\u00e9r\u00e9. Une propri\u00e9t\u00e9 similaire se retrouve dans les ressources qui deviennent malheureusement de plus en plus rares sur Terre et qui conservent miraculeusement leur puret\u00e9.<\/p>\n<div class=\"su-spoiler su-spoiler-style-defoult su-spoiler-icon-caret su-spoiler-closed\" data-scroll-offset=\"0\" data-anchor-in-url=\"no\"><div class=\"su-spoiler-title\" tabindex=\"0\" role=\"button\"><span class=\"su-spoiler-icon\"><\/span>Tous<\/div><div class=\"su-spoiler-content su-u-clearfix su-u-trim\">\n<p>Le d\u00e9veloppement de ce dispositif a \u00e9t\u00e9 rendu n\u00e9cessaire par l'\u00e9volution des conditions de notre \u00e9poque. Ces derni\u00e8res ann\u00e9es, le secteur de la sant\u00e9 s'est inqui\u00e9t\u00e9 de l'augmentation de la morbidit\u00e9 et de la mortalit\u00e9, non seulement chez les enfants et les personnes \u00e2g\u00e9es, mais aussi dans la population active. Malheureusement, nous assistons \u00e0 un affaiblissement du syst\u00e8me immunitaire et \u00e0 une perte de l'\u00e9nergie vitale, qui est essentielle pour lutter contre la maladie et pour la r\u00e9habilitation. En d'autres termes, les programmes n\u00e9cessaires \u00e0 l'adaptation \u00e0 un environnement modifi\u00e9 et \u00e0 l'autor\u00e9g\u00e9n\u00e9ration ont \u00e9t\u00e9 endommag\u00e9s ou r\u00e9organis\u00e9s. Les changements cosmophysiques croissants exigent une capacit\u00e9 de r\u00e9g\u00e9n\u00e9ration et de r\u00e9cup\u00e9ration rapide des programmes g\u00e9n\u00e9tiques d'adaptation et d'auto-gu\u00e9rison endommag\u00e9s. Dans le cas contraire, la survie de l'individu, voire de l'humanit\u00e9 tout enti\u00e8re, pourrait \u00eatre menac\u00e9e.<\/p>\n<p>L'eau - le berceau de la vie, qui a longtemps pr\u00e9serv\u00e9 la matrice primaire de la vie et l'orientation de ses variations en r\u00e9ponse aux influences environnementales. L'eau s'adapte et se transforme plus rapidement en r\u00e9ponse aux impacts et aux exigences de l'environnement que les organismes biologiques, l'environnement biologique. L'enveloppe d'eau de la Terre a toujours pr\u00e9serv\u00e9 les programmes originaux d'autor\u00e9g\u00e9n\u00e9ration et leur potentiel de r\u00e9alisation, qui ont interagi avec le milieu aqueux des organismes pour devenir op\u00e9rationnels. Dans le m\u00eame temps, les \u00e9cologistes ont observ\u00e9 que les propri\u00e9t\u00e9s structurelles et informationnelles des eaux naturelles qui alimentaient l'enveloppe hydrique de la Terre ont \u00e9t\u00e9 compromises. Cette d\u00e9gradation n'est pas seulement due \u00e0 des changements cosmophysiques, mais aussi aux actions destructrices de l'esp\u00e8ce humaine. C'est ce qui emp\u00eache les changements \u00e9volutifs vitaux de se produire et la poursuite de la vie sur Terre.<\/p>\n<p>Le champ multiplan complexe du support d'information AQUA est con\u00e7u comme une r\u00e9f\u00e9rence pour s'adapter aux nouveaux changements \u00e0 haute fr\u00e9quence de l'environnement et d\u00e9clencher les programmes n\u00e9cessaires \u00e0 la transition dans l'eau. L'appareil structure le champ de l'eau et l'eau, en r\u00e9sonance avec le milieu aqueux du corps (sang, lymphe, liquide intercellulaire, liquide dans les cellules), le structure \u201e\u00e0 son image\u201d. D\u00e8s que la r\u00e9gularit\u00e9 interne de l'eau d\u00e9passe 60%, le programme g\u00e9n\u00e9tique d'auto-r\u00e9g\u00e9n\u00e9ration du corps se d\u00e9clenche.<br \/>\n<\/div><\/div>","protected":false},"excerpt":{"rendered":"<p>Aqua Med\u00e1l \u2013 az \u00e9letalkot\u00f3 v\u00edz \u00e9letet ad, \u00e9l\u00e9nk\u00edt, \u00e9letmeg\u00f3v\u00f3, valamint aktiv\u00e1l\u00f3, \u00e9letenergi\u00e1t vissza\u00e1ll\u00edt\u00f3 hat\u00e1ssal b\u00edr. \u00c9ppen ezt a c\u00e9lt szolg\u00e1lja az AQUA \u2013BioTrEM \u00f6n\u00e1ll\u00f3 inform\u00e1ci\u00f3hordoz\u00f3 alkalmaz\u00e1sa. Az exkluz\u00edv BioTrEM-technol\u00f3gi\u00e1nak k\u00f6sz\u00f6nhet\u0151en a k\u00e9sz\u00fcl\u00e9k f\u00e9lvezet\u0151je olyan k\u00f3dolt inform\u00e1ci\u00f3t tartalmaz, mely dinamikus term\u00e9szettel b\u00edr \u00e9s seg\u00edts\u00e9g\u00e9vel a felsorolt hat\u00e1s el\u00e9rhet\u0151v\u00e9 v\u00e1lik. Hasonl\u00f3 tulajdons\u00e1ggal rendelkeznek a F\u00f6ld\u00f6n sajnos [&hellip;]<\/p>\n","protected":false},"featured_media":4671,"comment_status":"open","ping_status":"closed","template":"","meta":[],"product_brand":[],"product_cat":[33,32],"product_tag":[],"class_list":{"0":"post-4672","1":"product","2":"type-product","3":"status-publish","4":"has-post-thumbnail","6":"product_cat-egeszseg-medalok","7":"product_cat-triomed","9":"first","10":"instock","11":"taxable","12":"shipping-taxable","13":"purchasable","14":"product-type-simple"},"_links":{"self":[{"href":"https:\/\/vetomshop.hu\/fr\/wp-json\/wp\/v2\/product\/4672","targetHints":{"allow":["GET"]}}],"collection":[{"href":"https:\/\/vetomshop.hu\/fr\/wp-json\/wp\/v2\/product"}],"about":[{"href":"https:\/\/vetomshop.hu\/fr\/wp-json\/wp\/v2\/types\/product"}],"replies":[{"embeddable":true,"href":"https:\/\/vetomshop.hu\/fr\/wp-json\/wp\/v2\/comments?post=4672"}],"wp:featuredmedia":[{"embeddable":true,"href":"https:\/\/vetomshop.hu\/fr\/wp-json\/wp\/v2\/media\/4671"}],"wp:attachment":[{"href":"https:\/\/vetomshop.hu\/fr\/wp-json\/wp\/v2\/media?parent=4672"}],"wp:term":[{"taxonomy":"product_brand","embeddable":true,"href":"https:\/\/vetomshop.hu\/fr\/wp-json\/wp\/v2\/product_brand?post=4672"},{"taxonomy":"product_cat","embeddable":true,"href":"https:\/\/vetomshop.hu\/fr\/wp-json\/wp\/v2\/product_cat?post=4672"},{"taxonomy":"product_tag","embeddable":true,"href":"https:\/\/vetomshop.hu\/fr\/wp-json\/wp\/v2\/product_tag?post=4672"}],"curies":[{"name":"wp","href":"https:\/\/api.w.org\/{rel}","templated":true}]}}