{"id":4674,"date":"2023-11-11T14:33:46","date_gmt":"2023-11-11T13:33:46","guid":{"rendered":"https:\/\/vetomshop.hu\/termek\/artro-medal\/"},"modified":"2026-03-30T09:26:16","modified_gmt":"2026-03-30T07:26:16","slug":"artro-medal","status":"publish","type":"product","link":"https:\/\/vetomshop.hu\/fr\/produit\/artro-medal\/","title":{"rendered":"Pendentif Artro"},"content":{"rendered":"<p>Le pendentif de sant\u00e9 \u00abARTRO\u00bb est un appareil permettant d'affiner sur le plan biophysique les processus anti-inflammatoires, immunomodulateurs, r\u00e9g\u00e9n\u00e9rateurs et r\u00e9parateurs dans les tissus du syst\u00e8me d'organes de soutien et de mouvement.<\/p>\n<p><strong>Objet.<\/strong> Aide \u00e0 l'am\u00e9lioration de l'\u00e9tat du syst\u00e8me des organes de soutien et de mouvement, en activant les processus de restauration.<\/p>\n<div class=\"su-spoiler su-spoiler-style-defoult su-spoiler-icon-caret su-spoiler-closed\" data-scroll-offset=\"0\" data-anchor-in-url=\"no\"><div class=\"su-spoiler-title\" tabindex=\"0\" role=\"button\"><span class=\"su-spoiler-icon\"><\/span>Tous<\/div><div class=\"su-spoiler-content su-u-clearfix su-u-trim\">\n<strong>Effets :<\/strong><\/p>\n<ul>\n<li>normalise la circulation sanguine, l'\u00e9tat immunitaire et les processus m\u00e9taboliques dans l'appareil locomoteur, pr\u00e9venant ainsi le d\u00e9veloppement de maladies ;<\/li>\n<li>contribue \u00e0 am\u00e9liorer les fonctions du syst\u00e8me d'organes de soutien et de mouvement ;<\/li>\n<li>r\u00e9duit l'inflammation et la congestion du syst\u00e8me musculo-squelettique ;<\/li>\n<li>aide \u00e0 acc\u00e9l\u00e9rer les processus de r\u00e9g\u00e9n\u00e9ration et de reconstruction des tissus du syst\u00e8me d'organes de soutien et de mobilit\u00e9 ;<\/li>\n<li>aide \u00e0 \u00e9liminer l'inflammation des articulations, des membranes et des sacs articulaires, des muscles ;<\/li>\n<li>permet de pr\u00e9venir ou de compenser la d\u00e9formation ou l'atrophie des os et du complexe musculo-articulaire.<\/li>\n<\/ul>\n<\/div><\/div>","protected":false},"excerpt":{"rendered":"<p>Az \u00abARTRO\u00bb eg\u00e9szs\u00e9g med\u00e1l a t\u00e1maszt\u00e1s \u00e9s mozgat\u00e1s szervrendszer sz\u00f6veteiben l\u00e9v\u0151 gyullad\u00e1selleni, immunmodul\u00e1l\u00f3, regener\u00e1l\u00f3 \u00e9s helyre\u00e1ll\u00edt\u00f3 folyamatok biofizikai finomhangol\u00e1s\u00e1ra szolg\u00e1l\u00f3 eszk\u00f6z. Rendeltet\u00e9se. A t\u00e1maszt\u00e1s \u00e9s mozgat\u00e1s szervrendszer \u00e1llapot\u00e1nak jav\u00edt\u00e1s\u00e1ra, a helyre\u00e1ll\u00edt\u00f3 folyamatok aktiviz\u00e1l\u00e1s\u00e1ra szolg\u00e1l\u00f3 seg\u00e9deszk\u00f6z.<\/p>","protected":false},"featured_media":4673,"comment_status":"open","ping_status":"closed","template":"","meta":[],"product_brand":[],"product_cat":[33,32],"product_tag":[],"class_list":{"0":"post-4674","1":"product","2":"type-product","3":"status-publish","4":"has-post-thumbnail","6":"product_cat-egeszseg-medalok","7":"product_cat-triomed","9":"first","10":"instock","11":"taxable","12":"shipping-taxable","13":"purchasable","14":"product-type-simple"},"_links":{"self":[{"href":"https:\/\/vetomshop.hu\/fr\/wp-json\/wp\/v2\/product\/4674","targetHints":{"allow":["GET"]}}],"collection":[{"href":"https:\/\/vetomshop.hu\/fr\/wp-json\/wp\/v2\/product"}],"about":[{"href":"https:\/\/vetomshop.hu\/fr\/wp-json\/wp\/v2\/types\/product"}],"replies":[{"embeddable":true,"href":"https:\/\/vetomshop.hu\/fr\/wp-json\/wp\/v2\/comments?post=4674"}],"wp:featuredmedia":[{"embeddable":true,"href":"https:\/\/vetomshop.hu\/fr\/wp-json\/wp\/v2\/media\/4673"}],"wp:attachment":[{"href":"https:\/\/vetomshop.hu\/fr\/wp-json\/wp\/v2\/media?parent=4674"}],"wp:term":[{"taxonomy":"product_brand","embeddable":true,"href":"https:\/\/vetomshop.hu\/fr\/wp-json\/wp\/v2\/product_brand?post=4674"},{"taxonomy":"product_cat","embeddable":true,"href":"https:\/\/vetomshop.hu\/fr\/wp-json\/wp\/v2\/product_cat?post=4674"},{"taxonomy":"product_tag","embeddable":true,"href":"https:\/\/vetomshop.hu\/fr\/wp-json\/wp\/v2\/product_tag?post=4674"}],"curies":[{"name":"wp","href":"https:\/\/api.w.org\/{rel}","templated":true}]}}