{"id":4676,"date":"2023-11-11T14:33:47","date_gmt":"2023-11-11T13:33:47","guid":{"rendered":"https:\/\/vetomshop.hu\/termek\/beauty-medal\/"},"modified":"2023-11-11T14:33:47","modified_gmt":"2023-11-11T13:33:47","slug":"beauty-medal","status":"publish","type":"product","link":"https:\/\/vetomshop.hu\/fr\/produit\/beauty-medal\/","title":{"rendered":"Pendentif beaut\u00e9"},"content":{"rendered":"<h4>Pendentif beaut\u00e9<\/h4>\n<p>Gr\u00e2ce \u00e0 la technologie BioTrEM, il est d\u00e9sormais possible de cr\u00e9er un motif spectral de nature sp\u00e9cifique sur un cristal sp\u00e9cial. Lorsque des quanta d'\u00e9nergie arbitraires - m\u00eame de la chaleur - entrent en contact avec la surface du cristal, le g\u00e9n\u00e9rateur \u00e9met des signaux extr\u00eamement faibles du motif spectral qui y est enregistr\u00e9. Pendant ce temps, le rayonnement \u00e9lectromagn\u00e9tique du pendentif interagit avec l'organisme vivant.<\/p>\n<p>L'objectif principal de la m\u00e9daille \u201eBEAUTY\u201d est de restaurer les processus physiologiques normaux dans les cellules et les tissus de la peau, en augmentant la r\u00e9sistance aux facteurs environnementaux d\u00e9favorables.<\/p>\n<p>Cet outil a un effet positif sur la peau du visage et du corps, les cheveux et les ongles.<\/p>\n<div class=\"su-spoiler su-spoiler-style-defoult su-spoiler-icon-caret su-spoiler-closed\" data-scroll-offset=\"0\" data-anchor-in-url=\"no\"><div class=\"su-spoiler-title\" tabindex=\"0\" role=\"button\"><span class=\"su-spoiler-icon\"><\/span>Tous<\/div><div class=\"su-spoiler-content su-u-clearfix su-u-trim\">\nEffets :<\/p>\n<ul>\n<li>Il aide \u00e0 restaurer le m\u00e9tabolisme intracellulaire endommag\u00e9 de la peau.<\/li>\n<li>Il stimule la production naturelle de collag\u00e8ne et d'\u00e9lastine.<\/li>\n<li>Pr\u00e9vient l'affaiblissement des tissus cutan\u00e9s.<\/li>\n<li>Am\u00e9liore la microcirculation et l'\u00e9lasticit\u00e9 de la peau.<\/li>\n<li>Affine et renforce les tissus cutan\u00e9s.<\/li>\n<li>Ralentit le vieillissement, rajeunit la peau.<\/li>\n<li>Am\u00e9liore le teint et la couleur de la peau.<\/li>\n<li>Aide \u00e0 renforcer les cheveux et les ongles.<\/li>\n<\/ul>\n<\/div><\/div>","protected":false},"excerpt":{"rendered":"<p>Beauty Med\u00e1l A BioTrEM-technol\u00f3gi\u00e1nak k\u00f6sz\u00f6nhet\u0151en lehets\u00e9gess\u00e9 v\u00e1lt l\u00e9trehozni a speci\u00e1lis krist\u00e1lyon egy adott term\u00e9szet\u0171 spektr\u00e1lis mint\u00e1t. Amikor tetsz\u0151leges energiakvantumok \u2013 ak\u00e1r h\u0151 &#8211; \u00e9rintkezik a krist\u00e1ly fel\u00fclet\u00e9vel, a gener\u00e1tor a rajta r\u00f6gz\u00edtett spektr\u00e1lis minta extr\u00e9m gyenge jeleit bocs\u00e1jtja ki. Ek\u00f6zben a med\u00e1l elektrom\u00e1gneses sug\u00e1rz\u00e1sa k\u00f6lcs\u00f6nhat\u00e1sba ker\u00fcl az \u00e9l\u0151 szervezettel. A &#8222;BEAUTY&#8221; Med\u00e1l f\u0151 c\u00e9lja a [&hellip;]<\/p>\n","protected":false},"featured_media":4675,"comment_status":"open","ping_status":"closed","template":"","meta":[],"product_brand":[],"product_cat":[33,32],"product_tag":[],"class_list":{"0":"post-4676","1":"product","2":"type-product","3":"status-publish","4":"has-post-thumbnail","6":"product_cat-egeszseg-medalok","7":"product_cat-triomed","9":"first","10":"instock","11":"taxable","12":"shipping-taxable","13":"purchasable","14":"product-type-simple"},"_links":{"self":[{"href":"https:\/\/vetomshop.hu\/fr\/wp-json\/wp\/v2\/product\/4676","targetHints":{"allow":["GET"]}}],"collection":[{"href":"https:\/\/vetomshop.hu\/fr\/wp-json\/wp\/v2\/product"}],"about":[{"href":"https:\/\/vetomshop.hu\/fr\/wp-json\/wp\/v2\/types\/product"}],"replies":[{"embeddable":true,"href":"https:\/\/vetomshop.hu\/fr\/wp-json\/wp\/v2\/comments?post=4676"}],"wp:featuredmedia":[{"embeddable":true,"href":"https:\/\/vetomshop.hu\/fr\/wp-json\/wp\/v2\/media\/4675"}],"wp:attachment":[{"href":"https:\/\/vetomshop.hu\/fr\/wp-json\/wp\/v2\/media?parent=4676"}],"wp:term":[{"taxonomy":"product_brand","embeddable":true,"href":"https:\/\/vetomshop.hu\/fr\/wp-json\/wp\/v2\/product_brand?post=4676"},{"taxonomy":"product_cat","embeddable":true,"href":"https:\/\/vetomshop.hu\/fr\/wp-json\/wp\/v2\/product_cat?post=4676"},{"taxonomy":"product_tag","embeddable":true,"href":"https:\/\/vetomshop.hu\/fr\/wp-json\/wp\/v2\/product_tag?post=4676"}],"curies":[{"name":"wp","href":"https:\/\/api.w.org\/{rel}","templated":true}]}}