{"id":4682,"date":"2023-11-11T14:33:48","date_gmt":"2023-11-11T13:33:48","guid":{"rendered":"https:\/\/vetomshop.hu\/termek\/delfin-medal\/"},"modified":"2023-11-11T14:33:48","modified_gmt":"2023-11-11T13:33:48","slug":"delfin-medal","status":"publish","type":"product","link":"https:\/\/vetomshop.hu\/fr\/produit\/delfin-medal\/","title":{"rendered":"Pendentif dauphin"},"content":{"rendered":"<h4>M\u00e9daille de la sant\u00e9 des dauphins<\/h4>\n<p><strong>Fonction principale :<\/strong><\/p>\n<p>Un outil compl\u00e9mentaire pour harmoniser le syst\u00e8me de r\u00e9gulation du corps et soutenir le fonctionnement du syst\u00e8me nerveux central.<\/p>\n<p><strong>Soutenu par :<\/strong><\/p>\n<ul>\n<li>l'effet des analg\u00e9siques,<\/li>\n<li>normaliser la sph\u00e8re \u00e9motionnelle, ce qui contribue \u00e0 r\u00e9duire l'anxi\u00e9t\u00e9,<\/li>\n<li>les processus de pens\u00e9e,<\/li>\n<li>l'apprentissage et les comp\u00e9tences cognitives, le d\u00e9veloppement de la m\u00e9moire,<\/li>\n<li>une augmentation de la r\u00e9sistance au stress.<\/li>\n<\/ul>\n<div class=\"su-spoiler su-spoiler-style-defoult su-spoiler-icon-caret su-spoiler-closed\" data-scroll-offset=\"0\" data-anchor-in-url=\"no\"><div class=\"su-spoiler-title\" tabindex=\"0\" role=\"button\"><span class=\"su-spoiler-icon\"><\/span>Tous<\/div><div class=\"su-spoiler-content su-u-clearfix su-u-trim\">\n<p><strong>Quand le Dolphin Health Pendant est-il recommand\u00e9 ?<\/strong><\/p>\n<p>Dolphin a un effet positif sur l'\u00e9tat fonctionnel du corps et peut \u00eatre utilis\u00e9 comme outil pr\u00e9ventif et compl\u00e9mentaire \u00e0 d'autres m\u00e9thodes, comme outil correctif pour aider le corps \u00e0 fonctionner de mani\u00e8re optimale dans les cas suivants :<\/p>\n<ul>\n<li>des l\u00e9sions organiques du syst\u00e8me nerveux central, entra\u00eenant une alt\u00e9ration des fonctions cognitives et\/ou une atteinte de la sph\u00e8re \u00e9motionnelle,<\/li>\n<li>perturbation fonctionnelle du syst\u00e8me nerveux, associ\u00e9e \u00e0 une surcharge mentale, \u00e0 l'insomnie, \u00e0 la nervosit\u00e9 et \u00e0 une alt\u00e9ration des fonctions cognitives,<\/li>\n<li>le syndrome de stress chronique (apprentissage, emplois extr\u00eames et dangereux, management, etc.).<\/li>\n<\/ul>\n<\/div><\/div>","protected":false},"excerpt":{"rendered":"<p>Delfin Eg\u00e9szs\u00e9g Med\u00e1l F\u0151 funkci\u00f3ja: Kieg\u00e9sz\u00edt\u0151 eszk\u00f6z a szervezet szab\u00e1lyz\u00f3 rendszer\u00e9nek harmoniz\u00e1l\u00e1s\u00e1nak \u00e9s a k\u00f6zponti idegrendszer m\u0171k\u00f6d\u00e9s\u00e9nek t\u00e1mogat\u00e1s\u00e1ra. T\u00e1mogatja: a f\u00e1jdalomcsillap\u00edt\u00f3k hat\u00e1s\u00e1t, az \u00e9rzelmi szf\u00e9ra normaliz\u00e1l\u00e1s\u00e1t, seg\u00edt cs\u00f6kkenteni az izgatotts\u00e1got, a gondolkod\u00e1si folyamatokat, a tanul\u00e1si \u00e9s kognit\u00edv k\u00e9pess\u00e9geket, a mem\u00f3ria fejleszt\u00e9s\u00e9t, a stressz ellen\u00e1ll\u00f3 k\u00e9pess\u00e9g n\u00f6veked\u00e9s\u00e9t.<\/p>","protected":false},"featured_media":4681,"comment_status":"open","ping_status":"closed","template":"","meta":[],"product_brand":[],"product_cat":[33,32],"product_tag":[],"class_list":{"0":"post-4682","1":"product","2":"type-product","3":"status-publish","4":"has-post-thumbnail","6":"product_cat-egeszseg-medalok","7":"product_cat-triomed","9":"first","10":"instock","11":"taxable","12":"shipping-taxable","13":"purchasable","14":"product-type-simple"},"_links":{"self":[{"href":"https:\/\/vetomshop.hu\/fr\/wp-json\/wp\/v2\/product\/4682","targetHints":{"allow":["GET"]}}],"collection":[{"href":"https:\/\/vetomshop.hu\/fr\/wp-json\/wp\/v2\/product"}],"about":[{"href":"https:\/\/vetomshop.hu\/fr\/wp-json\/wp\/v2\/types\/product"}],"replies":[{"embeddable":true,"href":"https:\/\/vetomshop.hu\/fr\/wp-json\/wp\/v2\/comments?post=4682"}],"wp:featuredmedia":[{"embeddable":true,"href":"https:\/\/vetomshop.hu\/fr\/wp-json\/wp\/v2\/media\/4681"}],"wp:attachment":[{"href":"https:\/\/vetomshop.hu\/fr\/wp-json\/wp\/v2\/media?parent=4682"}],"wp:term":[{"taxonomy":"product_brand","embeddable":true,"href":"https:\/\/vetomshop.hu\/fr\/wp-json\/wp\/v2\/product_brand?post=4682"},{"taxonomy":"product_cat","embeddable":true,"href":"https:\/\/vetomshop.hu\/fr\/wp-json\/wp\/v2\/product_cat?post=4682"},{"taxonomy":"product_tag","embeddable":true,"href":"https:\/\/vetomshop.hu\/fr\/wp-json\/wp\/v2\/product_tag?post=4682"}],"curies":[{"name":"wp","href":"https:\/\/api.w.org\/{rel}","templated":true}]}}