{"id":4684,"date":"2023-11-11T14:33:48","date_gmt":"2023-11-11T13:33:48","guid":{"rendered":"https:\/\/vetomshop.hu\/termek\/detox-medal\/"},"modified":"2023-11-11T14:33:48","modified_gmt":"2023-11-11T13:33:48","slug":"detox-medal","status":"publish","type":"product","link":"https:\/\/vetomshop.hu\/fr\/produit\/detox-medal\/","title":{"rendered":"M\u00e9daillon de d\u00e9sintoxication"},"content":{"rendered":"<h4>Detox Medal s'adresse \u00e0 ceux qui souhaitent harmoniser leur corps en douceur.<\/p>\n<p>Le signal spectral enregistr\u00e9 sur le Detox Medallion favorise le fonctionnement bio\u00e9nerg\u00e9tique des organes et des syst\u00e8mes organiques.<\/h4>\n<p>Le plus grand ennemi de la jeunesse et de la sant\u00e9 est un corps plein de d\u00e9chets. Notre corps est un syst\u00e8me biologique autor\u00e9gul\u00e9, dont l'une des fonctions les plus importantes est la d\u00e9sintoxication, c'est-\u00e0-dire l'\u00e9limination des substances dont l'organisme n'a pas besoin. Cependant, la nature n'est pas pr\u00e9par\u00e9e \u00e0 une telle civilisation, \u00e0 de telles quantit\u00e9s de produits chimiques artificiels dans les aliments, l'eau et l'air. Les animaux sont nourris aux hormones de croissance et aux antibiotiques, qui p\u00e9n\u00e8trent \u00e9galement dans notre corps. Les m\u00e9taux lourds, les nitrites, les nitrates, les substances radioactives, les dioxines, les r\u00e9sidus de m\u00e9dicaments s'accumulent dans les tissus et les cellules.<\/p>\n<div class=\"su-spoiler su-spoiler-style-defoult su-spoiler-icon-caret su-spoiler-closed\" data-scroll-offset=\"0\" data-anchor-in-url=\"no\"><div class=\"su-spoiler-title\" tabindex=\"0\" role=\"button\"><span class=\"su-spoiler-icon\"><\/span>Tous<\/div><div class=\"su-spoiler-content su-u-clearfix su-u-trim\">\n<p>Les substances toxiques peuvent provenir d'une source externe, mais il peut \u00e9galement s'agir de toxines issues de processus de d\u00e9gradation internes r\u00e9sultant d'un probl\u00e8me m\u00e9tabolique. Si ce probl\u00e8me est aggrav\u00e9 par un mode de vie s\u00e9dentaire, les processus de l'organisme sont encore plus ralentis.<\/p>\n<p>Un niveau de stress \u00e9lev\u00e9 peut \u00e9galement \u00e9puiser les organes impliqu\u00e9s dans la d\u00e9sintoxication. Dans un premier temps, seule une g\u00eane est le signe d'un probl\u00e8me, mais la situation peut s'aggraver par la suite. Des maladies chroniques peuvent se d\u00e9velopper, ce qui peut avoir un impact majeur sur notre qualit\u00e9 de vie.<br \/>\n<\/div><\/div>","protected":false},"excerpt":{"rendered":"<p>Detox Med\u00e1l azok sz\u00e1m\u00e1ra k\u00e9sz\u00fclt, akik l\u00e1gyan szeretn\u00e9k a szervezet\u00fcket harmoniz\u00e1lni. A spektr\u00e1lis jel, mely a Detox Med\u00e1lon r\u00f6gz\u00edt\u00e9sre ker\u00fclt, t\u00e1mogatja a szervek \u00e9s szervrendszerek bioenergetikai m\u0171k\u00f6d\u00e9s\u00e9t. A fiatals\u00e1g \u00e9s az eg\u00e9szs\u00e9g legnagyobb ellens\u00e9ge a salakanyagokkal tel\u00edtett szervezet. Szervezet\u00fcnk egy \u00f6nszab\u00e1lyoz\u00f3 biol\u00f3giai rendszer, melynek egyik legfontosabb funkci\u00f3ja a m\u00e9regtelen\u00edt\u00e9s \u2013 kivezet\u00e9se azoknak az anyagoknak, melyekre [&hellip;]<\/p>\n","protected":false},"featured_media":4683,"comment_status":"open","ping_status":"closed","template":"","meta":[],"product_brand":[],"product_cat":[33,32],"product_tag":[],"class_list":{"0":"post-4684","1":"product","2":"type-product","3":"status-publish","4":"has-post-thumbnail","6":"product_cat-egeszseg-medalok","7":"product_cat-triomed","9":"first","10":"instock","11":"taxable","12":"shipping-taxable","13":"purchasable","14":"product-type-simple"},"_links":{"self":[{"href":"https:\/\/vetomshop.hu\/fr\/wp-json\/wp\/v2\/product\/4684","targetHints":{"allow":["GET"]}}],"collection":[{"href":"https:\/\/vetomshop.hu\/fr\/wp-json\/wp\/v2\/product"}],"about":[{"href":"https:\/\/vetomshop.hu\/fr\/wp-json\/wp\/v2\/types\/product"}],"replies":[{"embeddable":true,"href":"https:\/\/vetomshop.hu\/fr\/wp-json\/wp\/v2\/comments?post=4684"}],"wp:featuredmedia":[{"embeddable":true,"href":"https:\/\/vetomshop.hu\/fr\/wp-json\/wp\/v2\/media\/4683"}],"wp:attachment":[{"href":"https:\/\/vetomshop.hu\/fr\/wp-json\/wp\/v2\/media?parent=4684"}],"wp:term":[{"taxonomy":"product_brand","embeddable":true,"href":"https:\/\/vetomshop.hu\/fr\/wp-json\/wp\/v2\/product_brand?post=4684"},{"taxonomy":"product_cat","embeddable":true,"href":"https:\/\/vetomshop.hu\/fr\/wp-json\/wp\/v2\/product_cat?post=4684"},{"taxonomy":"product_tag","embeddable":true,"href":"https:\/\/vetomshop.hu\/fr\/wp-json\/wp\/v2\/product_tag?post=4684"}],"curies":[{"name":"wp","href":"https:\/\/api.w.org\/{rel}","templated":true}]}}