{"id":4688,"date":"2023-11-11T14:33:49","date_gmt":"2023-11-11T13:33:49","guid":{"rendered":"https:\/\/vetomshop.hu\/termek\/eros-medal-feriaknak\/"},"modified":"2023-11-11T14:33:49","modified_gmt":"2023-11-11T13:33:49","slug":"eros-medal-feriaknak","status":"publish","type":"product","link":"https:\/\/vetomshop.hu\/fr\/produit\/eros-medal-feriaknak\/","title":{"rendered":"Pendentif Eros pour hommes"},"content":{"rendered":"<p><strong>Fonction principale :<\/strong><\/p>\n<p>Outil compl\u00e9mentaire pour la pr\u00e9vention et le traitement des troubles de la copulation, traitement compl\u00e9mentaire de la perte du d\u00e9sir sexuel, des troubles \u00e9motionnels-psychologiques li\u00e9s aux rapports sexuels, outil pour l'activation des processus de r\u00e9g\u00e9n\u00e9ration dans le traitement compl\u00e9mentaire des maladies affectant la sph\u00e8re g\u00e9nitale. Il est recommand\u00e9 de l'utiliser en compl\u00e9ment de la th\u00e9rapie recommand\u00e9e par un sp\u00e9cialiste (andrologue, sexologue, endocrinologue).<\/p>\n<p><strong>Soutenu par :<\/strong><\/p>\n<ul>\n<li>la circulation sanguine, le syst\u00e8me immunitaire et le m\u00e9tabolisme, pr\u00e9venant ainsi le d\u00e9veloppement de maladies<\/li>\n<li>favorise l'am\u00e9lioration qualitative des exp\u00e9riences sexuelles,<\/li>\n<li>soutient les processus de r\u00e9g\u00e9n\u00e9ration.<\/li>\n<\/ul>\n<div class=\"su-spoiler su-spoiler-style-defoult su-spoiler-icon-caret su-spoiler-closed\" data-scroll-offset=\"0\" data-anchor-in-url=\"no\"><div class=\"su-spoiler-title\" tabindex=\"0\" role=\"button\"><span class=\"su-spoiler-icon\"><\/span>Tous<\/div><div class=\"su-spoiler-content su-u-clearfix su-u-trim\">\n<p><strong>Quand utiliser le pendentif Eros Health ?<\/strong><\/p>\n<p>L'appareil a un effet positif sur le fonctionnement de l'organisme et peut \u00eatre utilis\u00e9 comme m\u00e9thode compl\u00e9mentaire g\u00e9n\u00e9rale de promotion de la sant\u00e9, d'optimisation et de correction, en combinaison avec d'autres m\u00e9thodes, pour le traitement compl\u00e9mentaire et la pr\u00e9vention des probl\u00e8mes suivants :<\/p>\n<ul>\n<li>des probl\u00e8mes d'\u00e9rection,<\/li>\n<li>les troubles endocriniens affectant la sph\u00e8re sexuelle (diab\u00e8te, insuffisances hypothalamiques, insuffisances gonadiques)<\/li>\n<li>le syndrome de fatigue chronique (SFC)<\/li>\n<li>syndrome m\u00e9tabolique<\/li>\n<li>diminution du niveau \u00e9motionnel et de l'humeur.<\/li>\n<\/ul>\n<\/div><\/div>","protected":false},"excerpt":{"rendered":"<p>F\u0151 funkci\u00f3ja: Kieg\u00e9sz\u00edt\u0151 eszk\u00f6z a kopul\u00e1ci\u00f3s rendelleness\u00e9gek megel\u0151z\u00e9s\u00e9re \u00e9s kezel\u00e9s\u00e9re, a nemi v\u00e1gy cs\u00f6kken\u00e9s\u00e9nek, a szexu\u00e1lis aktussal kapcsolatos \u00e9rzelmi-pszich\u00e9s rendelleness\u00e9gek kieg\u00e9sz\u00edt\u0151 kezel\u00e9s\u00e9re, a regener\u00e1ci\u00f3s folyamatok aktiv\u00e1l\u00e1s\u00e1t seg\u00edt\u0151 eszk\u00f6z a nemi szf\u00e9r\u00e1t \u00e9rint\u0151 betegs\u00e9gek kieg\u00e9sz\u00edt\u0151 kezel\u00e9s\u00e9ben. Aj\u00e1nlott a szakorvos (androl\u00f3gus, szexol\u00f3gus, endokrinol\u00f3gus) \u00e1ltal javasolt ter\u00e1pia melletti alkalmaz\u00e1sa. T\u00e1mogatja: a v\u00e9rkering\u00e9st, az immunrendszer munk\u00e1j\u00e1t, az anyagcser\u00e9t, megel\u0151zve [&hellip;]<\/p>\n","protected":false},"featured_media":4687,"comment_status":"open","ping_status":"closed","template":"","meta":[],"product_brand":[],"product_cat":[33,32],"product_tag":[],"class_list":{"0":"post-4688","1":"product","2":"type-product","3":"status-publish","4":"has-post-thumbnail","6":"product_cat-egeszseg-medalok","7":"product_cat-triomed","9":"first","10":"instock","11":"taxable","12":"shipping-taxable","13":"purchasable","14":"product-type-simple"},"_links":{"self":[{"href":"https:\/\/vetomshop.hu\/fr\/wp-json\/wp\/v2\/product\/4688","targetHints":{"allow":["GET"]}}],"collection":[{"href":"https:\/\/vetomshop.hu\/fr\/wp-json\/wp\/v2\/product"}],"about":[{"href":"https:\/\/vetomshop.hu\/fr\/wp-json\/wp\/v2\/types\/product"}],"replies":[{"embeddable":true,"href":"https:\/\/vetomshop.hu\/fr\/wp-json\/wp\/v2\/comments?post=4688"}],"wp:featuredmedia":[{"embeddable":true,"href":"https:\/\/vetomshop.hu\/fr\/wp-json\/wp\/v2\/media\/4687"}],"wp:attachment":[{"href":"https:\/\/vetomshop.hu\/fr\/wp-json\/wp\/v2\/media?parent=4688"}],"wp:term":[{"taxonomy":"product_brand","embeddable":true,"href":"https:\/\/vetomshop.hu\/fr\/wp-json\/wp\/v2\/product_brand?post=4688"},{"taxonomy":"product_cat","embeddable":true,"href":"https:\/\/vetomshop.hu\/fr\/wp-json\/wp\/v2\/product_cat?post=4688"},{"taxonomy":"product_tag","embeddable":true,"href":"https:\/\/vetomshop.hu\/fr\/wp-json\/wp\/v2\/product_tag?post=4688"}],"curies":[{"name":"wp","href":"https:\/\/api.w.org\/{rel}","templated":true}]}}