{"id":4690,"date":"2023-11-11T14:33:49","date_gmt":"2023-11-11T13:33:49","guid":{"rendered":"https:\/\/vetomshop.hu\/termek\/elast-medal\/"},"modified":"2023-11-11T14:33:49","modified_gmt":"2023-11-11T13:33:49","slug":"elast-medal","status":"publish","type":"product","link":"https:\/\/vetomshop.hu\/fr\/produit\/elast-medal\/","title":{"rendered":"M\u00e9daille Elast"},"content":{"rendered":"<p>Outil compl\u00e9mentaire pour la pr\u00e9vention et le traitement des maladies ligamentaires, l'activation des processus de r\u00e9g\u00e9n\u00e9ration et le traitement compl\u00e9mentaire des maladies ligamentaires chroniques.<\/p>\n<p>L'effet de la m\u00e9daille \u201eELAST\u201d vise \u00e0 r\u00e9tablir les processus m\u00e9taboliques normaux dans les cellules et les tissus des ligaments, ralentissant ainsi le processus de vieillissement.<\/p>\n<p>Cet outil a un impact positif sur l'\u00e9tat des fonctions corporelles et peut \u00eatre utilis\u00e9 en combinaison avec d'autres m\u00e9thodes comme outil d'optimisation et de correction :<\/p>\n<ul>\n<li>augmente la flexibilit\u00e9 des ligaments et l'amplitude des mouvements articulaires en r\u00e9ponse aux changements li\u00e9s \u00e0 l'\u00e2ge<\/li>\n<li>r\u00e9duit la probabilit\u00e9 de l\u00e9sions des tendons et des ligaments<\/li>\n<li>r\u00e9duire le temps de gu\u00e9rison des l\u00e9sions ligamentaires (entorses, d\u00e9chirures)<\/li>\n<li>ralentir les alt\u00e9rations des articulations li\u00e9es \u00e0 l'\u00e2ge<\/li>\n<li>renforcer les ligaments des organes internes et pr\u00e9venir leur prolapsus (ut\u00e9rus, intestins, reins, estomac)<\/li>\n<\/ul>\n<div class=\"su-spoiler su-spoiler-style-defoult su-spoiler-icon-caret su-spoiler-closed\" data-scroll-offset=\"0\" data-anchor-in-url=\"no\"><div class=\"su-spoiler-title\" tabindex=\"0\" role=\"button\"><span class=\"su-spoiler-icon\"><\/span>Tous<\/div><div class=\"su-spoiler-content su-u-clearfix su-u-trim\">\n<strong>Effets :<\/strong><\/p>\n<ul>\n<li>r\u00e9paration des processus m\u00e9taboliques dans les tissus conjonctifs des articulations et des organes internes, y compris la contracture de Dupuytren (contracture : raccourcissement des tendons et\/ou des muscles, r\u00e9tr\u00e9cissement entra\u00eenant une d\u00e9formation et\/ou une contrainte)<\/li>\n<li>ralentir les changements \u201eli\u00e9s \u00e0 l'\u00e2ge\u201d dans le syst\u00e8me musculo-squelettique<\/li>\n<li>am\u00e9liore la flexibilit\u00e9 des muscles et des ligaments<\/li>\n<li>acc\u00e9l\u00e8re le r\u00e9tablissement apr\u00e8s des blessures et des interventions chirurgicales, en \u00e9vitant la formation de cicatrices rugueuses.<\/li>\n<\/ul>\n<\/div><\/div>","protected":false},"excerpt":{"rendered":"<p>Kieg\u00e9sz\u00edt\u0151 eszk\u00f6z a ligamentum betegs\u00e9geinek megel\u0151z\u00e9s\u00e9re \u00e9s kezel\u00e9s\u00e9re, regener\u00e1ci\u00f3s folyamatok aktiv\u00e1l\u00e1s\u00e1ra \u00e9s a ligamentum kr\u00f3nikus betegs\u00e9geinek kieg\u00e9sz\u00edt\u0151 kezel\u00e9s\u00e9re. A &#8222;ELAST&#8221; Med\u00e1l hat\u00e1sa a norm\u00e1lis anyagcsere-folyamatok helyre\u00e1ll\u00edt\u00e1s\u00e1ra ir\u00e1nyul a ligamentumok sejtjeiben \u00e9s sz\u00f6veteiben, lass\u00edtva az \u00f6reged\u00e9si folyamatokat is. Ez az eszk\u00f6z pozit\u00edv hat\u00e1ssal van a testfunkci\u00f3k \u00e1llapot\u00e1ra, az optimaliz\u00e1l\u00e1s \u00e9s korrekci\u00f3 eszk\u00f6zek\u00e9nt haszn\u00e1lhat\u00f3 egy\u00e9b m\u00f3dszerekkel is [&hellip;]<\/p>\n","protected":false},"featured_media":4689,"comment_status":"open","ping_status":"closed","template":"","meta":[],"product_brand":[],"product_cat":[33,32],"product_tag":[],"class_list":{"0":"post-4690","1":"product","2":"type-product","3":"status-publish","4":"has-post-thumbnail","6":"product_cat-egeszseg-medalok","7":"product_cat-triomed","9":"first","10":"instock","11":"taxable","12":"shipping-taxable","13":"purchasable","14":"product-type-simple"},"_links":{"self":[{"href":"https:\/\/vetomshop.hu\/fr\/wp-json\/wp\/v2\/product\/4690","targetHints":{"allow":["GET"]}}],"collection":[{"href":"https:\/\/vetomshop.hu\/fr\/wp-json\/wp\/v2\/product"}],"about":[{"href":"https:\/\/vetomshop.hu\/fr\/wp-json\/wp\/v2\/types\/product"}],"replies":[{"embeddable":true,"href":"https:\/\/vetomshop.hu\/fr\/wp-json\/wp\/v2\/comments?post=4690"}],"wp:featuredmedia":[{"embeddable":true,"href":"https:\/\/vetomshop.hu\/fr\/wp-json\/wp\/v2\/media\/4689"}],"wp:attachment":[{"href":"https:\/\/vetomshop.hu\/fr\/wp-json\/wp\/v2\/media?parent=4690"}],"wp:term":[{"taxonomy":"product_brand","embeddable":true,"href":"https:\/\/vetomshop.hu\/fr\/wp-json\/wp\/v2\/product_brand?post=4690"},{"taxonomy":"product_cat","embeddable":true,"href":"https:\/\/vetomshop.hu\/fr\/wp-json\/wp\/v2\/product_cat?post=4690"},{"taxonomy":"product_tag","embeddable":true,"href":"https:\/\/vetomshop.hu\/fr\/wp-json\/wp\/v2\/product_tag?post=4690"}],"curies":[{"name":"wp","href":"https:\/\/api.w.org\/{rel}","templated":true}]}}