{"id":4694,"date":"2023-11-11T14:33:50","date_gmt":"2023-11-11T13:33:50","guid":{"rendered":"https:\/\/vetomshop.hu\/termek\/eros-plus\/"},"modified":"2023-11-11T14:33:50","modified_gmt":"2023-11-11T13:33:50","slug":"eros-plus","status":"publish","type":"product","link":"https:\/\/vetomshop.hu\/fr\/produit\/eros-plus\/","title":{"rendered":"Eros plus"},"content":{"rendered":"<h4>\u201ePendentif \u201dEROS plus<\/h4>\n<p>\u201eLe pendentif \u201dEROS plus\" est un appareil de r\u00e9glage biophysique fin des glandes responsables de la production des ph\u00e9romones sexuelles masculines androst\u00e9nol et androst\u00e9rone.<br \/>\nLes ph\u00e9romones humaines sont des compos\u00e9s biochimiques sp\u00e9ciaux produits par des glandes sp\u00e9ciales de l'\u00e9pith\u00e9lium externe. Les ph\u00e9romones qui p\u00e9n\u00e8trent dans l'environnement sont d\u00e9tect\u00e9es par les r\u00e9cepteurs olfactifs, qui envoient un \u201esignal\u201d aux h\u00e9misph\u00e8res du cerveau humain. Les principales ph\u00e9romones produites par l'homme sont l'androst\u00e9nol et l'androst\u00e9rone.<\/p>\n<div class=\"su-spoiler su-spoiler-style-defoult su-spoiler-icon-caret su-spoiler-closed\" data-scroll-offset=\"0\" data-anchor-in-url=\"no\"><div class=\"su-spoiler-title\" tabindex=\"0\" role=\"button\"><span class=\"su-spoiler-icon\"><\/span>Tous<\/div><div class=\"su-spoiler-content su-u-clearfix su-u-trim\">\n<p>L'androst\u00e9nol est une ph\u00e9romone universelle synth\u00e9tis\u00e9e par les deux sexes. Elle permet de susciter tr\u00e8s rapidement de la sympathie pour l'interlocuteur, en \u00e9veillant le d\u00e9sir de communiquer. Le possesseur d'un parfum contenant de l'androst\u00e9nol d\u00e9gage une aura de jeunesse et de fra\u00eecheur, quel que soit son \u00e2ge.<\/p>\n<p>Androst\u00e9rone - analogue d'une substance synth\u00e9tis\u00e9e uniquement par les membres du sexe fort. Elle est \u00e9galement connue sous le nom de ph\u00e9romone du courage, car son porteur d\u00e9gage une aura de confiance et de puissance qui attire les femmes.<\/p>\n<p>Le port du pendentif \u201eEROS plus\u201d stimule votre propre production de ph\u00e9romones.<\/p>\n<p>Le pendentif \u201eEROS plus\u201d vous aidera \u00e0 prendre confiance en vous, \u00e0 gagner la sympathie du sexe oppos\u00e9.<\/p>\n<\/div><\/div>","protected":false},"excerpt":{"rendered":"<p>&#8222;EROS plus&#8221; med\u00e1l &#8222;EROS plus&#8221; med\u00e1l \u2013 a f\u00e9rfi nemi feromonok \u2013 androstenol \u00e9s androsteron \u2013 el\u0151\u00e1ll\u00edt\u00e1s\u00e1\u00e9rt felel\u0151s mirigyek finom biofizikai be\u00e1ll\u00edt\u00e1s\u00e1ra szolg\u00e1l\u00f3 eszk\u00f6z. Az emberi feromonok k\u00fcl\u00f6nleges biok\u00e9miai vegy\u00fcletek, amelyeket a k\u00fcls\u0151 epitheliumban tal\u00e1lhat\u00f3 speci\u00e1lis mirigyek termelnek. A k\u00f6rnyezetbe behatol\u00f3 feromonok a szagl\u00f3receptorok seg\u00edts\u00e9g\u00e9vel \u00e9rz\u00e9kelhet\u0151k, amik \u201e jelet k\u00f6zvet\u00edtenek\u201d az emberi agy f\u00e9ltek\u00e9ire. Az [&hellip;]<\/p>\n","protected":false},"featured_media":4693,"comment_status":"open","ping_status":"closed","template":"","meta":[],"product_brand":[],"product_cat":[33,32],"product_tag":[],"class_list":{"0":"post-4694","1":"product","2":"type-product","3":"status-publish","4":"has-post-thumbnail","6":"product_cat-egeszseg-medalok","7":"product_cat-triomed","9":"first","10":"instock","11":"taxable","12":"shipping-taxable","13":"purchasable","14":"product-type-simple"},"_links":{"self":[{"href":"https:\/\/vetomshop.hu\/fr\/wp-json\/wp\/v2\/product\/4694","targetHints":{"allow":["GET"]}}],"collection":[{"href":"https:\/\/vetomshop.hu\/fr\/wp-json\/wp\/v2\/product"}],"about":[{"href":"https:\/\/vetomshop.hu\/fr\/wp-json\/wp\/v2\/types\/product"}],"replies":[{"embeddable":true,"href":"https:\/\/vetomshop.hu\/fr\/wp-json\/wp\/v2\/comments?post=4694"}],"wp:featuredmedia":[{"embeddable":true,"href":"https:\/\/vetomshop.hu\/fr\/wp-json\/wp\/v2\/media\/4693"}],"wp:attachment":[{"href":"https:\/\/vetomshop.hu\/fr\/wp-json\/wp\/v2\/media?parent=4694"}],"wp:term":[{"taxonomy":"product_brand","embeddable":true,"href":"https:\/\/vetomshop.hu\/fr\/wp-json\/wp\/v2\/product_brand?post=4694"},{"taxonomy":"product_cat","embeddable":true,"href":"https:\/\/vetomshop.hu\/fr\/wp-json\/wp\/v2\/product_cat?post=4694"},{"taxonomy":"product_tag","embeddable":true,"href":"https:\/\/vetomshop.hu\/fr\/wp-json\/wp\/v2\/product_tag?post=4694"}],"curies":[{"name":"wp","href":"https:\/\/api.w.org\/{rel}","templated":true}]}}