{"id":4702,"date":"2023-11-11T14:33:52","date_gmt":"2023-11-11T13:33:52","guid":{"rendered":"https:\/\/vetomshop.hu\/termek\/happy-dog-medal\/"},"modified":"2023-11-11T14:33:52","modified_gmt":"2023-11-11T13:33:52","slug":"happy-dog-medal","status":"publish","type":"product","link":"https:\/\/vetomshop.hu\/fr\/produit\/happy-dog-medal\/","title":{"rendered":"Pendentif chien heureux"},"content":{"rendered":"<h4>M\u00e9daille Happy Dog pour les chiens<\/h4>\n<p>Il peut \u00eatre utilis\u00e9 pour pr\u00e9venir et traiter les maladies suivantes :<\/p>\n<ul>\n<li>les maladies infectieuses,<\/li>\n<li>allergies (\u00e9ruptions cutan\u00e9es, d\u00e9mangeaisons, perte de cheveux, \u00e9touffement)<\/li>\n<li>empoisonnement (par les aliments, les poisons)<\/li>\n<li>les maladies endocriniennes (diab\u00e8te, maladies thyro\u00efdiennes)<\/li>\n<li>maladies des articulations<\/li>\n<\/ul>\n<p><strong>\u00c9galement applicable :<\/strong><\/p>\n<ul>\n<li>prolonger la vie des chiens \u00e2g\u00e9s et am\u00e9liorer leur \u00e9tat de sant\u00e9<\/li>\n<li>le d\u00e9veloppement sain des chiots<\/li>\n<li>pour une r\u00e9\u00e9ducation rapide apr\u00e8s une intervention chirurgicale ou une maladie grave<\/li>\n<li>la gu\u00e9rison des blessures (plaies, muscles froiss\u00e9s, fractures, br\u00fblures)<\/li>\n<li>la r\u00e9adaptation postnatale<\/li>\n<\/ul>\n<p><strong>Application :<\/strong><\/p>\n<p>Le \u201eHappyDOG\u201d<\/p>\n<p>L'immunomodulateur physioth\u00e9rapeutique peut \u00eatre attach\u00e9 au collier du chien. Son utilisation n'est pas limit\u00e9e, mais il doit \u00eatre port\u00e9 au moins 30 minutes par jour.<\/p>","protected":false},"excerpt":{"rendered":"<p>Happy Dog Med\u00e1l kuty\u00e1knak Alkalmazhat\u00f3 a k\u00f6vetkez\u0151 betegs\u00e9gek megel\u0151z\u00e9s\u00e9ben \u00e9s kezel\u00e9s\u00e9ben: infekci\u00f3s betegs\u00e9gek, allergi\u00e1k (ki\u00fct\u00e9sek, viszket\u00e9s, sz\u0151rhull\u00e1s, fullad\u00e1s) m\u00e9rgez\u00e9s (\u00e9tel \u00e1ltal, m\u00e9rgekkel) endokrin megbeteged\u00e9sek (cukorbetegs\u00e9g, a pajzsmirigy betegs\u00e9gei) \u00edz\u00fcleti betegs\u00e9gek Tov\u00e1bb\u00e1 alkalmazhat\u00f3: az id\u0151s kuty\u00e1k \u00e9let\u00e9nek meghosszabb\u00edt\u00e1s\u00e1ban, \u00e1llapotuk jav\u00edt\u00e1s\u00e1ban a k\u00f6lyk\u00f6k eg\u00e9szs\u00e9ges fejl\u0151d\u00e9s\u00e9ben a gyors rehabilit\u00e1ci\u00f3ban a m\u0171t\u00e9tek vagy s\u00falyos betegs\u00e9gek ut\u00e1n s\u00e9r\u00fcl\u00e9sek gy\u00f3gy\u00edt\u00e1s\u00e1ban (sebek, [&hellip;]<\/p>\n","protected":false},"featured_media":4701,"comment_status":"open","ping_status":"closed","template":"","meta":[],"product_brand":[],"product_cat":[33,32],"product_tag":[],"class_list":{"0":"post-4702","1":"product","2":"type-product","3":"status-publish","4":"has-post-thumbnail","6":"product_cat-egeszseg-medalok","7":"product_cat-triomed","9":"first","10":"instock","11":"taxable","12":"shipping-taxable","13":"purchasable","14":"product-type-simple"},"_links":{"self":[{"href":"https:\/\/vetomshop.hu\/fr\/wp-json\/wp\/v2\/product\/4702","targetHints":{"allow":["GET"]}}],"collection":[{"href":"https:\/\/vetomshop.hu\/fr\/wp-json\/wp\/v2\/product"}],"about":[{"href":"https:\/\/vetomshop.hu\/fr\/wp-json\/wp\/v2\/types\/product"}],"replies":[{"embeddable":true,"href":"https:\/\/vetomshop.hu\/fr\/wp-json\/wp\/v2\/comments?post=4702"}],"wp:featuredmedia":[{"embeddable":true,"href":"https:\/\/vetomshop.hu\/fr\/wp-json\/wp\/v2\/media\/4701"}],"wp:attachment":[{"href":"https:\/\/vetomshop.hu\/fr\/wp-json\/wp\/v2\/media?parent=4702"}],"wp:term":[{"taxonomy":"product_brand","embeddable":true,"href":"https:\/\/vetomshop.hu\/fr\/wp-json\/wp\/v2\/product_brand?post=4702"},{"taxonomy":"product_cat","embeddable":true,"href":"https:\/\/vetomshop.hu\/fr\/wp-json\/wp\/v2\/product_cat?post=4702"},{"taxonomy":"product_tag","embeddable":true,"href":"https:\/\/vetomshop.hu\/fr\/wp-json\/wp\/v2\/product_tag?post=4702"}],"curies":[{"name":"wp","href":"https:\/\/api.w.org\/{rel}","templated":true}]}}