{"id":4704,"date":"2023-11-11T14:33:52","date_gmt":"2023-11-11T13:33:52","guid":{"rendered":"https:\/\/vetomshop.hu\/termek\/nefron-medal\/"},"modified":"2023-11-11T14:33:52","modified_gmt":"2023-11-11T13:33:52","slug":"nefron-medal","status":"publish","type":"product","link":"https:\/\/vetomshop.hu\/fr\/produit\/nefron-medal\/","title":{"rendered":"M\u00e9daille Nefron"},"content":{"rendered":"<h4>M\u00e9daille de la sant\u00e9 Nefron<\/h4>\n<p><strong>Fonction principale :<\/strong><\/p>\n<p>Favorise le fonctionnement des reins et des voies urinaires, en encourageant les processus de r\u00e9gulation et de r\u00e9g\u00e9n\u00e9ration.<\/p>\n<p><strong>Soutenu par :<\/strong><\/p>\n<ul>\n<li>l'am\u00e9lioration de la circulation sanguine et du m\u00e9tabolisme dans les voies urinaires.<\/li>\n<li>r\u00e9absorption, filtration, r\u00e9gulation des ions, d\u00e9toxification, processus m\u00e9taboliques<\/li>\n<li>la r\u00e9paration et la r\u00e9g\u00e9n\u00e9ration des tissus urinaires,<\/li>\n<li>soulager la douleur, soulager les spasmes, r\u00e9duire l'inflammation,<\/li>\n<li>la pr\u00e9vention des l\u00e9sions scl\u00e9reuses du rein.<\/li>\n<\/ul>\n<p><strong>Quand peut-on utiliser le pendentif Nefron Health ?<\/strong><\/p>\n<p>Le dispositif a un effet positif sur le fonctionnement de l'organisme, il peut \u00eatre utilis\u00e9 comme dispositif compl\u00e9mentaire pour l'optimisation et la correction du fonctionnement de l'organisme, pour la pr\u00e9vention et le traitement compl\u00e9mentaire des maladies suivantes :<\/p>\n<ul>\n<li>les maladies inflammatoires aigu\u00ebs et chroniques des reins, de la vessie et des voies urinaires,<\/li>\n<li>des troubles du m\u00e9tabolisme (y compris la maladie des calculs r\u00e9naux),<\/li>\n<li>des maladies auto-immunes syst\u00e9miques entra\u00eenant des l\u00e9sions r\u00e9nales,<\/li>\n<li>maladie auto-immune des reins,<\/li>\n<li>des effets toxiques sur les reins,<\/li>\n<li>l\u00e9sions scl\u00e9reuses des reins (n\u00e9phroscl\u00e9rose) dues au diab\u00e8te, \u00e0 l'hypertension art\u00e9rielle, etc.<\/li>\n<\/ul>","protected":false},"excerpt":{"rendered":"<p>Nefron Eg\u00e9szs\u00e9g Med\u00e1l F\u0151 funkci\u00f3ja: A vese \u00e9s a h\u00fagyutak m\u0171k\u00f6d\u00e9s\u00e9nek t\u00e1mogat\u00e1sa, a szab\u00e1lyz\u00f3 \u00e9s regener\u00e1ci\u00f3s folyamatok el\u0151seg\u00edt\u00e9se. T\u00e1mogatja: a h\u00fagyutak v\u00e9rkering\u00e9s\u00e9nek javul\u00e1s\u00e1t \u00e9s anyagcser\u00e9j\u00e9t. a reabszorbci\u00f3t, a sz\u0171r\u00e9st, az ionszab\u00e1lyoz\u00e1st, a m\u00e9regtelen\u00edt\u00e9st, a metabolikus folyamatokat a h\u00fagyuti sz\u00f6vetek repar\u00e1ci\u00f3j\u00e1t \u00e9s regener\u00e1ci\u00f3j\u00e1t, a f\u00e1jdalomcsillap\u00edt\u00e1st, a g\u00f6rcsold\u00e1st, a gyullad\u00e1sok cs\u00f6kkent\u00e9s\u00e9t, a vese szklerotikus elv\u00e1ltoz\u00e1sainak megel\u0151z\u00e9s\u00e9t. Mikor [&hellip;]<\/p>\n","protected":false},"featured_media":4703,"comment_status":"open","ping_status":"closed","template":"","meta":[],"product_brand":[],"product_cat":[33,32],"product_tag":[],"class_list":{"0":"post-4704","1":"product","2":"type-product","3":"status-publish","4":"has-post-thumbnail","6":"product_cat-egeszseg-medalok","7":"product_cat-triomed","9":"first","10":"instock","11":"taxable","12":"shipping-taxable","13":"purchasable","14":"product-type-simple"},"_links":{"self":[{"href":"https:\/\/vetomshop.hu\/fr\/wp-json\/wp\/v2\/product\/4704","targetHints":{"allow":["GET"]}}],"collection":[{"href":"https:\/\/vetomshop.hu\/fr\/wp-json\/wp\/v2\/product"}],"about":[{"href":"https:\/\/vetomshop.hu\/fr\/wp-json\/wp\/v2\/types\/product"}],"replies":[{"embeddable":true,"href":"https:\/\/vetomshop.hu\/fr\/wp-json\/wp\/v2\/comments?post=4704"}],"wp:featuredmedia":[{"embeddable":true,"href":"https:\/\/vetomshop.hu\/fr\/wp-json\/wp\/v2\/media\/4703"}],"wp:attachment":[{"href":"https:\/\/vetomshop.hu\/fr\/wp-json\/wp\/v2\/media?parent=4704"}],"wp:term":[{"taxonomy":"product_brand","embeddable":true,"href":"https:\/\/vetomshop.hu\/fr\/wp-json\/wp\/v2\/product_brand?post=4704"},{"taxonomy":"product_cat","embeddable":true,"href":"https:\/\/vetomshop.hu\/fr\/wp-json\/wp\/v2\/product_cat?post=4704"},{"taxonomy":"product_tag","embeddable":true,"href":"https:\/\/vetomshop.hu\/fr\/wp-json\/wp\/v2\/product_tag?post=4704"}],"curies":[{"name":"wp","href":"https:\/\/api.w.org\/{rel}","templated":true}]}}