{"id":4706,"date":"2023-11-11T14:33:52","date_gmt":"2023-11-11T13:33:52","guid":{"rendered":"https:\/\/vetomshop.hu\/termek\/odont-medal\/"},"modified":"2024-08-07T16:07:27","modified_gmt":"2024-08-07T14:07:27","slug":"odont-medal","status":"publish","type":"product","link":"https:\/\/vetomshop.hu\/fr\/produit\/odont-medal\/","title":{"rendered":"M\u00e9daille Odont"},"content":{"rendered":"<h4>M\u00e9daille Odont<\/h4>\n<p>Il contribue \u00e0 la pr\u00e9vention et \u00e0 la r\u00e9habilitation des maladies parodontales et \u00e0 l'am\u00e9lioration des processus de r\u00e9g\u00e9n\u00e9ration.<\/p>\n<p>Parodontium - complexe de tissus entourant les dents.<\/p>\n<p>Le parodonte entoure et soutient les dents. Le parodonte fournit un ancrage souple \u00e0 la racine de la dent. Les principales parties du parodonte sont : la gencive, le p\u00e9rioste, le c\u00e9ment, le ligament parodontal. Leur origine et leur fonction sont communes.<\/p>\n<p>Le pendentif \u201eODONT\u201d a pour effet d'activer les d\u00e9fenses de l'organisme, de r\u00e9tablir les processus physiologiques normaux dans les cellules et les tissus du parodonte, en augmentant la r\u00e9sistance aux facteurs environnementaux d\u00e9favorables.<\/p>\n<p>Cet outil a un effet positif sur l'\u00e9tat des fonctions corporelles et peut \u00eatre utilis\u00e9 comme outil optimal et correctif pour d'autres conditions telles que la gingivite, la parodontite, la maladie parodontale, les l\u00e9sions parodontales, Itsenko-Cushing, Elers-Danlos, Shediak Higashi, le syndrome de Down, les troubles sanguins, etc.<\/p>\n<div class=\"su-spoiler su-spoiler-style-defoult su-spoiler-icon-caret su-spoiler-closed\" data-scroll-offset=\"0\" data-anchor-in-url=\"no\"><div class=\"su-spoiler-title\" tabindex=\"0\" role=\"button\"><span class=\"su-spoiler-icon\"><\/span>Tous<\/div><div class=\"su-spoiler-content su-u-clearfix su-u-trim\">\n<strong>Effets :<\/strong><\/p>\n<ul>\n<li>normalise la circulation sanguine, l'\u00e9tat immunitaire et le m\u00e9tabolisme parodontal, pr\u00e9venant ainsi le d\u00e9veloppement de maladies ;<\/li>\n<li>contribue \u00e0 am\u00e9liorer la fonction parodontale ;<\/li>\n<li>r\u00e9duit la gravit\u00e9 des ph\u00e9nom\u00e8nes inflammatoires et d\u00e9g\u00e9n\u00e9ratifs dans les maladies parodontales ;<\/li>\n<li>contribue \u00e0 acc\u00e9l\u00e9rer les processus de r\u00e9g\u00e9n\u00e9ration et de r\u00e9paration parodontale ;<\/li>\n<li>aide \u00e0 \u00e9liminer la mauvaise haleine ;<\/li>\n<li>aide \u00e0 pr\u00e9venir la mobilit\u00e9 pathologique des dents.<\/li>\n<\/ul>\n<\/div><\/div>","protected":false},"excerpt":{"rendered":"<p>Odont Med\u00e1l Seg\u00e9deszk\u00f6z a periodont\u00e1lis betegs\u00e9gek megel\u0151z\u00e9s\u00e9re \u00e9s rehabilit\u00e1ci\u00f3j\u00e1ra, a regenerat\u00edv folyamatok fokoz\u00e1s\u00e1ra. A fog\u00e1gy (parodontium) &#8211; a fogakat k\u00f6r\u00fclvev\u0151 sz\u00f6vetek komplexuma. A parodontium k\u00f6r\u00fclveszi \u00e9s megt\u00e1masztja a fogakat. A fog\u00e1gy a fogak gy\u00f6ker\u00e9nek rugalmas elhorgonyz\u00e1s\u00e1t biztos\u00edtja. A parodontium f\u0151 r\u00e9szei: \u00edny, gy\u00f6k\u00e9rh\u00e1rtya, cement, fogmederny\u00falv\u00e1ny. Eredet\u00fck \u00e9s funkci\u00f3juk k\u00f6z\u00f6s. Az &#8222;ODONT&#8221; med\u00e1l hat\u00e1sa arra ir\u00e1nyul, [&hellip;]<\/p>\n","protected":false},"featured_media":4705,"comment_status":"open","ping_status":"closed","template":"","meta":[],"product_brand":[],"product_cat":[33,32],"product_tag":[],"class_list":{"0":"post-4706","1":"product","2":"type-product","3":"status-publish","4":"has-post-thumbnail","6":"product_cat-egeszseg-medalok","7":"product_cat-triomed","9":"first","10":"instock","11":"taxable","12":"shipping-taxable","13":"purchasable","14":"product-type-simple"},"_links":{"self":[{"href":"https:\/\/vetomshop.hu\/fr\/wp-json\/wp\/v2\/product\/4706","targetHints":{"allow":["GET"]}}],"collection":[{"href":"https:\/\/vetomshop.hu\/fr\/wp-json\/wp\/v2\/product"}],"about":[{"href":"https:\/\/vetomshop.hu\/fr\/wp-json\/wp\/v2\/types\/product"}],"replies":[{"embeddable":true,"href":"https:\/\/vetomshop.hu\/fr\/wp-json\/wp\/v2\/comments?post=4706"}],"wp:featuredmedia":[{"embeddable":true,"href":"https:\/\/vetomshop.hu\/fr\/wp-json\/wp\/v2\/media\/4705"}],"wp:attachment":[{"href":"https:\/\/vetomshop.hu\/fr\/wp-json\/wp\/v2\/media?parent=4706"}],"wp:term":[{"taxonomy":"product_brand","embeddable":true,"href":"https:\/\/vetomshop.hu\/fr\/wp-json\/wp\/v2\/product_brand?post=4706"},{"taxonomy":"product_cat","embeddable":true,"href":"https:\/\/vetomshop.hu\/fr\/wp-json\/wp\/v2\/product_cat?post=4706"},{"taxonomy":"product_tag","embeddable":true,"href":"https:\/\/vetomshop.hu\/fr\/wp-json\/wp\/v2\/product_tag?post=4706"}],"curies":[{"name":"wp","href":"https:\/\/api.w.org\/{rel}","templated":true}]}}