{"id":4708,"date":"2023-11-11T14:33:53","date_gmt":"2023-11-11T13:33:53","guid":{"rendered":"https:\/\/vetomshop.hu\/termek\/omega-medal\/"},"modified":"2023-11-11T14:33:53","modified_gmt":"2023-11-11T13:33:53","slug":"omega-medal","status":"publish","type":"product","link":"https:\/\/vetomshop.hu\/fr\/produit\/omega-medal\/","title":{"rendered":"M\u00e9daille Om\u00e9ga"},"content":{"rendered":"<h4>M\u00e9daille Om\u00e9ga<\/h4>\n<p>L'utilisation quotidienne des m\u00e9dailles Triomed peut contribuer \u00e0 une vie longue, heureuse et saine. Elles harmonisent le corps en douceur et peuvent contribuer \u00e0 la correction de l'information \u00e9nerg\u00e9tique.<\/p>\n<p>Pour qui est-il recommand\u00e9 ?<\/p>\n<p>Pour tous ceux qui souffrent d'hypertension, de probl\u00e8mes circulatoires.<\/p>\n<p><strong>Avertissement important :<\/strong><\/p>\n<p>Consultez toujours un m\u00e9decin si vous souffrez d'une maladie cardiovasculaire. En plus du traitement prescrit par votre m\u00e9decin, vous pouvez \u00e9galement utiliser Triomed Omega Medal pour favoriser la cicatrisation et acc\u00e9l\u00e9rer le processus de r\u00e9g\u00e9n\u00e9ration.<\/p>\n<p>Les enfants de moins de 6 ans ne doivent \u00eatre utilis\u00e9s que sous la surveillance de leurs parents !<\/p>\n<p>Les pendentifs Triomed sont \u00e9tanches et peuvent \u00eatre plac\u00e9s dans l'eau.<\/p>\n<p>Toutes les m\u00e9dailles Triomed subissent un test spectral - photom\u00e9trique - sp\u00e9cial avant d'\u00eatre mises en vente, ce qui garantit la qualit\u00e9 et la coh\u00e9rence des signaux.<\/p>","protected":false},"excerpt":{"rendered":"<p>Omega Med\u00e1l A Triomed Med\u00e1lok napi szinten t\u00f6rt\u00e9n\u0151 alkalmaz\u00e1sa t\u00e1mogathatja a hossz\u00fa, boldog, eg\u00e9szs\u00e9ges \u00e9let el\u00e9r\u00e9s\u00e9t. L\u00e1gyan harmoniz\u00e1lj\u00e1k a szervezetet, hozz\u00e1j\u00e1rulhatnak az energia-inform\u00e1ci\u00f3s korrekci\u00f3hoz. Kiknek aj\u00e1nljuk? Mindazoknak, akik magas v\u00e9rnyom\u00e1st\u00f3l, kering\u00e9si probl\u00e9m\u00e1kt\u00f3l szenvednek. Fontos figyelmeztet\u00e9s: A sz\u00edv-\u00e9s \u00e9rrendszer megbeteged\u00e9sein\u00e9l mindig forduljon orvoshoz. Az orvos \u00e1ltal el\u0151\u00edrt kezel\u00e9s mellett p\u00e1rhuzamosan alkalmazhatja a Triomed Omega Med\u00e1lt a [&hellip;]<\/p>\n","protected":false},"featured_media":4707,"comment_status":"open","ping_status":"closed","template":"","meta":[],"product_brand":[],"product_cat":[33,32],"product_tag":[],"class_list":{"0":"post-4708","1":"product","2":"type-product","3":"status-publish","4":"has-post-thumbnail","6":"product_cat-egeszseg-medalok","7":"product_cat-triomed","9":"first","10":"instock","11":"taxable","12":"shipping-taxable","13":"purchasable","14":"product-type-simple"},"_links":{"self":[{"href":"https:\/\/vetomshop.hu\/fr\/wp-json\/wp\/v2\/product\/4708","targetHints":{"allow":["GET"]}}],"collection":[{"href":"https:\/\/vetomshop.hu\/fr\/wp-json\/wp\/v2\/product"}],"about":[{"href":"https:\/\/vetomshop.hu\/fr\/wp-json\/wp\/v2\/types\/product"}],"replies":[{"embeddable":true,"href":"https:\/\/vetomshop.hu\/fr\/wp-json\/wp\/v2\/comments?post=4708"}],"wp:featuredmedia":[{"embeddable":true,"href":"https:\/\/vetomshop.hu\/fr\/wp-json\/wp\/v2\/media\/4707"}],"wp:attachment":[{"href":"https:\/\/vetomshop.hu\/fr\/wp-json\/wp\/v2\/media?parent=4708"}],"wp:term":[{"taxonomy":"product_brand","embeddable":true,"href":"https:\/\/vetomshop.hu\/fr\/wp-json\/wp\/v2\/product_brand?post=4708"},{"taxonomy":"product_cat","embeddable":true,"href":"https:\/\/vetomshop.hu\/fr\/wp-json\/wp\/v2\/product_cat?post=4708"},{"taxonomy":"product_tag","embeddable":true,"href":"https:\/\/vetomshop.hu\/fr\/wp-json\/wp\/v2\/product_tag?post=4708"}],"curies":[{"name":"wp","href":"https:\/\/api.w.org\/{rel}","templated":true}]}}