{"id":4710,"date":"2023-11-11T14:33:53","date_gmt":"2023-11-11T13:33:53","guid":{"rendered":"https:\/\/vetomshop.hu\/termek\/prunus-cerasus-meggy-medal\/"},"modified":"2023-11-11T14:33:53","modified_gmt":"2023-11-11T13:33:53","slug":"prunus-cerasus-meggy-medal","status":"publish","type":"product","link":"https:\/\/vetomshop.hu\/fr\/produit\/prunus-cerasus-meggy-medal\/","title":{"rendered":"Prunus cerasus - Pendentif Meggy"},"content":{"rendered":"<h4>Prunus cerasus - Meggy Medal-Streptococcus, Staphylococcus pour le traitement compl\u00e9mentaire des infections<\/h4>\n<p>Streptococcus pyogenes, \u00e9galement connu sous le nom de streptocoque de type A, est une bact\u00e9rie extr\u00eamement courante : pratiquement personne n'a jamais eu mal \u00e0 la gorge sans cette bact\u00e9rie, g\u00e9n\u00e9ralement inoffensive, qui s'installe dans la gorge. Mais cette m\u00eame bact\u00e9rie de la gorge est \u00e9galement \u00e0 l'origine de la scarlatine, une maladie infantile accompagn\u00e9e de fi\u00e8vre et d'une \u00e9ruption cutan\u00e9e sur tout le corps, par le biais de ses toxines s\u00e9cr\u00e9t\u00e9es dans la circulation sanguine. En fait, les infections \u00e0 streptocoques prolong\u00e9es et non trait\u00e9es peuvent entra\u00eener le rhumatisme articulaire aigu, une maladie grave qui s'attaque aux articulations et au c\u0153ur.<\/p>\n<p>Staphylococcus aureus est une bact\u00e9rie tout aussi commune que l'on trouve sur la quasi-totalit\u00e9 de notre peau, et c'est l'un des agents responsables de l'acn\u00e9 pustuleuse et des pustules. Si ces l\u00e9sions cutan\u00e9es peuvent \u00eatre consid\u00e9r\u00e9es comme d\u00e9sagr\u00e9ables dans le meilleur des cas, les affections cutan\u00e9es tenaces, en particulier chez les enfants, telles que les furoncles ou les abc\u00e8s sur diverses parties du corps, peuvent causer de graves probl\u00e8mes, sans parler des infections graves et potentiellement mortelles telles que la pneumonie, la m\u00e9ningite, l'ost\u00e9omy\u00e9lite ou la p\u00e9ricardite. Les staphylocoques, qui colonisent principalement notre peau, peuvent \u00eatre \u00e0 l'origine de toutes ces infections s'ils en ont l'occasion.<\/p>\n<div class=\"su-spoiler su-spoiler-style-defoult su-spoiler-icon-caret su-spoiler-closed\" data-scroll-offset=\"0\" data-anchor-in-url=\"no\"><div class=\"su-spoiler-title\" tabindex=\"0\" role=\"button\"><span class=\"su-spoiler-icon\"><\/span>Tous<\/div><div class=\"su-spoiler-content su-u-clearfix su-u-trim\">\n<h5>Que peuvent provoquer des microbes quotidiens au mauvais endroit ?<\/h5>\n<p>La le\u00e7on \u00e0 tirer est qu'une bact\u00e9rie apparemment inoffensive ne l'est que relativement jusqu'\u00e0 ce qu'elle se trouve dans un endroit o\u00f9 elle n'a rien \u00e0 faire : en particulier dans les tissus profonds et les tissus de la peau.<br \/>\ndans la circulation sanguine. Par exemple, si des streptocoques ou des staphylocoques atteignent les tissus sous-cutan\u00e9s par le biais d'une l\u00e9sion, ils peuvent se propager extr\u00eamement rapidement et de mani\u00e8re destructrice le long des fascias du tissu conjonctif qui enveloppent les muscles et les nerfs - ce que l'on appelle famili\u00e8rement le \u201emangeur de chair\u201d. Il suffit d'une piq\u00fbre d'aiguille, d'une morsure d'insecte ou d'une contusion pour qu'elles traversent la peau - il n'est pas n\u00e9cessaire que ce soit catastrophique, une blessure \u00e0 peine visible suffit. Le risque est accru si la peau est d\u00e9j\u00e0 bless\u00e9e - par exemple, \u00e0 la suite d'une intervention chirurgicale, d'une \u00e9ruption cutan\u00e9e aigu\u00eb due \u00e0 une infection virale ou d'une complication du diab\u00e8te - ou si le syst\u00e8me immunitaire est affaibli.<\/p>\n<h5>\u201eLa bact\u00e9rie mangeuse de chair \u201dmange-t-elle de la viande\" ?<\/h5>\n<p>Les \u201ebact\u00e9ries mangeuses de chair\u201d ne constituent pas un groupe d'agents pathog\u00e8nes effrayants et exotiques : dans la plupart des cas, des microbes ordinaires, plac\u00e9s au mauvais endroit, sont \u00e0 l'origine de maladies graves.<br \/>\nun processus de destruction des tissus qui menace directement la vie.<\/p>\n<h5>Comment fonctionne le processus ?<\/h5>\n<p>L'infection \u201emangeuse de chair\u201d, connue officiellement sous le nom de fasciite n\u00e9crosante, commence par quelques sympt\u00f4mes caract\u00e9ristiques : gonflement, rougeur, douleur et \u00e9ventuellement formation de cloques dans la zone touch\u00e9e. Comme il s'agit d'un processus profond, lorsque les zones de la peau d\u00e9color\u00e9es et violac\u00e9es, les cloques sanguinolentes, se sont form\u00e9es, il y a d\u00e9j\u00e0 eu une destruction massive des tissus mous sous-cutan\u00e9s.<\/p>\n<\/div><\/div>","protected":false},"excerpt":{"rendered":"<p>Prunus cerasus \u2013 Meggy Med\u00e1l-Streptococcus, Staphylococcus fert\u0151z\u00e9sek kieg\u00e9sz\u00edt\u0151 kezel\u00e9s\u00e9re A Streptococcus pyogenes, m\u00e1s nev\u00e9n az A-t\u00edpus\u00fa sztreptokokkusz rendk\u00edv\u00fcl k\u00f6z\u00f6ns\u00e9ges bakt\u00e9rium: aligha akad, akinek ne okozott volna m\u00e9g torokf\u00e1j\u00e1st ez a garatban megteleped\u0151, jobb\u00e1ra \u00e1rtalmatlan k\u00f3rokoz\u00f3. \u00c1m ugyanez a toroklak\u00f3 bakt\u00e9rium &#8211; a v\u00e9r\u00e1ramba kiv\u00e1lasztott m\u00e9reganyagai r\u00e9v\u00e9n &#8211; a skarl\u00e1t, a l\u00e1zzal \u00e9s a teljes testet [&hellip;]<\/p>\n","protected":false},"featured_media":4709,"comment_status":"open","ping_status":"closed","template":"","meta":[],"product_brand":[],"product_cat":[33,32],"product_tag":[],"class_list":{"0":"post-4710","1":"product","2":"type-product","3":"status-publish","4":"has-post-thumbnail","6":"product_cat-egeszseg-medalok","7":"product_cat-triomed","9":"first","10":"instock","11":"taxable","12":"shipping-taxable","13":"purchasable","14":"product-type-simple"},"_links":{"self":[{"href":"https:\/\/vetomshop.hu\/fr\/wp-json\/wp\/v2\/product\/4710","targetHints":{"allow":["GET"]}}],"collection":[{"href":"https:\/\/vetomshop.hu\/fr\/wp-json\/wp\/v2\/product"}],"about":[{"href":"https:\/\/vetomshop.hu\/fr\/wp-json\/wp\/v2\/types\/product"}],"replies":[{"embeddable":true,"href":"https:\/\/vetomshop.hu\/fr\/wp-json\/wp\/v2\/comments?post=4710"}],"wp:featuredmedia":[{"embeddable":true,"href":"https:\/\/vetomshop.hu\/fr\/wp-json\/wp\/v2\/media\/4709"}],"wp:attachment":[{"href":"https:\/\/vetomshop.hu\/fr\/wp-json\/wp\/v2\/media?parent=4710"}],"wp:term":[{"taxonomy":"product_brand","embeddable":true,"href":"https:\/\/vetomshop.hu\/fr\/wp-json\/wp\/v2\/product_brand?post=4710"},{"taxonomy":"product_cat","embeddable":true,"href":"https:\/\/vetomshop.hu\/fr\/wp-json\/wp\/v2\/product_cat?post=4710"},{"taxonomy":"product_tag","embeddable":true,"href":"https:\/\/vetomshop.hu\/fr\/wp-json\/wp\/v2\/product_tag?post=4710"}],"curies":[{"name":"wp","href":"https:\/\/api.w.org\/{rel}","templated":true}]}}