{"id":4714,"date":"2023-11-11T14:33:54","date_gmt":"2023-11-11T13:33:54","guid":{"rendered":"https:\/\/vetomshop.hu\/termek\/triomed-compact\/"},"modified":"2023-11-11T14:33:54","modified_gmt":"2023-11-11T13:33:54","slug":"triomed-compact","status":"publish","type":"product","link":"https:\/\/vetomshop.hu\/fr\/produit\/triomed-compact\/","title":{"rendered":"Triomed compact"},"content":{"rendered":"<h4>Soulagement de la douleur, r\u00e9duction de l'inflammation, r\u00e9\u00e9ducation, soins chiropratiques, premiers secours, maladies chroniques, \u00e9lectrosmog, stress, luminoth\u00e9rapie<\/h4>\n<p>Syst\u00e8me d'innovation pour la protection de la sant\u00e9 et la r\u00e9cup\u00e9ration - <strong>Triomed compact.<\/strong><\/p>\n<p>Nous entendons presque quotidiennement que notre environnement est devenu de plus en plus agressif.<\/p>\n<p>Les produits chimiques pr\u00e9sents dans les aliments et l'eau, la pollution de l'air et le rythme de vie toujours plus rapide mettent notre organisme \u00e0 rude \u00e9preuve. Les maladies de civilisation, qui r\u00e9sultent de l'\u00e9volution des facteurs environnementaux et des habitudes alimentaires, des conditions de travail et du stress, peuvent \u00e9galement \u00eatre tr\u00e8s pr\u00e9occupantes. Leur gu\u00e9rison est un d\u00e9fi majeur pour les m\u00e9decins, qui sont souvent d\u00e9munis face \u00e0 ce d\u00e9fi. Souvent, apr\u00e8s de longues investigations, on nous donne un nom latin qui sonne bien (ou plut\u00f4t mal) pour le diagnostic et on nous conseille de vivre avec.<\/p>\n<p>Mais est-il agr\u00e9able de vivre dans un tel \u00e9tat, de passer des d\u00e9cennies entre la maladie et la mort ? Combien de douleurs, de r\u00e9signation, d'\u00e9nergie, d'argent, de temps, de d\u00e9ceptions accompagnent le patient tout au long de son parcours ? Combien de projets, d'objectifs, de carri\u00e8res, de d\u00e9sirs non r\u00e9alis\u00e9s sont g\u00e2ch\u00e9s parce qu'\u00e0 partir de ce moment-l\u00e0, tout tourne autour de la maladie ?<\/p>\n<div class=\"su-spoiler su-spoiler-style-defoult su-spoiler-icon-caret su-spoiler-closed\" data-scroll-offset=\"0\" data-anchor-in-url=\"no\"><div class=\"su-spoiler-title\" tabindex=\"0\" role=\"button\"><span class=\"su-spoiler-icon\"><\/span>Tous<\/div><div class=\"su-spoiler-content su-u-clearfix su-u-trim\">\n<p>La question : pouvons-nous \u00eatre en bonne sant\u00e9 si nous ne changeons pas ?<\/p>\n<p>Sur les causes profondes des maladies et les solutions partielles ?<\/p>\n<p>La r\u00e9ponse est clairement NON ! Apprenez \u00e0 conna\u00eetre un syst\u00e8me complexe et unique en son genre !<\/p>\n<p>Nos outils peuvent traiter vos maladies, am\u00e9liorer votre qualit\u00e9 de vie, vous aider \u00e0 vous adapter \u00e0 un environnement en constante \u00e9volution et \u00e0 le modifier.<\/p>\n<p>Non seulement dans le cas de diverses maladies, douleurs, inflammations, processus auto-immuns, mauvaise humeur, nous pouvons obtenir d'excellents r\u00e9sultats, mais aussi \u00e9liminer les causes profondes ! L'appareil communique avec votre corps, chaque impulsion est une r\u00e9ponse \u00e0 votre \u00e9tat actuel.<\/p>\n<p>Biofeedback - gamme de radiofr\u00e9quences.<\/p>\n<p>Protection syst\u00e9mique de la sant\u00e9 ! Une approche unique !<\/p>\n<p>Il suffit d'appuyer sur un bouton :<\/p>\n<ul>\n<li>Am\u00e9liorez votre environnement \u00e9cologique - th\u00e9rapie au millim\u00e8tre pr\u00e8s,<\/li>\n<li>Am\u00e9liore la qualit\u00e9 de l'eau et des aliments - r\u00e9tablit la r\u00e9gularit\u00e9 de l'eau et de l'eau dans les aliments, r\u00e9duisant ainsi les effets nocifs.<\/li>\n<li>Elle soulage le stress au travail et ailleurs et augmente notre r\u00e9silience.<\/li>\n<\/ul>\n<p>L'\u00e9tape suivante : l'appliquer comme rem\u00e8de pour r\u00e9soudre vos probl\u00e8mes !<\/p>\n<p>Triomed Compact - le Pro !<\/p>\n<p><strong>Exp\u00e9rience :<\/strong> J'ai \u00e9galement eu de tr\u00e8s bonnes exp\u00e9riences avec Triomed et Compact. Lorsque nous sommes tomb\u00e9s malades, nous avons \u00e9t\u00e9 compl\u00e8tement gu\u00e9ris des germes les plus tenaces en deux ou trois jours, sans m\u00e9dicaments. Je suis enceinte et lors d'une de mes \u00e9chographies, le m\u00e9decin a trouv\u00e9 un kyste dans le cr\u00e2ne de notre b\u00e9b\u00e9. Il m'a rassur\u00e9e en me disant qu'il n'y aurait pas de probl\u00e8me et j'\u00e9tais tout \u00e0 fait \u00e0 l'aise, sachant qu'apr\u00e8s quelques traitements, le kyste serait compl\u00e8tement r\u00e9sorb\u00e9. Et bien, c'est ce qui s'est pass\u00e9 ! Je n'aurais certainement pas \u00e9t\u00e9 une maman sereine si je n'avais pas connu l'existence de ces appareils. Je suis si heureuse d'avoir d\u00e9couvert ces appareils avant la naissance du b\u00e9b\u00e9.<\/p>\n<p>Attention ! L'appareil ne remplace pas un traitement m\u00e9dical !<\/p>\n<p>Chaque mode met en \u0153uvre un programme sp\u00e9cifique<\/p>\n<p>LE COMPACT TRIOMED FONCTIONNE SELON HUIT MODES.<\/p>\n<p>Chaque mode met en \u0153uvre un programme sp\u00e9cifique et unique.<\/p>\n<\/div><\/div>","protected":false},"excerpt":{"rendered":"<p>F\u00e1jdalomcsillap\u00edt\u00e1s, gyullad\u00e1s cs\u00f6kkent\u00e9s, lugos\u00edt\u00e1s, rehabilit\u00e1ci\u00f3, oki kezel\u00e9s, els\u0151seg\u00e9ly, kr\u00f3nikus betegs\u00e9gek, elektroszmog, stressz, f\u00e9nyter\u00e1pia Az eg\u00e9szs\u00e9g v\u00e9delm\u00e9nek \u00e9s vissza\u00e1ll\u00edt\u00e1s\u00e1nak innov\u00e1ci\u00f3s rendszere \u2013 Triomed compact. Szinte naponta hallunk arr\u00f3l, hogy k\u00f6rnyezet\u00fcnk egyre agressz\u00edvebb\u00e9 v\u00e1lt. Az \u00e9lelmiszerekben \u00e9s a v\u00edzben tal\u00e1lhat\u00f3 vegyszerek, a leveg\u0151 szennyezetts\u00e9ge, az egyre gyorsabb \u00e9lettemp\u00f3 komoly kih\u00edv\u00e1sok el\u00e9 \u00e1ll\u00edtja szervezet\u00fcnket. Komoly aggodalomra adhatnak okot [&hellip;]<\/p>\n","protected":false},"featured_media":4713,"comment_status":"open","ping_status":"closed","template":"","meta":[],"product_brand":[],"product_cat":[34,32],"product_tag":[],"class_list":{"0":"post-4714","1":"product","2":"type-product","3":"status-publish","4":"has-post-thumbnail","6":"product_cat-keszulekek","7":"product_cat-triomed","9":"first","10":"instock","11":"taxable","12":"shipping-taxable","13":"purchasable","14":"product-type-simple"},"_links":{"self":[{"href":"https:\/\/vetomshop.hu\/fr\/wp-json\/wp\/v2\/product\/4714","targetHints":{"allow":["GET"]}}],"collection":[{"href":"https:\/\/vetomshop.hu\/fr\/wp-json\/wp\/v2\/product"}],"about":[{"href":"https:\/\/vetomshop.hu\/fr\/wp-json\/wp\/v2\/types\/product"}],"replies":[{"embeddable":true,"href":"https:\/\/vetomshop.hu\/fr\/wp-json\/wp\/v2\/comments?post=4714"}],"wp:featuredmedia":[{"embeddable":true,"href":"https:\/\/vetomshop.hu\/fr\/wp-json\/wp\/v2\/media\/4713"}],"wp:attachment":[{"href":"https:\/\/vetomshop.hu\/fr\/wp-json\/wp\/v2\/media?parent=4714"}],"wp:term":[{"taxonomy":"product_brand","embeddable":true,"href":"https:\/\/vetomshop.hu\/fr\/wp-json\/wp\/v2\/product_brand?post=4714"},{"taxonomy":"product_cat","embeddable":true,"href":"https:\/\/vetomshop.hu\/fr\/wp-json\/wp\/v2\/product_cat?post=4714"},{"taxonomy":"product_tag","embeddable":true,"href":"https:\/\/vetomshop.hu\/fr\/wp-json\/wp\/v2\/product_tag?post=4714"}],"curies":[{"name":"wp","href":"https:\/\/api.w.org\/{rel}","templated":true}]}}