{"id":4716,"date":"2023-11-11T14:33:55","date_gmt":"2023-11-11T13:33:55","guid":{"rendered":"https:\/\/vetomshop.hu\/termek\/triomed-mmw\/"},"modified":"2023-11-11T14:33:55","modified_gmt":"2023-11-11T13:33:55","slug":"triomed-mmw","status":"publish","type":"product","link":"https:\/\/vetomshop.hu\/fr\/produit\/triomed-mmw\/","title":{"rendered":"Triomed MMW"},"content":{"rendered":"<h4>TRIOMED UNIVERSAL - LE SP\u00c9CIALISTE DES MALADIES<\/h4>\n<p>Quelle est la cl\u00e9 de la gu\u00e9rison ? Quelle est la solution \u00e0 la myriade de probl\u00e8mes de sant\u00e9 ?<\/p>\n<p>La r\u00e9ponse est simple, mais la solution n'a pu \u00eatre trouv\u00e9e que dans le monde moderne des inventions informatiques d'aujourd'hui, lorsque l'on a cr\u00e9\u00e9 un g\u00e9n\u00e9rateur semi-conducteur super rapide \u00e0 base de SiGe qui g\u00e9n\u00e8re des signaux identiques \u00e0 ceux des cellules et des organismes. Cette innovation a permis la communication biologique entre un appareil et un \u00eatre humain. Cette innovation m\u00e9dicale a \u00e9t\u00e9 brevet\u00e9e sous le nom de technologie BioTrEM.<br \/>\nPrenons un exemple de la vie quotidienne. Tout professionnel de la sant\u00e9 sait que si l'oncle Hansel et la tante Gretel souffrent tous deux d'hypertension art\u00e9rielle, la seule similitude entre les deux personnes r\u00e9side dans leurs sympt\u00f4mes. Elles n'ont rien en commun, ni dans leur apparition, ni dans d'autres param\u00e8tres tels que l'\u00e2ge, le sexe, les ant\u00e9c\u00e9dents, la cause ou l'\u00e9volution de la maladie. Pourtant, les deux personnes prennent le m\u00eame m\u00e9dicament, car jusqu'\u00e0 pr\u00e9sent, les fournisseurs de solutions n'avaient pas les moyens de traiter ces deux personnes diff\u00e9remment.<\/p>\n<p>L'appareil Triomed Universal est unique en ce sens qu'il traite chaque personne diff\u00e9remment gr\u00e2ce \u00e0 ses \u00e9metteurs connectables sp\u00e9cifiques \u00e0 la maladie, comme l'\u00e9metteur sp\u00e9cial Cardiologie, qui est coordonn\u00e9 avec le patient \u00e0 chaque moment du traitement. La fr\u00e9quence de l'\u00e9metteur Cardiology Connectable to Triomed Universal correspond \u00e0 la fr\u00e9quence saine du syst\u00e8me cardiovasculaire, utilisant ces signaux subtils pour r\u00e9accorder le corps \u00e0 un fonctionnement sain. Le traitement est ainsi personnalis\u00e9, s'adaptant aux changements qui se produisent dans le corps d'une personne et s'alignant sur lui \u00e0 chaque instant.<\/p>\n<div class=\"su-spoiler su-spoiler-style-defoult su-spoiler-icon-caret su-spoiler-closed\" data-scroll-offset=\"0\" data-anchor-in-url=\"no\"><div class=\"su-spoiler-title\" tabindex=\"0\" role=\"button\"><span class=\"su-spoiler-icon\"><\/span>Tous<\/div><div class=\"su-spoiler-content su-u-clearfix su-u-trim\">\n<p><strong>Biofeedback dans la gamme des radiofr\u00e9quences !<\/strong><\/p>\n<p>C'est cette invention innovante qui rend cette gamme si unique, si efficace !<\/p>\n<p>Pensez-y : connaissons-nous un appareil qui suit chacun de nos mouvements, qui est contr\u00f4l\u00e9 automatiquement par nous, ind\u00e9pendamment de notre conscience, et qui - soyons honn\u00eates ! - peut nous tromper !<\/p>\n<p>Le TRIOMED UNIVERSAL comprend deux \u00e9metteurs de pointe dans son emballage de base, qui peuvent \u00eatre utilis\u00e9s \u00e0 la fois pour le traitement et la pr\u00e9vention des maladies. L'appareil peut activer un grand nombre de programmes et de sous-programmes - pr\u00e8s d'un millier. \u00c0 cette fin, l'appareil peut \u00eatre compl\u00e9t\u00e9 par 11 t\u00eates enfichables sur demande, ce qui permet d'ajouter de nouvelles fonctions et capacit\u00e9s \u00e0 l'appareil de base. Un excellent outil pour les m\u00e9decins, les \u00e9tablissements de sant\u00e9, les gu\u00e9risseurs et le compl\u00e9ment id\u00e9al de votre pharmacie \u00e0 domicile !<\/p>\n<p><strong>Il est facile \u00e0 utiliser, on pourrait dire : un jeu d'enfant !<\/strong><\/p>\n<p>Le dispositif est class\u00e9 comme dispositif m\u00e9dical de stimulation \u00e9lectromagn\u00e9tique active, destin\u00e9 \u00e0 la pr\u00e9vention et au traitement de conditions pathologiques par l'application d'un rayonnement \u00e9lectromagn\u00e9tique de basse intensit\u00e9 \u00e0 tr\u00e8s haute fr\u00e9quence et infrarouge (IV) \u00e0 travers la peau. Il permet d'acc\u00e9l\u00e9rer le processus de gu\u00e9rison, de r\u00e9duire la quantit\u00e9 et les effets secondaires des m\u00e9dicaments et d'obtenir des r\u00e9sultats cliniques positifs chez les patients qui tol\u00e8rent mal les m\u00e9dicaments. L'appareil peut \u00eatre utilis\u00e9 dans les \u00e9tablissements de sant\u00e9 ou \u00e0 domicile.<br \/>\nLe dispositif a des effets anti-inflammatoires, analg\u00e9siques et anti-\u0153d\u00e8mes. D'autres effets clinico-physiologiques se manifestent dans les processus de r\u00e9g\u00e9n\u00e9ration cellulaire, l'am\u00e9lioration de la r\u00e9sistance du corps, l'am\u00e9lioration de l'h\u00e9modynamique, le soulagement du stress et la normalisation de la r\u00e9gulation du syst\u00e8me nerveux autonome.<\/p>\n<\/div><\/div>","protected":false},"excerpt":{"rendered":"<p>TRIOMED UNIVERSAL \u2013 A BETEGS\u00c9GEK SPECIALIST\u00c1JA Mi a gy\u00f3gyul\u00e1s kulcsa? Mi lenne a megold\u00e1s a sz\u00e1mtalan eg\u00e9szs\u00e9g\u00fcgyi probl\u00e9m\u00e1ra? A v\u00e1lasz egyszer\u0171, de a megold\u00e1s csak a mai modern, informatikai tal\u00e1lm\u00e1nyokkal b\u0151velked\u0151 vil\u00e1gunkban tudott megval\u00f3sulni, mikor is siker\u00fclt l\u00e9trehozni egy olyan szupergyors f\u00e9lvezet\u0151 SiGe alap\u00fa gener\u00e1tort, mely a sejtekkel, szervezettel azonos jeleket gener\u00e1l. Ennek az innov\u00e1ci\u00f3nak [&hellip;]<\/p>\n","protected":false},"featured_media":4715,"comment_status":"open","ping_status":"closed","template":"","meta":[],"product_brand":[],"product_cat":[34,32],"product_tag":[],"class_list":{"0":"post-4716","1":"product","2":"type-product","3":"status-publish","4":"has-post-thumbnail","6":"product_cat-keszulekek","7":"product_cat-triomed","9":"first","10":"instock","11":"taxable","12":"shipping-taxable","13":"purchasable","14":"product-type-simple"},"_links":{"self":[{"href":"https:\/\/vetomshop.hu\/fr\/wp-json\/wp\/v2\/product\/4716","targetHints":{"allow":["GET"]}}],"collection":[{"href":"https:\/\/vetomshop.hu\/fr\/wp-json\/wp\/v2\/product"}],"about":[{"href":"https:\/\/vetomshop.hu\/fr\/wp-json\/wp\/v2\/types\/product"}],"replies":[{"embeddable":true,"href":"https:\/\/vetomshop.hu\/fr\/wp-json\/wp\/v2\/comments?post=4716"}],"wp:featuredmedia":[{"embeddable":true,"href":"https:\/\/vetomshop.hu\/fr\/wp-json\/wp\/v2\/media\/4715"}],"wp:attachment":[{"href":"https:\/\/vetomshop.hu\/fr\/wp-json\/wp\/v2\/media?parent=4716"}],"wp:term":[{"taxonomy":"product_brand","embeddable":true,"href":"https:\/\/vetomshop.hu\/fr\/wp-json\/wp\/v2\/product_brand?post=4716"},{"taxonomy":"product_cat","embeddable":true,"href":"https:\/\/vetomshop.hu\/fr\/wp-json\/wp\/v2\/product_cat?post=4716"},{"taxonomy":"product_tag","embeddable":true,"href":"https:\/\/vetomshop.hu\/fr\/wp-json\/wp\/v2\/product_tag?post=4716"}],"curies":[{"name":"wp","href":"https:\/\/api.w.org\/{rel}","templated":true}]}}