{"id":4720,"date":"2023-11-11T14:33:56","date_gmt":"2023-11-11T13:33:56","guid":{"rendered":"https:\/\/vetomshop.hu\/termek\/egeszseges-maj-jelado\/"},"modified":"2024-10-29T21:36:20","modified_gmt":"2024-10-29T20:36:20","slug":"egeszseges-maj-jelado","status":"publish","type":"product","link":"https:\/\/vetomshop.hu\/fr\/produit\/egeszseges-maj-jelado\/","title":{"rendered":"Balises pour un foie sain"},"content":{"rendered":"<h4>\u00abRadiateur \u00bbfoie sain\" \u211614<\/h4>\n<p>Sa fr\u00e9quence correspond \u00e0 celle du tissu h\u00e9patique et sa dur\u00e9e d'utilisation est de 12 minutes.<\/p>\n<p>Il peut \u00eatre utilis\u00e9 dans le cadre de programmes de traitement complexes du foie, de la bile et des voies biliaires.<\/p>\n<ul>\n<li>Stimule le m\u00e9tabolisme (processus m\u00e9taboliques) dans les h\u00e9patocytes (cellules du foie).<\/li>\n<li>Am\u00e9liore les fonctions de synth\u00e8se et de d\u00e9toxification du foie.<\/li>\n<li>R\u00e9duit l'\u0153d\u00e8me.<\/li>\n<li>Stimule les processus de r\u00e9g\u00e9n\u00e9ration et de r\u00e9paration des h\u00e9patocytes.<\/li>\n<li>Il a un effet antispasmodique.<\/li>\n<li>Effet analg\u00e9sique.<\/li>\n<li>Effet anti-inflammatoire.<\/li>\n<li>Am\u00e9liore la circulation sanguine.<\/li>\n<li>Optimise la formation et la s\u00e9cr\u00e9tion de la bile.<\/li>\n<li>Pr\u00e9vient les l\u00e9sions cirrhotiques du foie.<\/li>\n<\/ul>\n<div class=\"su-spoiler su-spoiler-style-defoult su-spoiler-icon-caret su-spoiler-closed\" data-scroll-offset=\"0\" data-anchor-in-url=\"no\"><div class=\"su-spoiler-title\" tabindex=\"0\" role=\"button\"><span class=\"su-spoiler-icon\"><\/span>Tous<\/div><div class=\"su-spoiler-content su-u-clearfix su-u-trim\">\n<p>Zones de traitement recommand\u00e9es : points et zones biologiquement actifs, 12-12 minutes par point. Les traitements recommand\u00e9s peuvent \u00eatre r\u00e9p\u00e9t\u00e9s 2 \u00e0 3 fois par an, apr\u00e8s un minimum de 3 mois, jusqu'\u00e0 ce que l'\u00e9tat s'am\u00e9liore, et peuvent \u00eatre compl\u00e9t\u00e9s par d'autres traitements bioinformatiques.<\/p>\n<\/div><\/div>","protected":false},"excerpt":{"rendered":"<p>\u00abEg\u00e9szs\u00e9ges m\u00e1j\u00bb sug\u00e1rz\u00f3 \u211614 Frekvenci\u00e1ja megfelel a m\u00e1jsz\u00f6vet frekvenci\u00e1j\u00e1nak, m\u0171k\u00f6d\u00e9si ideje 12 perc. A m\u00e1j, az epe \u00e9s az epevezet\u00e9kek komplex kezel\u00e9si programjaiban alkalmazhat\u00f3. Serkenti a metabolizmus (anyagcsere) folyamatait a hepatocit\u00e1kban (a m\u00e1jsejtekben). Jav\u00edtja a m\u00e1j szintetikus \u00e9s dezintoxik\u00e1ci\u00f3s funkci\u00f3it. Cs\u00f6kkenti az \u00f6d\u00e9m\u00e1sod\u00e1st. Serkenti a hepatocit\u00e1k regener\u00e1ci\u00f3s \u00e9s repar\u00e1ci\u00f3s folyamatait. G\u00f6rcsold\u00f3 hat\u00e1sa van. F\u00e1jdalomcsillap\u00edt\u00f3 hat\u00e1s. [&hellip;]<\/p>\n","protected":false},"featured_media":4719,"comment_status":"open","ping_status":"closed","template":"","meta":[],"product_brand":[],"product_cat":[35,32],"product_tag":[],"class_list":{"0":"post-4720","1":"product","2":"type-product","3":"status-publish","4":"has-post-thumbnail","6":"product_cat-csatlakoztathato-jeladok","7":"product_cat-triomed","9":"first","10":"instock","11":"taxable","12":"shipping-taxable","13":"purchasable","14":"product-type-simple"},"_links":{"self":[{"href":"https:\/\/vetomshop.hu\/fr\/wp-json\/wp\/v2\/product\/4720","targetHints":{"allow":["GET"]}}],"collection":[{"href":"https:\/\/vetomshop.hu\/fr\/wp-json\/wp\/v2\/product"}],"about":[{"href":"https:\/\/vetomshop.hu\/fr\/wp-json\/wp\/v2\/types\/product"}],"replies":[{"embeddable":true,"href":"https:\/\/vetomshop.hu\/fr\/wp-json\/wp\/v2\/comments?post=4720"}],"wp:featuredmedia":[{"embeddable":true,"href":"https:\/\/vetomshop.hu\/fr\/wp-json\/wp\/v2\/media\/4719"}],"wp:attachment":[{"href":"https:\/\/vetomshop.hu\/fr\/wp-json\/wp\/v2\/media?parent=4720"}],"wp:term":[{"taxonomy":"product_brand","embeddable":true,"href":"https:\/\/vetomshop.hu\/fr\/wp-json\/wp\/v2\/product_brand?post=4720"},{"taxonomy":"product_cat","embeddable":true,"href":"https:\/\/vetomshop.hu\/fr\/wp-json\/wp\/v2\/product_cat?post=4720"},{"taxonomy":"product_tag","embeddable":true,"href":"https:\/\/vetomshop.hu\/fr\/wp-json\/wp\/v2\/product_tag?post=4720"}],"curies":[{"name":"wp","href":"https:\/\/api.w.org\/{rel}","templated":true}]}}