{"id":4722,"date":"2023-11-11T14:33:56","date_gmt":"2023-11-11T13:33:56","guid":{"rendered":"https:\/\/vetomshop.hu\/termek\/egeszseges-vese-jelado\/"},"modified":"2023-11-11T14:33:56","modified_gmt":"2023-11-11T13:33:56","slug":"egeszseges-vese-jelado","status":"publish","type":"product","link":"https:\/\/vetomshop.hu\/fr\/produit\/egeszseges-vese-jelado\/","title":{"rendered":"Balise de sant\u00e9 r\u00e9nale"},"content":{"rendered":"<h4>Rein sain irradiant 15 s.<\/h4>\n<p>Dur\u00e9e de fonctionnement de l'\u00e9metteur 11 minutes<br \/>\nIl correspond \u00e0 la fr\u00e9quence des reins et des voies urinaires.<\/p>\n<p>Son utilisation est recommand\u00e9e dans la pr\u00e9vention et le traitement compl\u00e9mentaire des maladies des reins et des voies urinaires.<br \/>\nAm\u00e9liore la circulation sanguine et le m\u00e9tabolisme dans les n\u00e9phrons (unit\u00e9s fonctionnelles des reins) et les voies urinaires.<\/p>\n<ul>\n<li>Il am\u00e9liore la r\u00e9absorption r\u00e9nale, la filtration, la synth\u00e8se, la r\u00e9gulation ionique, la d\u00e9sintoxication et les processus m\u00e9taboliques.<\/li>\n<li>Il stimule les processus de r\u00e9g\u00e9n\u00e9ration et de r\u00e9paration des tissus r\u00e9naux et des voies urinaires.<\/li>\n<li>Effet antispasmodique.<\/li>\n<li>Effet analg\u00e9sique.<\/li>\n<li>Effet anti-inflammatoire.<\/li>\n<li>Pr\u00e9vient les l\u00e9sions scl\u00e9reuses.<\/li>\n<\/ul>\n<p>L'application sur les points et zones biologiquement actifs est recommand\u00e9e.<\/p>\n<div class=\"su-spoiler su-spoiler-style-defoult su-spoiler-icon-caret su-spoiler-closed\" data-scroll-offset=\"0\" data-anchor-in-url=\"no\"><div class=\"su-spoiler-title\" tabindex=\"0\" role=\"button\"><span class=\"su-spoiler-icon\"><\/span>Tous<\/div><div class=\"su-spoiler-content su-u-clearfix su-u-trim\">\n<p>La radioth\u00e9rapie est recommand\u00e9e pour la pr\u00e9vention et le traitement compl\u00e9mentaire des maladies suivantes :<\/p>\n<ul>\n<li>inflammation aigu\u00eb et chronique des reins, inflammation de la vessie, maladies inflammatoires des voies urinaires,<\/li>\n<li>des troubles du m\u00e9tabolisme (y compris la formation de calculs r\u00e9naux),<\/li>\n<li>dans les maladies auto-immunes - lorsque les reins sont touch\u00e9s, et dans les maladies r\u00e9nales auto-immunes,<\/li>\n<li>en cas de maladie r\u00e9nale caus\u00e9e par des substances toxiques<\/li>\n<\/ul>\n<\/div><\/div>","protected":false},"excerpt":{"rendered":"<p>Eg\u00e9szs\u00e9ges vese sug\u00e1rz\u00f3 15 sz. A sug\u00e1rz\u00f3 m\u0171k\u00f6d\u00e9si ideje 11 perc Megfelel a vesesz\u00f6vet \u00e9s a h\u00fagyutak frekvenci\u00e1j\u00e1nak. Alkalmaz\u00e1sa javasolt a vesebetegs\u00e9gek \u00e9s a h\u00fagyutak megbeteged\u00e9seinek megel\u0151z\u00e9s\u00e9ben \u00e9s kieg\u00e9sz\u00edt\u0151 kezel\u00e9s\u00e9ben Jav\u00edtja a nefronok (a vese funkcion\u00e1lis egys\u00e9geinek) \u00e9s a h\u00fagyutak v\u00e9rkering\u00e9s\u00e9t \u00e9s anyagcsere folyamatait. Jav\u00edtja a vese reabszorbci\u00f3s, filtr\u00e1ci\u00f3s, szintetikus, ionszab\u00e1lyz\u00f3, m\u00e9regtelen\u00edt\u0151 \u00e9s metabolikus folyamatait. [&hellip;]<\/p>\n","protected":false},"featured_media":4721,"comment_status":"open","ping_status":"closed","template":"","meta":[],"product_brand":[],"product_cat":[35,32],"product_tag":[],"class_list":{"0":"post-4722","1":"product","2":"type-product","3":"status-publish","4":"has-post-thumbnail","6":"product_cat-csatlakoztathato-jeladok","7":"product_cat-triomed","9":"first","10":"instock","11":"taxable","12":"shipping-taxable","13":"purchasable","14":"product-type-simple"},"_links":{"self":[{"href":"https:\/\/vetomshop.hu\/fr\/wp-json\/wp\/v2\/product\/4722","targetHints":{"allow":["GET"]}}],"collection":[{"href":"https:\/\/vetomshop.hu\/fr\/wp-json\/wp\/v2\/product"}],"about":[{"href":"https:\/\/vetomshop.hu\/fr\/wp-json\/wp\/v2\/types\/product"}],"replies":[{"embeddable":true,"href":"https:\/\/vetomshop.hu\/fr\/wp-json\/wp\/v2\/comments?post=4722"}],"wp:featuredmedia":[{"embeddable":true,"href":"https:\/\/vetomshop.hu\/fr\/wp-json\/wp\/v2\/media\/4721"}],"wp:attachment":[{"href":"https:\/\/vetomshop.hu\/fr\/wp-json\/wp\/v2\/media?parent=4722"}],"wp:term":[{"taxonomy":"product_brand","embeddable":true,"href":"https:\/\/vetomshop.hu\/fr\/wp-json\/wp\/v2\/product_brand?post=4722"},{"taxonomy":"product_cat","embeddable":true,"href":"https:\/\/vetomshop.hu\/fr\/wp-json\/wp\/v2\/product_cat?post=4722"},{"taxonomy":"product_tag","embeddable":true,"href":"https:\/\/vetomshop.hu\/fr\/wp-json\/wp\/v2\/product_tag?post=4722"}],"curies":[{"name":"wp","href":"https:\/\/api.w.org\/{rel}","templated":true}]}}