{"id":4724,"date":"2023-11-11T14:33:57","date_gmt":"2023-11-11T13:33:57","guid":{"rendered":"https:\/\/vetomshop.hu\/termek\/gyulladascsokkento-jelado\/"},"modified":"2023-11-11T14:33:57","modified_gmt":"2023-11-11T13:33:57","slug":"gyulladascsokkento-jelado","status":"publish","type":"product","link":"https:\/\/vetomshop.hu\/fr\/produit\/gyulladascsokkento-jelado\/","title":{"rendered":"Balise anti-inflammatoire"},"content":{"rendered":"<h4>Radiateur anti-inflammatoire, n\u00b0 26.<\/h4>\n<p>Dur\u00e9e de fonctionnement : 13 minutes<\/p>\n<p><strong>Impact :<\/strong><\/p>\n<p>Il agit sur le syst\u00e8me immunitaire, avec une fr\u00e9quence qui correspond \u00e0 celle du syst\u00e8me lymphatique et de certaines structures du syst\u00e8me nerveux autonome (cha\u00eenes p\u00e9riph\u00e9riques, segmentaires et suprasegmentaires).<\/p>\n<ul>\n<li>Am\u00e9liore la circulation lymphatique,<\/li>\n<li>la qualit\u00e9 des lymphocytes,<\/li>\n<li>acc\u00e9l\u00e8re l'\u00e9limination des substances toxiques du liquide intercellulaire,<\/li>\n<li>acc\u00e9l\u00e8re la cicatrisation des plaies et la r\u00e9g\u00e9n\u00e9ration des cellules et des tissus,<\/li>\n<li>contribue \u00e0 la d\u00e9sintoxication de l'organisme,<\/li>\n<li>a un effet anti-\u0153d\u00e8me,<\/li>\n<li>effet analg\u00e9sique,<\/li>\n<li>effet stimulant sur le syst\u00e8me immunitaire,<\/li>\n<li>effet anti-inflammatoire,<\/li>\n<li>\u00e9limine les cicatrices,<\/li>\n<li>active la fonction de la moelle osseuse,<\/li>\n<li>augmente la r\u00e9sistance de l'organisme,<\/li>\n<li>structures eau.<\/li>\n<\/ul>\n<div class=\"su-spoiler su-spoiler-style-defoult su-spoiler-icon-caret su-spoiler-closed\" data-scroll-offset=\"0\" data-anchor-in-url=\"no\"><div class=\"su-spoiler-title\" tabindex=\"0\" role=\"button\"><span class=\"su-spoiler-icon\"><\/span>Tous<\/div><div class=\"su-spoiler-content su-u-clearfix su-u-trim\">\n<p>Zones d'application recommand\u00e9es : zones de surface lymphatique, projections de ganglions lymphatiques, surface des plaies, sites biologiquement actifs (BAT).<\/p>\n<p>Applicable \u00e0 :<\/p>\n<ul>\n<li>la d\u00e9sintoxication de l'organisme<\/li>\n<li>acc\u00e9l\u00e9rer le processus de r\u00e9g\u00e9n\u00e9ration apr\u00e8s une intervention chirurgicale ou une fracture<\/li>\n<li>normalisation de la num\u00e9ration sanguine apr\u00e8s chimioth\u00e9rapie et radioth\u00e9rapie<\/li>\n<li>en phase de r\u00e9adaptation apr\u00e8s des maladies graves et des efforts physiques<\/li>\n<li>la r\u00e9gulation du syst\u00e8me immunitaire dans les maladies aigu\u00ebs et chroniques<\/li>\n<li>ralentissement de la circulation lymphatique d'origines diverses (y compris \u0153d\u00e8mes), processus inflammatoires<\/li>\n<li>en cosm\u00e9tique : am\u00e9lioration de la circulation lymphatique de la peau<\/li>\n<li>l'\u00e9limination de l'intoxication due \u00e0 diverses causes (alcool, stup\u00e9fiants, aliments, produits chimiques, maladies graves)<\/li>\n<li>dans les r\u00e9actions allergiques.<\/li>\n<\/ul>\n<\/div><\/div>","protected":false},"excerpt":{"rendered":"<p>Gyullad\u00e1scs\u00f6kkent\u0151 sug\u00e1rz\u00f3, 26. sz. M\u0171k\u00f6d\u00e9s\u00e9nek ideje: 13 perc Hat\u00e1sa: Hat az immunrendszerre, rezg\u00e9se megegyezik a nyirokrendszer frekvenci\u00e1j\u00e1val, valamint a vegetat\u00edv idegrendszer n\u00e9h\u00e1ny strukt\u00far\u00e1j\u00e1val (perif\u00e9ri\u00e1s, szegment\u00e1lis, szegmens feletti l\u00e1ncok). Jav\u00edtja a nyirokkering\u00e9st, a limfocit\u00e1k min\u0151s\u00e9g\u00e9t, gyors\u00edtja a toxikus anyagok ki\u00fcr\u00edt\u00e9s\u00e9t a sejtk\u00f6zti folyad\u00e9kb\u00f3l, gyors\u00edtja a sebek begy\u00f3gyul\u00e1s\u00e1t, a sejtek \u00e9s sz\u00f6vetek regener\u00e1l\u00f3d\u00e1s\u00e1t, el\u0151seg\u00edti a szervezet m\u00e9regtelen\u00edt\u00e9s\u00e9t, [&hellip;]<\/p>\n","protected":false},"featured_media":4723,"comment_status":"open","ping_status":"closed","template":"","meta":[],"product_brand":[],"product_cat":[35,32],"product_tag":[],"class_list":{"0":"post-4724","1":"product","2":"type-product","3":"status-publish","4":"has-post-thumbnail","6":"product_cat-csatlakoztathato-jeladok","7":"product_cat-triomed","9":"first","10":"instock","11":"taxable","12":"shipping-taxable","13":"purchasable","14":"product-type-simple"},"_links":{"self":[{"href":"https:\/\/vetomshop.hu\/fr\/wp-json\/wp\/v2\/product\/4724","targetHints":{"allow":["GET"]}}],"collection":[{"href":"https:\/\/vetomshop.hu\/fr\/wp-json\/wp\/v2\/product"}],"about":[{"href":"https:\/\/vetomshop.hu\/fr\/wp-json\/wp\/v2\/types\/product"}],"replies":[{"embeddable":true,"href":"https:\/\/vetomshop.hu\/fr\/wp-json\/wp\/v2\/comments?post=4724"}],"wp:featuredmedia":[{"embeddable":true,"href":"https:\/\/vetomshop.hu\/fr\/wp-json\/wp\/v2\/media\/4723"}],"wp:attachment":[{"href":"https:\/\/vetomshop.hu\/fr\/wp-json\/wp\/v2\/media?parent=4724"}],"wp:term":[{"taxonomy":"product_brand","embeddable":true,"href":"https:\/\/vetomshop.hu\/fr\/wp-json\/wp\/v2\/product_brand?post=4724"},{"taxonomy":"product_cat","embeddable":true,"href":"https:\/\/vetomshop.hu\/fr\/wp-json\/wp\/v2\/product_cat?post=4724"},{"taxonomy":"product_tag","embeddable":true,"href":"https:\/\/vetomshop.hu\/fr\/wp-json\/wp\/v2\/product_tag?post=4724"}],"curies":[{"name":"wp","href":"https:\/\/api.w.org\/{rel}","templated":true}]}}