{"id":4726,"date":"2023-11-11T14:33:58","date_gmt":"2023-11-11T13:33:58","guid":{"rendered":"https:\/\/vetomshop.hu\/termek\/infravoros-jelado\/"},"modified":"2023-11-11T14:33:58","modified_gmt":"2023-11-11T13:33:58","slug":"infravoros-jelado","status":"publish","type":"product","link":"https:\/\/vetomshop.hu\/fr\/produit\/infravoros-jelado\/","title":{"rendered":"Balise infrarouge"},"content":{"rendered":"<h4>\u00c9metteur infrarouge IV<\/h4>\n<p>Rayonnement infrarouge (rayonnement IV) - rayonnement \u00e9lectromagn\u00e9tique, faisant partie des rayons du soleil. Les rayons IV ont des effets anti-inflammatoires, antispasmodiques, dispersants (absorption) et analg\u00e9siques.<\/p>\n<p><strong>Les avantages du radiateur Triomed Universal IV :<\/strong><\/p>\n<p>Gr\u00e2ce \u00e0 de nouveaux mat\u00e9riaux et de nouvelles technologies, nous sommes parvenus \u00e0 cr\u00e9er une source de rayonnement IV puls\u00e9 de faible intensit\u00e9, \u00e0 action modul\u00e9e, fonctionnant selon un programme sp\u00e9cifique, qui peut \u00eatre utilis\u00e9e pour exercer un effet d'information \u00e9nerg\u00e9tique principalement au niveau cellulaire - et au niveau des constituants de la cellule.<\/p>\n<p>Il fournit de l'\u00e9nergie \u00e0 la cellule par r\u00e9sonance, ce qui active les processus m\u00e9taboliques et augmente les niveaux d'\u00e9nergie en cas de manque d'oxyg\u00e8ne.<br \/>\nCes processus, en plus d'\u00eatre positifs en eux-m\u00eames, aident l'organisme \u00e0 millim\u00e9trer la th\u00e9rapie et, dans de nombreux cas, \u00e0 en augmenter l'efficacit\u00e9.<\/p>\n<p>La radioth\u00e9rapie IV est indiqu\u00e9e dans les cas suivants : maladies inflammatoires chroniques et post-aigu\u00ebs (pr\u00e9-aigu\u00ebs) non purulentes des organes internes, plaies mal cicatris\u00e9es et plaies caus\u00e9es par une thrombose, maladies douloureuses du syst\u00e8me nerveux p\u00e9riph\u00e9rique, traitement postop\u00e9ratoire des br\u00fblures et des gelures, dysfonctionnement v\u00e9g\u00e9tatif, sympathie.<\/p>\n<p>Contre-indications \u00e0 l'utilisation de la radioth\u00e9rapie IV : n\u00e9oplasmes b\u00e9nins ou malins, phase active de la tuberculose, hypertension de stade III, h\u00e9morragie et troubles circulatoires de grade IIIII.<\/p>\n<div class=\"su-spoiler su-spoiler-style-defoult su-spoiler-icon-caret su-spoiler-closed\" data-scroll-offset=\"0\" data-anchor-in-url=\"no\"><div class=\"su-spoiler-title\" tabindex=\"0\" role=\"button\"><span class=\"su-spoiler-icon\"><\/span>Tous<\/div><div class=\"su-spoiler-content su-u-clearfix su-u-trim\"><strong>Les principaux effets cliniques de l'irradiateur Triomed Universal IV :<\/strong><\/p>\n<ul>\n<li>am\u00e9liore la circulation sanguine,<\/li>\n<li>normalise la microcirculation,<\/li>\n<li>optimise l'activit\u00e9 des syst\u00e8mes nerveux, hormonal et immunitaire,<\/li>\n<li>favorise la r\u00e9g\u00e9n\u00e9ration cellulaire.<\/li>\n<\/ul>\n<p><strong>Comment l'utiliser ?<\/strong><\/p>\n<ul>\n<li>La diode de lumi\u00e8re infrarouge est utilis\u00e9e pour cibler les points et les zones qui doivent \u00eatre pr\u00e9par\u00e9s, ou \u201er\u00e9chauff\u00e9s\u201d, avant le traitement millim\u00e9trique sp\u00e9cial. Le traitement dure 5 minutes par zone.<\/li>\n<li>Il peut \u00eatre utilis\u00e9 pour favoriser la r\u00e9sorption des cicatrices \u00e0 raison de 10 minutes par jour pendant 2 semaines.<\/li>\n<li>Pour le traitement des maladies inflammatoires chroniques et lentes (au foyer de la maladie). Le traitement dure 10 minutes, appliqu\u00e9 sur l'organe affect\u00e9, pendant 2 semaines.<\/li>\n<li>Dans le diab\u00e8te de type II pour favoriser la sensibilit\u00e9 \u00e0 l'insuline et favoriser la production d'insuline. Traiter la projection du pancr\u00e9as pendant 5 minutes par jour pendant 2 semaines.<\/li>\n<li>Pour favoriser la cicatrisation des plaies diverses et des plaies trophiques, il est recommand\u00e9 de traiter le contour des yeux et le foyer des tumeurs pendant 5 minutes sur 2 semaines avant la th\u00e9rapie millim\u00e9trique.<\/li>\n<\/ul>\n<\/div><\/div>","protected":false},"excerpt":{"rendered":"<p>Infrav\u00f6r\u00f6s sug\u00e1rz\u00f3 IV Az infrav\u00f6r\u00f6s sug\u00e1rz\u00e1s (IV-sug\u00e1rz\u00e1s) \u2013 elektrom\u00e1gneses sug\u00e1rz\u00e1s, a Nap sugarainak r\u00e9sze. Az IV-sugarak gyullad\u00e1scs\u00f6kkent\u0151, g\u00f6rcsold\u00f3, sz\u00e9toszlat\u00f3 (felsz\u00edv\u00f3d\u00e1st el\u0151seg\u00edt\u0151), f\u00e1jdalomcsillap\u00edt\u00f3 hat\u00e1ssal rendelkeznek. A Triomed Universal k\u00e9sz\u00fcl\u00e9k IV-sug\u00e1rz\u00f3j\u00e1nak el\u0151nyei: Az \u00faj anyagoknak \u00e9s technol\u00f3gi\u00e1knak k\u00f6sz\u00f6nhet\u0151en siker\u00fclt l\u00e9trehozni olyan speci\u00e1lis programban m\u0171k\u00f6d\u0151 alacsony intenzit\u00e1s\u00fa pulz\u00e1l\u00f3, modul\u00e1lt hat\u00e1s\u00fa IV-sug\u00e1rz\u00f3t, mely seg\u00edts\u00e9g\u00e9vel els\u0151sorban energoinform\u00e1ci\u00f3s hat\u00e1st tudunk gyakorolni [&hellip;]<\/p>\n","protected":false},"featured_media":4725,"comment_status":"open","ping_status":"closed","template":"","meta":[],"product_brand":[],"product_cat":[35,32],"product_tag":[],"class_list":{"0":"post-4726","1":"product","2":"type-product","3":"status-publish","4":"has-post-thumbnail","6":"product_cat-csatlakoztathato-jeladok","7":"product_cat-triomed","9":"first","10":"instock","11":"taxable","12":"shipping-taxable","13":"purchasable","14":"product-type-simple"},"_links":{"self":[{"href":"https:\/\/vetomshop.hu\/fr\/wp-json\/wp\/v2\/product\/4726","targetHints":{"allow":["GET"]}}],"collection":[{"href":"https:\/\/vetomshop.hu\/fr\/wp-json\/wp\/v2\/product"}],"about":[{"href":"https:\/\/vetomshop.hu\/fr\/wp-json\/wp\/v2\/types\/product"}],"replies":[{"embeddable":true,"href":"https:\/\/vetomshop.hu\/fr\/wp-json\/wp\/v2\/comments?post=4726"}],"wp:featuredmedia":[{"embeddable":true,"href":"https:\/\/vetomshop.hu\/fr\/wp-json\/wp\/v2\/media\/4725"}],"wp:attachment":[{"href":"https:\/\/vetomshop.hu\/fr\/wp-json\/wp\/v2\/media?parent=4726"}],"wp:term":[{"taxonomy":"product_brand","embeddable":true,"href":"https:\/\/vetomshop.hu\/fr\/wp-json\/wp\/v2\/product_brand?post=4726"},{"taxonomy":"product_cat","embeddable":true,"href":"https:\/\/vetomshop.hu\/fr\/wp-json\/wp\/v2\/product_cat?post=4726"},{"taxonomy":"product_tag","embeddable":true,"href":"https:\/\/vetomshop.hu\/fr\/wp-json\/wp\/v2\/product_tag?post=4726"}],"curies":[{"name":"wp","href":"https:\/\/api.w.org\/{rel}","templated":true}]}}