{"id":4728,"date":"2023-11-11T14:33:58","date_gmt":"2023-11-11T13:33:58","guid":{"rendered":"https:\/\/vetomshop.hu\/termek\/kardiologiai-jelado\/"},"modified":"2023-11-11T14:33:58","modified_gmt":"2023-11-11T13:33:58","slug":"kardiologiai-jelado","status":"publish","type":"product","link":"https:\/\/vetomshop.hu\/fr\/produit\/kardiologiai-jelado\/","title":{"rendered":"Balise cardiologique"},"content":{"rendered":"<h4>Radiateur de cardiologie \u211612<\/h4>\n<p>Dur\u00e9e de fonctionnement12 minutes.<\/p>\n<p>La fr\u00e9quence de l'\u00e9metteur cardiologique correspond \u00e0 la fr\u00e9quence du syst\u00e8me cardiovasculaire. Il peut \u00eatre utilis\u00e9 comme th\u00e9rapie d'appoint ou \u00e0 des fins pr\u00e9ventives.<\/p>\n<p><strong>Il promeut :<\/strong><\/p>\n<ul>\n<li>le muscle cardiaque,<\/li>\n<li>am\u00e9liorer la perm\u00e9abilit\u00e9 du c\u0153ur,<\/li>\n<li>la pl\u00e9nitude des battements de c\u0153ur,<\/li>\n<li>pour augmenter l'\u00e9jection du sang,<\/li>\n<li>am\u00e9liorer la qualit\u00e9 du muscle cardiaque,<\/li>\n<li>l'am\u00e9lioration de la microcirculation,<\/li>\n<li>r\u00e9duction de l'incidence du vasospasme (art\u00e8re coronaire).<\/li>\n<\/ul>\n<div class=\"su-spoiler su-spoiler-style-defoult su-spoiler-icon-caret su-spoiler-closed\" data-scroll-offset=\"0\" data-anchor-in-url=\"no\"><div class=\"su-spoiler-title\" tabindex=\"0\" role=\"button\"><span class=\"su-spoiler-icon\"><\/span>Tous<\/div><div class=\"su-spoiler-content su-u-clearfix su-u-trim\">\n<strong>Il peut \u00eatre utilis\u00e9 comme th\u00e9rapie d'appoint pour les maladies suivantes :<\/strong><\/p>\n<ul>\n<li>maladie cardiaque isch\u00e9mique (y compris st\u00e9nocardie),<\/li>\n<li>dans les suites d'un infarctus,<\/li>\n<li>pour les troubles du rythme cardiaque,<\/li>\n<li>pour toutes les maladies affectant le muscle cardiaque et l'endocarde,<\/li>\n<li>hypertension art\u00e9rielle (tous),<\/li>\n<li>l'hypercholest\u00e9rol\u00e9mie de faible densit\u00e9 et l'ath\u00e9roscl\u00e9rose des vaisseaux sanguins.<\/li>\n<\/ul>\n<\/div><\/div>","protected":false},"excerpt":{"rendered":"<p>Kardiol\u00f3giai sug\u00e1rz\u00f3 \u211612 M\u0171k\u00f6d\u00e9si ideje12 perc. A kardiol\u00f3giai sug\u00e1rz\u00f3 frekvenci\u00e1ja a sz\u00edv- \u00e9s \u00e9rrendszer frekvenci\u00e1j\u00e1nak felel meg. Alkalmazhat\u00f3 kieg\u00e9sz\u00edt\u0151 ter\u00e1piak\u00e9nt, vagy megel\u0151z\u00e9s c\u00e9lj\u00e1b\u00f3l. El\u0151seg\u00edti: a sz\u00edvizom m\u0171k\u00f6d\u00e9s\u00e9t, a sz\u00edv \u00e1tereszt\u0151k\u00e9pess\u00e9g\u00e9nek jav\u00edt\u00e1s\u00e1t, a sz\u00edv dobog\u00e1s\u00e1nak teljess\u00e9g\u00e9t, a v\u00e9rkil\u00f6k\u0151d\u00e9s fokoz\u00e1s\u00e1t, a sz\u00edvizom min\u0151s\u00e9g\u00e9nek jav\u00edt\u00e1s\u00e1t, a mikrokering\u00e9s jav\u00edt\u00e1s\u00e1t, az \u00e9rg\u00f6rcs\u00f6k (sz\u00edvkoszor\u00fa\u00e9r) el\u0151fordul\u00e1s\u00e1nak cs\u00f6kken\u00e9s\u00e9t.<\/p>","protected":false},"featured_media":4727,"comment_status":"open","ping_status":"closed","template":"","meta":[],"product_brand":[],"product_cat":[35,32],"product_tag":[],"class_list":{"0":"post-4728","1":"product","2":"type-product","3":"status-publish","4":"has-post-thumbnail","6":"product_cat-csatlakoztathato-jeladok","7":"product_cat-triomed","9":"first","10":"instock","11":"taxable","12":"shipping-taxable","13":"purchasable","14":"product-type-simple"},"_links":{"self":[{"href":"https:\/\/vetomshop.hu\/fr\/wp-json\/wp\/v2\/product\/4728","targetHints":{"allow":["GET"]}}],"collection":[{"href":"https:\/\/vetomshop.hu\/fr\/wp-json\/wp\/v2\/product"}],"about":[{"href":"https:\/\/vetomshop.hu\/fr\/wp-json\/wp\/v2\/types\/product"}],"replies":[{"embeddable":true,"href":"https:\/\/vetomshop.hu\/fr\/wp-json\/wp\/v2\/comments?post=4728"}],"wp:featuredmedia":[{"embeddable":true,"href":"https:\/\/vetomshop.hu\/fr\/wp-json\/wp\/v2\/media\/4727"}],"wp:attachment":[{"href":"https:\/\/vetomshop.hu\/fr\/wp-json\/wp\/v2\/media?parent=4728"}],"wp:term":[{"taxonomy":"product_brand","embeddable":true,"href":"https:\/\/vetomshop.hu\/fr\/wp-json\/wp\/v2\/product_brand?post=4728"},{"taxonomy":"product_cat","embeddable":true,"href":"https:\/\/vetomshop.hu\/fr\/wp-json\/wp\/v2\/product_cat?post=4728"},{"taxonomy":"product_tag","embeddable":true,"href":"https:\/\/vetomshop.hu\/fr\/wp-json\/wp\/v2\/product_tag?post=4728"}],"curies":[{"name":"wp","href":"https:\/\/api.w.org\/{rel}","templated":true}]}}