{"id":4730,"date":"2023-11-11T14:33:58","date_gmt":"2023-11-11T13:33:58","guid":{"rendered":"https:\/\/vetomshop.hu\/termek\/oxigenizalo-jelado\/"},"modified":"2023-11-11T14:33:58","modified_gmt":"2023-11-11T13:33:58","slug":"oxigenizalo-jelado","status":"publish","type":"product","link":"https:\/\/vetomshop.hu\/fr\/produit\/oxigenizalo-jelado\/","title":{"rendered":"Transmetteur d'oxyg\u00e8ne"},"content":{"rendered":"<h4>\u00c9metteur d'oxyg\u00e8ne, n\u00b0 11.<\/h4>\n<p><strong>Dur\u00e9e de fonctionnement :<\/strong> 10 minutes.<\/p>\n<p>La longueur d'onde correspond aux fr\u00e9quences de la cha\u00eene respiratoire (h\u00e9moglobine du sang, mitochondries, ferments), am\u00e9liore le transport et l'utilisation de l'oxyg\u00e8ne, augmente la synth\u00e8se de l'ATP, favorise la respiration cellulaire dans les tissus. La fr\u00e9quence basse correspond \u00e0 la fr\u00e9quence du syst\u00e8me immunitaire.<\/p>\n<ul>\n<li>Am\u00e9liore la microcirculation,<\/li>\n<li>Il a un effet immuno-modulateur,<\/li>\n<li>Il r\u00e9duit le manque d'oxyg\u00e8ne dans les tissus, oxyg\u00e8ne les tissus, a un effet d\u00e9sagr\u00e9geant (emp\u00eache l'agr\u00e9gation des \u00e9rythrocytes et d'autres cellules sanguines), r\u00e9duit la coagulation du sang,<\/li>\n<li>Il favorise la cicatrisation des plaies,<\/li>\n<li>Il aide \u00e0 \u00e9liminer les cicatrices,<\/li>\n<li>Il a un effet analg\u00e9sique,<\/li>\n<li>Il contribue \u00e0 la d\u00e9sintoxication de l'organisme,<\/li>\n<li>Effet antispasmodique,<\/li>\n<li>Favorise la formation du sang, normalise la num\u00e9ration sanguine,<\/li>\n<li>am\u00e9liore la microcirculation,<\/li>\n<li>Il a un effet immuno-modulateur,<\/li>\n<li>R\u00e9duit la carence en oxyg\u00e8ne dans les tissus, enrichit les tissus en oxyg\u00e8ne,<\/li>\n<li>Il a un effet d\u00e9sagr\u00e9geant (emp\u00eache l'agr\u00e9gation des \u00e9rythrocytes et d'autres cellules sanguines), r\u00e9duit la coagulation du sang,<\/li>\n<li>Il favorise la cicatrisation des plaies,<\/li>\n<li>Il aide \u00e0 \u00e9liminer les cicatrices,<\/li>\n<li>Il a un effet analg\u00e9sique,<\/li>\n<li>Il contribue \u00e0 la d\u00e9sintoxication de l'organisme,<\/li>\n<li>Effet antispasmodique,<\/li>\n<li>Favorise la formation du sang, normalise la num\u00e9ration sanguine,<\/li>\n<li>Il a un effet rajeunissant,<\/li>\n<li>Il structure l'eau.<\/li>\n<\/ul>\n<div class=\"su-spoiler su-spoiler-style-defoult su-spoiler-icon-caret su-spoiler-closed\" data-scroll-offset=\"0\" data-anchor-in-url=\"no\"><div class=\"su-spoiler-title\" tabindex=\"0\" role=\"button\"><span class=\"su-spoiler-icon\"><\/span>Tous<\/div><div class=\"su-spoiler-content su-u-clearfix su-u-trim\">\n<p>Domaines d'application recommand\u00e9s : zones de grands vaisseaux sanguins - veines, art\u00e8res, points biologiquement actifs.<\/p>\n<p><strong>Applicable \u00e0 :<\/strong><\/p>\n<ul>\n<li>normaliser le syst\u00e8me immunitaire dans les maladies aigu\u00ebs et chroniques,<\/li>\n<li>am\u00e9liorer le bien-\u00eatre g\u00e9n\u00e9ral, l'endurance, la concentration en cas de stress physique et mental,<\/li>\n<li>la pr\u00e9vention des crises cardiaques et des accidents vasculaires c\u00e9r\u00e9braux,<\/li>\n<li>soins post-infarctus, soins post-AVC,<\/li>\n<li>acc\u00e9l\u00e9rer les processus de r\u00e9g\u00e9n\u00e9ration,<\/li>\n<li>le traitement des plaies et des cicatrices post-op\u00e9ratoires,<\/li>\n<li>la gestion des fractures,<\/li>\n<li>normalisation de la num\u00e9ration sanguine,<\/li>\n<li>apr\u00e8s la radioth\u00e9rapie,<\/li>\n<li>la r\u00e9adaptation apr\u00e8s une maladie grave et un travail physique lourd,<\/li>\n<li>la stimulation de la circulation c\u00e9r\u00e9brale,2<\/li>\n<li>en cosm\u00e9tique : aide la peau \u00e0 absorber les nutriments,<\/li>\n<li>pour les sportifs : augmente l'endurance,<\/li>\n<li>aide les \u00e9coliers et les \u00e9tudiants \u00e0 apprendre,<\/li>\n<li>pour contrer les effets n\u00e9fastes des ordinateurs,<\/li>\n<li>dans le traitement du stress et du syndrome de fatigue chronique,<\/li>\n<li>dans le domaine des cosm\u00e9tiques pour am\u00e9liorer l'\u00e9tat de la peau,<\/li>\n<li>le traitement ou la pr\u00e9vention des maladies animales<\/li>\n<\/ul>\n<\/div><\/div>","protected":false},"excerpt":{"rendered":"<p>Oxig\u00e9n sug\u00e1rz\u00f3, 11. sz. M\u0171k\u00f6d\u00e9si ideje: 10 perc. A hull\u00e1mhossz megfelel a l\u00e9gz\u00e9si l\u00e1nc frekvenci\u00e1inak (a v\u00e9r hemoglobinja, mitokondriumok, fermentumok), javul az oxig\u00e9n sz\u00e1ll\u00edt\u00e1sa \u00e9s hasznos\u00edt\u00e1sa, n\u00f6vekszik ATP-szint\u00e9zis, el\u0151seg\u00edti a sz\u00f6vetben a sejtek l\u00e9gz\u00e9s\u00e9t. Az alacsony frekvencia megfelel az immunrendszer frekvenci\u00e1j\u00e1nak. Jav\u00edtja a mikrokering\u00e9st, Immun-modul\u00e1ci\u00f3s hat\u00e1sa van, Cs\u00f6kkenti az oxig\u00e9nhi\u00e1nyt a sz\u00f6vetekben, oxig\u00e9nnel d\u00fas\u00edtja a [&hellip;]<\/p>\n","protected":false},"featured_media":4729,"comment_status":"open","ping_status":"closed","template":"","meta":[],"product_brand":[],"product_cat":[35,32],"product_tag":[],"class_list":{"0":"post-4730","1":"product","2":"type-product","3":"status-publish","4":"has-post-thumbnail","6":"product_cat-csatlakoztathato-jeladok","7":"product_cat-triomed","9":"first","10":"instock","11":"taxable","12":"shipping-taxable","13":"purchasable","14":"product-type-simple"},"_links":{"self":[{"href":"https:\/\/vetomshop.hu\/fr\/wp-json\/wp\/v2\/product\/4730","targetHints":{"allow":["GET"]}}],"collection":[{"href":"https:\/\/vetomshop.hu\/fr\/wp-json\/wp\/v2\/product"}],"about":[{"href":"https:\/\/vetomshop.hu\/fr\/wp-json\/wp\/v2\/types\/product"}],"replies":[{"embeddable":true,"href":"https:\/\/vetomshop.hu\/fr\/wp-json\/wp\/v2\/comments?post=4730"}],"wp:featuredmedia":[{"embeddable":true,"href":"https:\/\/vetomshop.hu\/fr\/wp-json\/wp\/v2\/media\/4729"}],"wp:attachment":[{"href":"https:\/\/vetomshop.hu\/fr\/wp-json\/wp\/v2\/media?parent=4730"}],"wp:term":[{"taxonomy":"product_brand","embeddable":true,"href":"https:\/\/vetomshop.hu\/fr\/wp-json\/wp\/v2\/product_brand?post=4730"},{"taxonomy":"product_cat","embeddable":true,"href":"https:\/\/vetomshop.hu\/fr\/wp-json\/wp\/v2\/product_cat?post=4730"},{"taxonomy":"product_tag","embeddable":true,"href":"https:\/\/vetomshop.hu\/fr\/wp-json\/wp\/v2\/product_tag?post=4730"}],"curies":[{"name":"wp","href":"https:\/\/api.w.org\/{rel}","templated":true}]}}