{"id":4732,"date":"2023-11-11T14:33:59","date_gmt":"2023-11-11T13:33:59","guid":{"rendered":"https:\/\/vetomshop.hu\/termek\/specialis-111-es-jelado\/"},"modified":"2024-07-31T10:25:20","modified_gmt":"2024-07-31T08:25:20","slug":"specialis-111-es-jelado","status":"publish","type":"product","link":"https:\/\/vetomshop.hu\/fr\/produit\/specialis-111-es-jelado\/","title":{"rendered":"Balise sp\u00e9ciale 111"},"content":{"rendered":"<h4>\u00c9metteur d'enregistrement d'informations sp\u00e9ciales 111<\/h4>\n<p><strong>Dur\u00e9e de fonctionnement de l'\u00e9metteur :<\/strong> 15 mp<\/p>\n<p>Son objectif est d\u201e\u201denregistrer\u201e l'information (le spectre d'ondes \u00e9lectromagn\u00e9tiques d'une gamme donn\u00e9e) et de la \u201dtransf\u00e9rer\" \u00e0 un support d'information s\u00e9lectionn\u00e9 (par exemple l'eau) ou \u00e0 une zone biologiquement active afin d'optimiser les r\u00e9serves fonctionnelles et d'augmenter la capacit\u00e9 d'adaptation de l'organisme, qui peut avoir \u00e9t\u00e9 endommag\u00e9e par des d\u00e9g\u00e2ts environnementaux, des maladies ou d'autres causes.<\/p>\n<p>Pour \u201eenregistrer\u201d l'information, connectez le 111\u00e8me \u00e9metteur au Triomed, approchez-le de l'objet avec sa surface plane et appuyez sur le bouton \u201eStart\u201d. Le compte \u00e0 rebours commence - 15 secondes. Ce n'est qu'une fois le temps programm\u00e9 \u00e9coul\u00e9 que vous pouvez retirer l'\u00e9metteur de l'objet. Pendant ce temps, l'information sur l'objet est \u201estock\u00e9e\u201d sur l'\u00e9metteur, qui reste inchang\u00e9 jusqu'\u00e0 ce que l'\u00e9metteur soit connect\u00e9 \u00e0 l'alimentation \u00e9lectrique (jusqu'\u00e0 ce que l'appareil soit d\u00e9marr\u00e9).<\/p>\n<div class=\"su-spoiler su-spoiler-style-defoult su-spoiler-icon-caret su-spoiler-closed\" data-scroll-offset=\"0\" data-anchor-in-url=\"no\"><div class=\"su-spoiler-title\" tabindex=\"0\" role=\"button\"><span class=\"su-spoiler-icon\"><\/span>Tous<\/div><div class=\"su-spoiler-content su-u-clearfix su-u-trim\">\nPour \u201etransf\u00e9rer\u201d l'information \u00e0 l'eau, il faut approcher l'\u00e9metteur le plus pr\u00e8s possible de l'eau (l'\u00e9paisseur du verre ne doit pas d\u00e9passer 2 mm) et la surface de l'eau doit \u00eatre plus \u00e9lev\u00e9e que le bord sup\u00e9rieur de l'\u00e9metteur. L'eau doit \u00eatre propre et exempte d'acide carbonique et d'autres additifs. Buvez imm\u00e9diatement quelques gorg\u00e9es de l'eau \u201ed'information\u201d pr\u00e9par\u00e9e, avant de la transf\u00e9rer dans un autre r\u00e9cipient ou de la conserver plus longtemps.<\/p>\n<p>Si vous souhaitez conserver le signal d'origine pendant une longue p\u00e9riode afin d'\u00e9viter toute connexion accidentelle avec le Triomed, marquez l'\u00e9metteur d'un signe distinctif.<br \/>\n<\/div><\/div>","protected":false},"excerpt":{"rendered":"<p>Speci\u00e1lis 111 sz. inform\u00e1ci\u00f3t r\u00f6gz\u00edt\u0151 sug\u00e1rz\u00f3 A sug\u00e1rz\u00f3 m\u0171k\u00f6d\u00e9si ideje: 15 mp Rendeltet\u00e9se: az inform\u00e1ci\u00f3 (az adott tartom\u00e1ny elektrom\u00e1gneses hull\u00e1mspektrum\u00e1nak) \u201er\u00f6gz\u00edt\u00e9se\u201d, valamint \u201e\u00e1tvitele\u201d a kiv\u00e1lasztott inform\u00e1ci\u00f3hordoz\u00f3ra (pl. v\u00edzre) vagy biol\u00f3giailag akt\u00edv z\u00f3n\u00e1ra a funkcion\u00e1lis tartal\u00e9kok optimaliz\u00e1ci\u00f3ja \u00e9s a szervezet adapt\u00e1ci\u00f3s lehet\u0151s\u00e9geinek n\u00f6vel\u00e9se c\u00e9lj\u00e1b\u00f3l, melyek a k\u00f6rnyezet k\u00e1ros hat\u00e1sai, betegs\u00e9g, vagy egy\u00e9b okok miatt s\u00e9r\u00fcltek. Az [&hellip;]<\/p>\n","protected":false},"featured_media":4731,"comment_status":"open","ping_status":"closed","template":"","meta":[],"product_brand":[],"product_cat":[35,32],"product_tag":[],"class_list":{"0":"post-4732","1":"product","2":"type-product","3":"status-publish","4":"has-post-thumbnail","6":"product_cat-csatlakoztathato-jeladok","7":"product_cat-triomed","9":"first","10":"instock","11":"taxable","12":"shipping-taxable","13":"purchasable","14":"product-type-simple"},"_links":{"self":[{"href":"https:\/\/vetomshop.hu\/fr\/wp-json\/wp\/v2\/product\/4732","targetHints":{"allow":["GET"]}}],"collection":[{"href":"https:\/\/vetomshop.hu\/fr\/wp-json\/wp\/v2\/product"}],"about":[{"href":"https:\/\/vetomshop.hu\/fr\/wp-json\/wp\/v2\/types\/product"}],"replies":[{"embeddable":true,"href":"https:\/\/vetomshop.hu\/fr\/wp-json\/wp\/v2\/comments?post=4732"}],"wp:featuredmedia":[{"embeddable":true,"href":"https:\/\/vetomshop.hu\/fr\/wp-json\/wp\/v2\/media\/4731"}],"wp:attachment":[{"href":"https:\/\/vetomshop.hu\/fr\/wp-json\/wp\/v2\/media?parent=4732"}],"wp:term":[{"taxonomy":"product_brand","embeddable":true,"href":"https:\/\/vetomshop.hu\/fr\/wp-json\/wp\/v2\/product_brand?post=4732"},{"taxonomy":"product_cat","embeddable":true,"href":"https:\/\/vetomshop.hu\/fr\/wp-json\/wp\/v2\/product_cat?post=4732"},{"taxonomy":"product_tag","embeddable":true,"href":"https:\/\/vetomshop.hu\/fr\/wp-json\/wp\/v2\/product_tag?post=4732"}],"curies":[{"name":"wp","href":"https:\/\/api.w.org\/{rel}","templated":true}]}}