{"id":4733,"date":"2023-11-11T14:33:59","date_gmt":"2023-11-11T13:33:59","guid":{"rendered":"https:\/\/vetomshop.hu\/termek\/szabad-legzes-jelado\/"},"modified":"2023-11-11T14:33:59","modified_gmt":"2023-11-11T13:33:59","slug":"szabad-legzes-jelado","status":"publish","type":"product","link":"https:\/\/vetomshop.hu\/fr\/produit\/szabad-legzes-jelado\/","title":{"rendered":"Emetteur \u00e0 respiration libre"},"content":{"rendered":"<h4>\u201eRespiration libre\u201d \u00c9metteur sp\u00e9cial n\u00b0 16<\/h4>\n<p>Pour Triomed MMW<\/p>\n<p>L'utilisation de rayonnements sp\u00e9cifiques a un effet direct sur les organes et les tissus, les syst\u00e8mes organiques et les syst\u00e8mes fonctionnels du corps humain. BioTrEM\u00ae EMP est bas\u00e9 sur le g\u00e9n\u00e9rateur EHF (brevet international EE 05541).<\/p>\n<p>Dans les programmes de traitement complexes, il est utilis\u00e9 pour la pr\u00e9vention, le traitement et la r\u00e9habilitation des maladies bronchiques et pulmonaires (pneumonie, bronchite, maladies chroniques du syst\u00e8me broncho-pulmonaire, asthme bronchique, etc.).<\/p>\n<p><strong>Dur\u00e9e de fonctionnement<\/strong>: 12 minutes.<\/p>\n<div class=\"su-spoiler su-spoiler-style-defoult su-spoiler-icon-caret su-spoiler-closed\" data-scroll-offset=\"0\" data-anchor-in-url=\"no\"><div class=\"su-spoiler-title\" tabindex=\"0\" role=\"button\"><span class=\"su-spoiler-icon\"><\/span>Tous<\/div><div class=\"su-spoiler-content su-u-clearfix su-u-trim\">\n<strong>Effets de l'\u00e9metteur sp\u00e9cial :<\/strong><\/p>\n<ul>\n<li>am\u00e9liorer les processus m\u00e9taboliques dans les cellules et les tissus du syst\u00e8me broncho-pulmonaire ;<\/li>\n<li>activer les fonctions de base ;<\/li>\n<li>normalisation des processus immunitaires : att\u00e9nuation des agressions auto-immunes et effets immunomodulateurs ;<\/li>\n<li>r\u00e9duire les bronchospasmes ;<\/li>\n<li>l'augmentation de l'\u00e9lasticit\u00e9 du tissu conjonctif dans les poumons atteints d'emphys\u00e8me et de pneumoscl\u00e9rose ;<\/li>\n<li>normalisation des mucosit\u00e9s et de l'\u00e9limination des expectorations.<\/li>\n<\/ul>\n<\/div><\/div>","protected":false},"excerpt":{"rendered":"<p>\u201eSzabad l\u00e9gz\u00e9s\u201d 16. sz. speci\u00e1lis jelad\u00f3 Triomed MMW k\u00e9sz\u00fcl\u00e9khez A speci\u00e1lis sug\u00e1rz\u00f3k haszn\u00e1lata ir\u00e1ny\u00edtott hat\u00e1st gyakorol az emberi test szerveire \u00e9s sz\u00f6veteire, szervrendszereire \u00e9s funkcion\u00e1lis rendszereire. A BioTrEM \u00ae EMP EHF gener\u00e1tor alapj\u00e1n fejlesztett\u00e9k ki (EE 05541 nemzetk\u00f6zi szabadalom). A komplex kezel\u00e9si programokban a h\u00f6rg\u0151k \u00e9s a t\u00fcd\u0151 betegs\u00e9geinek (t\u00fcd\u0151gyullad\u00e1s, h\u00f6rghurut, a h\u00f6rg\u0151-t\u00fcd\u0151 rendszer kr\u00f3nikus [&hellip;]<\/p>\n","protected":false},"featured_media":4729,"comment_status":"open","ping_status":"closed","template":"","meta":[],"product_brand":[],"product_cat":[35,32],"product_tag":[],"class_list":{"0":"post-4733","1":"product","2":"type-product","3":"status-publish","4":"has-post-thumbnail","6":"product_cat-csatlakoztathato-jeladok","7":"product_cat-triomed","9":"first","10":"instock","11":"taxable","12":"shipping-taxable","13":"purchasable","14":"product-type-simple"},"_links":{"self":[{"href":"https:\/\/vetomshop.hu\/fr\/wp-json\/wp\/v2\/product\/4733","targetHints":{"allow":["GET"]}}],"collection":[{"href":"https:\/\/vetomshop.hu\/fr\/wp-json\/wp\/v2\/product"}],"about":[{"href":"https:\/\/vetomshop.hu\/fr\/wp-json\/wp\/v2\/types\/product"}],"replies":[{"embeddable":true,"href":"https:\/\/vetomshop.hu\/fr\/wp-json\/wp\/v2\/comments?post=4733"}],"wp:featuredmedia":[{"embeddable":true,"href":"https:\/\/vetomshop.hu\/fr\/wp-json\/wp\/v2\/media\/4729"}],"wp:attachment":[{"href":"https:\/\/vetomshop.hu\/fr\/wp-json\/wp\/v2\/media?parent=4733"}],"wp:term":[{"taxonomy":"product_brand","embeddable":true,"href":"https:\/\/vetomshop.hu\/fr\/wp-json\/wp\/v2\/product_brand?post=4733"},{"taxonomy":"product_cat","embeddable":true,"href":"https:\/\/vetomshop.hu\/fr\/wp-json\/wp\/v2\/product_cat?post=4733"},{"taxonomy":"product_tag","embeddable":true,"href":"https:\/\/vetomshop.hu\/fr\/wp-json\/wp\/v2\/product_tag?post=4733"}],"curies":[{"name":"wp","href":"https:\/\/api.w.org\/{rel}","templated":true}]}}