{"id":4735,"date":"2023-11-11T14:33:59","date_gmt":"2023-11-11T13:33:59","guid":{"rendered":"https:\/\/vetomshop.hu\/termek\/szabalyozo-jelado\/"},"modified":"2025-04-14T17:42:09","modified_gmt":"2025-04-14T15:42:09","slug":"szabalyozo-jelado","status":"publish","type":"product","link":"https:\/\/vetomshop.hu\/fr\/produit\/szabalyozo-jelado\/","title":{"rendered":"\u00c9metteur r\u00e9glementaire"},"content":{"rendered":"<h4>Radiateur r\u00e9gulateur, n\u00b0 52.<\/h4>\n<p><strong>Dur\u00e9e de fonctionnement de l'\u00e9metteur<\/strong>Dur\u00e9e de l'intervention : 15 minutes<\/p>\n<p>Sa fr\u00e9quence correspond \u00e0 celle du syst\u00e8me hormonal.<\/p>\n<p><strong>Impact :<\/strong><\/p>\n<ul>\n<li>Restaure le syst\u00e8me hormonal.<\/li>\n<li>Restaure les syst\u00e8mes nerveux central, p\u00e9riph\u00e9rique et autonome.<\/li>\n<li>Am\u00e9liore la capacit\u00e9 de transmission des fibres nerveuses.<\/li>\n<li>Favorise la r\u00e9g\u00e9n\u00e9ration des cellules nerveuses.<\/li>\n<li>Il renforce le syst\u00e8me immunitaire.<\/li>\n<li>Il a un effet rajeunissant g\u00e9n\u00e9ral.<\/li>\n<li>Il structure l'eau.<\/li>\n<\/ul>\n<p>Zone d'application recommand\u00e9e : projection des glandes endocrines, projection des gros vaisseaux sanguins, 15-14 minutes par point ou zone BAP.<\/p>\n<div class=\"su-spoiler su-spoiler-style-defoult su-spoiler-icon-caret su-spoiler-closed\" data-scroll-offset=\"0\" data-anchor-in-url=\"no\"><div class=\"su-spoiler-title\" tabindex=\"0\" role=\"button\"><span class=\"su-spoiler-icon\"><\/span>Tous<\/div><div class=\"su-spoiler-content su-u-clearfix su-u-trim\">\n<strong>Applicable \u00e0 :<\/strong><\/p>\n<ul>\n<li>pour les troubles v\u00e9g\u00e9tatifs,<\/li>\n<li>pour le traitement complexe des syst\u00e8mes endocrinien et nerveux,<\/li>\n<li>en neurosciences,<\/li>\n<li>dans le traitement des maladies allergiques,<\/li>\n<li>dans le traitement complexe des varices,<\/li>\n<li>dans le traitement du syndrome de fatigue chronique,<\/li>\n<li>contr\u00f4ler les sympt\u00f4mes de la m\u00e9nopause chez les femmes et les hommes,<\/li>\n<li>pour la correction du m\u00e9tabolisme du calcium, la pr\u00e9vention de l'ost\u00e9oporose,<\/li>\n<li>pour corriger le syst\u00e8me immunitaire.<\/li>\n<\/ul>\n<\/div><\/div>","protected":false},"excerpt":{"rendered":"<p>Szab\u00e1lyz\u00f3 sug\u00e1rz\u00f3, 52. sz. A sug\u00e1rz\u00f3 m\u0171k\u00f6d\u00e9si ideje: 15 perc Frekvenci\u00e1ja a hormonrendszer frekvenci\u00e1j\u00e1nak felel meg. Hat\u00e1sa: Helyre\u00e1ll\u00edtja a hormonrendszer m\u0171k\u00f6d\u00e9s\u00e9t. Helyre\u00e1ll\u00edtja a k\u00f6zponti, a perif\u00e9ri\u00e1s, valamint a vegetat\u00edv idegrendszer munk\u00e1j\u00e1t. Jav\u00edtja az idegsz\u00e1lak impulzus-tov\u00e1bb\u00edt\u00f3 k\u00e9pess\u00e9g\u00e9t. El\u0151seg\u00edti az idegsejtek regener\u00e1ci\u00f3j\u00e1t. Immunrendszer er\u0151s\u00edt\u0151 hat\u00e1ssal b\u00edr. \u00c1ltal\u00e1nos fiatal\u00edt\u00f3 hat\u00e1s\u00fa. Struktur\u00e1lja a vizet. Aj\u00e1nlott alkalmaz\u00e1si fel\u00fclet: az endokrin [&hellip;]<\/p>\n","protected":false},"featured_media":4734,"comment_status":"open","ping_status":"closed","template":"","meta":[],"product_brand":[],"product_cat":[35,32],"product_tag":[],"class_list":{"0":"post-4735","1":"product","2":"type-product","3":"status-publish","4":"has-post-thumbnail","6":"product_cat-csatlakoztathato-jeladok","7":"product_cat-triomed","9":"first","10":"instock","11":"taxable","12":"shipping-taxable","13":"purchasable","14":"product-type-simple"},"_links":{"self":[{"href":"https:\/\/vetomshop.hu\/fr\/wp-json\/wp\/v2\/product\/4735","targetHints":{"allow":["GET"]}}],"collection":[{"href":"https:\/\/vetomshop.hu\/fr\/wp-json\/wp\/v2\/product"}],"about":[{"href":"https:\/\/vetomshop.hu\/fr\/wp-json\/wp\/v2\/types\/product"}],"replies":[{"embeddable":true,"href":"https:\/\/vetomshop.hu\/fr\/wp-json\/wp\/v2\/comments?post=4735"}],"wp:featuredmedia":[{"embeddable":true,"href":"https:\/\/vetomshop.hu\/fr\/wp-json\/wp\/v2\/media\/4734"}],"wp:attachment":[{"href":"https:\/\/vetomshop.hu\/fr\/wp-json\/wp\/v2\/media?parent=4735"}],"wp:term":[{"taxonomy":"product_brand","embeddable":true,"href":"https:\/\/vetomshop.hu\/fr\/wp-json\/wp\/v2\/product_brand?post=4735"},{"taxonomy":"product_cat","embeddable":true,"href":"https:\/\/vetomshop.hu\/fr\/wp-json\/wp\/v2\/product_cat?post=4735"},{"taxonomy":"product_tag","embeddable":true,"href":"https:\/\/vetomshop.hu\/fr\/wp-json\/wp\/v2\/product_tag?post=4735"}],"curies":[{"name":"wp","href":"https:\/\/api.w.org\/{rel}","templated":true}]}}