{"id":4737,"date":"2023-11-11T14:33:59","date_gmt":"2023-11-11T13:33:59","guid":{"rendered":"https:\/\/vetomshop.hu\/termek\/trio-men-jelado\/"},"modified":"2023-11-11T14:33:59","modified_gmt":"2023-11-11T13:33:59","slug":"trio-men-jelado","status":"publish","type":"product","link":"https:\/\/vetomshop.hu\/fr\/produit\/trio-men-jelado\/","title":{"rendered":"Balise \u00e0 trois hommes"},"content":{"rendered":"<h4>\u00c9metteur sp\u00e9cial Trio-men<\/h4>\n<p>Pour les hommes, le num\u00e9ro 23.<\/p>\n<p>Il est indiqu\u00e9 pour : optimiser les r\u00e9serves fonctionnelles et la capacit\u00e9 du corps humain \u00e0 s'adapter aux influences environnementales n\u00e9gatives, au mode de vie ou \u00e0 la maladie.<br \/>\nCat\u00e9gorie de salari\u00e9s : hommes.<\/p>\n<p><strong>Impact :<\/strong> l'effet de renforcement g\u00e9n\u00e9ral sp\u00e9cifique au sexe (niveau psycho\u00e9motionnel, r\u00e9gulation neurohumorale).<\/p>\n<p><strong>M\u00e9canisme d'action :<\/strong> Le programme (fr\u00e9quence porteuse, modulation basse fr\u00e9quence et param\u00e8tres d'amplitude) a \u00e9t\u00e9 sp\u00e9cialement con\u00e7u pour l'organe masculin afin de l'aider lorsqu'il est utilis\u00e9 dans un syst\u00e8me.<\/p>\n<p>L'utilisation de la cure radieuse Trio-men 23 permet de normaliser les processus trophiques et m\u00e9taboliques des tissus et des cellules, de r\u00e9g\u00e9n\u00e9rer leur structure, d'am\u00e9liorer le fonctionnement de l'organisme tant au niveau syst\u00e9mique que global, d'augmenter la r\u00e9sistance sp\u00e9cifique de l'organisme.<\/p>\n<p>Les r\u00e9sultats positifs sont dus \u00e0 la r\u00e9troaction de la bior\u00e9sonance des cellules, du syst\u00e8me physiologique atomique et du syst\u00e8me de r\u00e9gulation neuro-humorale, ainsi qu'\u00e0 l'activation du m\u00e9canisme d'adaptation (syndrome g\u00e9n\u00e9ral d'adaptation).<\/p>\n<div class=\"su-spoiler su-spoiler-style-defoult su-spoiler-icon-caret su-spoiler-closed\" data-scroll-offset=\"0\" data-anchor-in-url=\"no\"><div class=\"su-spoiler-title\" tabindex=\"0\" role=\"button\"><span class=\"su-spoiler-icon\"><\/span>Tous<\/div><div class=\"su-spoiler-content su-u-clearfix su-u-trim\">\n<strong>Recommand\u00e9 pour :<\/strong><\/p>\n<ol>\n<li>Pour la r\u00e9duction de la capacit\u00e9 de travail et l'humeur, l'instabilit\u00e9 psycho-\u00e9motionnelle, l'insomnie comme cons\u00e9quence de la fatigue chronique.<\/li>\n<li>Maladies de la prostate, m\u00e9nopause masculine.<\/li>\n<li>Rhumes et grippes courants.<\/li>\n<li>Affaiblissement g\u00e9n\u00e9ral du syst\u00e8me immunitaire apr\u00e8s une maladie grave, en vue d'une r\u00e9adaptation<\/li>\n<\/ol>\n<\/div><\/div>","protected":false},"excerpt":{"rendered":"<p>Speci\u00e1lis Trio-men sug\u00e1rz\u00f3 F\u00e9rfiak sz\u00e1m\u00e1ra, 23. sz. Javallott: a funkcion\u00e1lis tartal\u00e9kok \u00e9s az emberi szervezet adapt\u00e1ci\u00f3s lehet\u0151s\u00e9geinek optimiz\u00e1l\u00e1s\u00e1hoz, melyek a negat\u00edv k\u00f6rnyezeti hat\u00e1sok, \u00e9letm\u00f3d vagy betegs\u00e9g k\u00f6vetkezt\u00e9ben l\u00e9ptek fel. Az alkalmaz\u00f3k kateg\u00f3ri\u00e1ja: f\u00e9rfiak. Hat\u00e1sa: a nemi hovatartoz\u00e1st figyelembe vev\u0151 \u00e1ltal\u00e1nos er\u0151s\u00edt\u0151 hat\u00e1s (pszichoemocion\u00e1lis szint, neurohumor\u00e1lis regul\u00e1ci\u00f3). Hat\u00e1smechanizmus: A program (hordoz\u00f3 frekvencia, alacsony frekvenci\u00e1j\u00fa modul\u00e1ci\u00f3 \u00e9s [&hellip;]<\/p>\n","protected":false},"featured_media":4736,"comment_status":"open","ping_status":"closed","template":"","meta":[],"product_brand":[],"product_cat":[35,32],"product_tag":[],"class_list":{"0":"post-4737","1":"product","2":"type-product","3":"status-publish","4":"has-post-thumbnail","6":"product_cat-csatlakoztathato-jeladok","7":"product_cat-triomed","9":"first","10":"instock","11":"taxable","12":"shipping-taxable","13":"purchasable","14":"product-type-simple"},"_links":{"self":[{"href":"https:\/\/vetomshop.hu\/fr\/wp-json\/wp\/v2\/product\/4737","targetHints":{"allow":["GET"]}}],"collection":[{"href":"https:\/\/vetomshop.hu\/fr\/wp-json\/wp\/v2\/product"}],"about":[{"href":"https:\/\/vetomshop.hu\/fr\/wp-json\/wp\/v2\/types\/product"}],"replies":[{"embeddable":true,"href":"https:\/\/vetomshop.hu\/fr\/wp-json\/wp\/v2\/comments?post=4737"}],"wp:featuredmedia":[{"embeddable":true,"href":"https:\/\/vetomshop.hu\/fr\/wp-json\/wp\/v2\/media\/4736"}],"wp:attachment":[{"href":"https:\/\/vetomshop.hu\/fr\/wp-json\/wp\/v2\/media?parent=4737"}],"wp:term":[{"taxonomy":"product_brand","embeddable":true,"href":"https:\/\/vetomshop.hu\/fr\/wp-json\/wp\/v2\/product_brand?post=4737"},{"taxonomy":"product_cat","embeddable":true,"href":"https:\/\/vetomshop.hu\/fr\/wp-json\/wp\/v2\/product_cat?post=4737"},{"taxonomy":"product_tag","embeddable":true,"href":"https:\/\/vetomshop.hu\/fr\/wp-json\/wp\/v2\/product_tag?post=4737"}],"curies":[{"name":"wp","href":"https:\/\/api.w.org\/{rel}","templated":true}]}}