{"id":4739,"date":"2023-11-11T14:34:00","date_gmt":"2023-11-11T13:34:00","guid":{"rendered":"https:\/\/vetomshop.hu\/termek\/trio-women-jelado\/"},"modified":"2023-11-11T14:34:00","modified_gmt":"2023-11-11T13:34:00","slug":"trio-women-jelado","status":"publish","type":"product","link":"https:\/\/vetomshop.hu\/fr\/produit\/trio-women-jelado\/","title":{"rendered":"Balise \u00e0 trois femmes"},"content":{"rendered":"<h4>Radiateur sp\u00e9cial pour les trios de femmes<\/h4>\n<p>Pour les femmes, n\u00b0 8.<\/p>\n<p>Recommand\u00e9 : optimiser les r\u00e9serves fonctionnelles et la capacit\u00e9 d'adaptation du corps humain en cas d'influences environnementales n\u00e9gatives, de mode de vie ou de maladie.<\/p>\n<p><strong>Recommand\u00e9 pour : <\/strong>pour les filles, les femmes.<\/p>\n<p><strong>Impact :<\/strong> effet g\u00e9n\u00e9ral de promotion de la sant\u00e9 en tenant compte des caract\u00e9ristiques de l'organisme f\u00e9minin (sph\u00e8re psycho-\u00e9motionnelle, r\u00e9gulation neuro-humorale).<\/p>\n<p><strong>M\u00e9canisme d'action :<\/strong> Le programme (fr\u00e9quence porteuse, modulation basse fr\u00e9quence et param\u00e8tres d'amplitude) a \u00e9t\u00e9 sp\u00e9cialement con\u00e7u pour aider le corps f\u00e9minin lorsqu'il est utilis\u00e9 dans un syst\u00e8me.<\/p>\n<p>L'application de la radioth\u00e9rapie dans le cadre d'un traitement normalise les processus trophiques et m\u00e9taboliques dans les cellules et les tissus, les r\u00e9g\u00e9n\u00e8re, a un effet harmonisant g\u00e9n\u00e9ral sur les organes, les syst\u00e8mes organiques et le corps dans son ensemble, et augmente la r\u00e9sistance non sp\u00e9cifique du corps. Les r\u00e9sultats positifs sont dus, d'une part, \u00e0 la r\u00e9troaction de la bior\u00e9sonance des cellules, du syst\u00e8me physiologique atomique et du syst\u00e8me de r\u00e9gulation neurogumorale et, d'autre part, \u00e0 l'activation du m\u00e9canisme d'adaptation (syndrome g\u00e9n\u00e9ral d'adaptation).<\/p>\n<div class=\"su-spoiler su-spoiler-style-defoult su-spoiler-icon-caret su-spoiler-closed\" data-scroll-offset=\"0\" data-anchor-in-url=\"no\"><div class=\"su-spoiler-title\" tabindex=\"0\" role=\"button\"><span class=\"su-spoiler-icon\"><\/span>Tous<\/div><div class=\"su-spoiler-content su-u-clearfix su-u-trim\">\n<p><strong>Recommand\u00e9 pour :<\/strong><\/p>\n<ol>\n<li>Pour la r\u00e9duction de la capacit\u00e9 de travail et l'humeur, l'instabilit\u00e9 psycho-\u00e9motionnelle, l'insomnie comme cons\u00e9quence de la fatigue chronique.<\/li>\n<li>Pour le traitement et la pr\u00e9vention des troubles g\u00e9nitaux f\u00e9minins et des sympt\u00f4mes d\u00e9sagr\u00e9ables qui accompagnent la m\u00e9nopause, et pour renforcer la fertilit\u00e9 et la sant\u00e9 sexuelle.<\/li>\n<li>Fr\u00e9quent en cas de rhume.<\/li>\n<li>Pr\u00e9vention sp\u00e9cifique de la grippe et du rhume.<\/li>\n<li>Affaiblissement du syst\u00e8me immunitaire pendant la convalescence ou la r\u00e9adaptation apr\u00e8s une maladie.<\/li>\n<\/ol>\n<\/div><\/div>","protected":false},"excerpt":{"rendered":"<p>Speci\u00e1lis Trio-Women sug\u00e1rz\u00f3 N\u0151k sz\u00e1m\u00e1ra, 8.sz. Javasolt: a funkcion\u00e1lis tartal\u00e9kok \u00e9s az emberi szervezet adapt\u00e1ci\u00f3s lehet\u0151s\u00e9geinek optimiz\u00e1l\u00e1s\u00e1hoz, melyek a negat\u00edv k\u00f6rnyezeti hat\u00e1sok, \u00e9letm\u00f3d vagy betegs\u00e9g k\u00f6vetkezt\u00e9ben l\u00e9ptek fel. Aj\u00e1nlott: l\u00e1nyok, n\u0151k sz\u00e1m\u00e1ra. Hat\u00e1sa: a n\u0151i szervezet jellemz\u0151it figyelembe vev\u0151 (pszicho-emocion\u00e1lis szf\u00e9ra, neurohumor\u00e1lis szab\u00e1lyoz\u00e1s) \u00e1ltal\u00e1nos eg\u00e9szs\u00e9gmeger\u0151s\u00edt\u0151 hat\u00e1s. Hat\u00e1smechanizmus: A program (hordoz\u00f3 frekvencia, alacsony frekvenci\u00e1j\u00fa modul\u00e1ci\u00f3 \u00e9s [&hellip;]<\/p>\n","protected":false},"featured_media":4738,"comment_status":"open","ping_status":"closed","template":"","meta":[],"product_brand":[],"product_cat":[35,32],"product_tag":[],"class_list":{"0":"post-4739","1":"product","2":"type-product","3":"status-publish","4":"has-post-thumbnail","6":"product_cat-csatlakoztathato-jeladok","7":"product_cat-triomed","9":"first","10":"instock","11":"taxable","12":"shipping-taxable","13":"purchasable","14":"product-type-simple"},"_links":{"self":[{"href":"https:\/\/vetomshop.hu\/fr\/wp-json\/wp\/v2\/product\/4739","targetHints":{"allow":["GET"]}}],"collection":[{"href":"https:\/\/vetomshop.hu\/fr\/wp-json\/wp\/v2\/product"}],"about":[{"href":"https:\/\/vetomshop.hu\/fr\/wp-json\/wp\/v2\/types\/product"}],"replies":[{"embeddable":true,"href":"https:\/\/vetomshop.hu\/fr\/wp-json\/wp\/v2\/comments?post=4739"}],"wp:featuredmedia":[{"embeddable":true,"href":"https:\/\/vetomshop.hu\/fr\/wp-json\/wp\/v2\/media\/4738"}],"wp:attachment":[{"href":"https:\/\/vetomshop.hu\/fr\/wp-json\/wp\/v2\/media?parent=4739"}],"wp:term":[{"taxonomy":"product_brand","embeddable":true,"href":"https:\/\/vetomshop.hu\/fr\/wp-json\/wp\/v2\/product_brand?post=4739"},{"taxonomy":"product_cat","embeddable":true,"href":"https:\/\/vetomshop.hu\/fr\/wp-json\/wp\/v2\/product_cat?post=4739"},{"taxonomy":"product_tag","embeddable":true,"href":"https:\/\/vetomshop.hu\/fr\/wp-json\/wp\/v2\/product_tag?post=4739"}],"curies":[{"name":"wp","href":"https:\/\/api.w.org\/{rel}","templated":true}]}}