{"id":4741,"date":"2023-11-11T14:34:00","date_gmt":"2023-11-11T13:34:00","guid":{"rendered":"https:\/\/vetomshop.hu\/termek\/sigma-medal\/"},"modified":"2023-11-11T14:34:00","modified_gmt":"2023-11-11T13:34:00","slug":"sigma-medal","status":"publish","type":"product","link":"https:\/\/vetomshop.hu\/fr\/produit\/sigma-medal\/","title":{"rendered":"M\u00e9daille Sigma"},"content":{"rendered":"<p>A <strong>M\u00e9daille de la sant\u00e9 SIGMA<\/strong> est de r\u00e9tablir les processus physiologiques normaux des follicules pileux, d'accro\u00eetre leur r\u00e9sistance aux facteurs environnementaux d\u00e9favorables et au stress, de prolonger la phase de croissance des cheveux et d'augmenter ainsi la densit\u00e9 globale des cheveux.<\/p>\n<p><strong>Effets :<\/strong><\/p>\n<ul>\n<li>normalise la circulation sanguine, l'\u00e9tat immunitaire et le m\u00e9tabolisme des follicules pileux, emp\u00eachant ainsi le d\u00e9veloppement de l'atrophie ;<\/li>\n<li>r\u00e9duit la gravit\u00e9 des processus inflammatoires de la peau et des follicules pileux ;<\/li>\n<li>aide \u00e0 normaliser les processus m\u00e9taboliques de la peau et de l'organisme dans son ensemble ; pr\u00e9vient le d\u00e9veloppement de l'alop\u00e9cie areata (perte de cheveux par plaques).<\/li>\n<\/ul>\n<p>Le pendentif sant\u00e9 SIGMA a un effet positif sur l'\u00e9tat des fonctions du corps, il peut \u00eatre utilis\u00e9 comme outil d'optimisation et de correction en combinaison avec d'autres traitements de l'alop\u00e9cie areata (perte de cheveux par plaques).<br \/>\net d'autres m\u00e9thodes de pr\u00e9vention.<\/p>\n<div class=\"su-spoiler su-spoiler-style-defoult su-spoiler-icon-caret su-spoiler-closed\" data-scroll-offset=\"0\" data-anchor-in-url=\"no\"><div class=\"su-spoiler-title\" tabindex=\"0\" role=\"button\"><span class=\"su-spoiler-icon\"><\/span>Tous<\/div><div class=\"su-spoiler-content su-u-clearfix su-u-trim\">\n<p><strong>Types de perte de cheveux par plaques :<\/strong><\/p>\n<p>En fonction de l'\u00e9tendue de la perte de cheveux, la perte de cheveux par plaques est divis\u00e9e en plusieurs types :<\/p>\n<ul>\n<li>Alop\u00e9cie uniloculaire (Alopecia areata unilocularis) : les cheveux tombent en une seule zone.<\/li>\n<li>Alop\u00e9cie areata multilocularis : plaques cicatricielles multiples<\/li>\n<li>Alop\u00e9cie areata subtotalis : les cheveux tombent presque partout sur le cuir chevelu3<\/li>\n<li>Alop\u00e9cie areata totalis : tous les cheveux tombent du cuir chevelu Alop\u00e9cie areata universalis : la perte de cheveux affecte le cuir chevelu et l'ensemble du corps<\/li>\n<li>Type d'ophiase : une forme sp\u00e9cifique d'alop\u00e9cie areata, caract\u00e9ris\u00e9e par la chute des cheveux principalement dans les zones ext\u00e9rieures du cuir chevelu, g\u00e9n\u00e9ralement \u00e0 l'arri\u00e8re de la t\u00eate, parfois sur la t\u00eate.<br \/>\ndes tempes ou du front.<\/li>\n<\/ul>\n<p>Outre les types \u00e9num\u00e9r\u00e9s ci-dessus, le m\u00e9daillon SIGMA peut \u00eatre utilis\u00e9 en cas de perte de cheveux due \u00e0 la chimioth\u00e9rapie, \u00e0 la radioth\u00e9rapie ou \u00e0 un dysfonctionnement endocrinien.<\/p>\n<\/div><\/div>","protected":false},"excerpt":{"rendered":"<p>A SIGMA Eg\u00e9szs\u00e9g Med\u00e1l feladata a sz\u0151rt\u00fcsz\u0151k norm\u00e1l fiziol\u00f3giai folyamatainak helyre\u00e1ll\u00edt\u00e1sa, a kedvez\u0151tlen k\u00f6rnyezeti t\u00e9nyez\u0151kkel \u00e9s a megn\u00f6vekedett stresszterhel\u00e9ssel szembeni ellen\u00e1ll\u00f3 k\u00e9pess\u00e9g\u00fck n\u00f6vel\u00e9se, a hajn\u00f6veked\u00e9s szakasz\u00e1nak meghosszabb\u00edt\u00e1sa, ez\u00e1ltal a teljes hajs\u0171r\u0171s\u00e9g n\u00f6vel\u00e9se. Hat\u00e1sok: normaliz\u00e1lja a v\u00e9rkering\u00e9st, az immun\u00e1llapotot \u00e9s az anyagcser\u00e9t a sz\u0151rt\u00fcsz\u0151kben, megel\u0151zve az atr\u00f3fia kialakul\u00e1s\u00e1t; cs\u00f6kkenti a b\u0151r \u00e9s a sz\u0151rt\u00fcsz\u0151k gyullad\u00e1sos folyamatainak [&hellip;]<\/p>\n","protected":false},"featured_media":4740,"comment_status":"open","ping_status":"closed","template":"","meta":[],"product_brand":[],"product_cat":[33,32],"product_tag":[],"class_list":{"0":"post-4741","1":"product","2":"type-product","3":"status-publish","4":"has-post-thumbnail","6":"product_cat-egeszseg-medalok","7":"product_cat-triomed","9":"first","10":"instock","11":"taxable","12":"shipping-taxable","13":"purchasable","14":"product-type-simple"},"_links":{"self":[{"href":"https:\/\/vetomshop.hu\/fr\/wp-json\/wp\/v2\/product\/4741","targetHints":{"allow":["GET"]}}],"collection":[{"href":"https:\/\/vetomshop.hu\/fr\/wp-json\/wp\/v2\/product"}],"about":[{"href":"https:\/\/vetomshop.hu\/fr\/wp-json\/wp\/v2\/types\/product"}],"replies":[{"embeddable":true,"href":"https:\/\/vetomshop.hu\/fr\/wp-json\/wp\/v2\/comments?post=4741"}],"wp:featuredmedia":[{"embeddable":true,"href":"https:\/\/vetomshop.hu\/fr\/wp-json\/wp\/v2\/media\/4740"}],"wp:attachment":[{"href":"https:\/\/vetomshop.hu\/fr\/wp-json\/wp\/v2\/media?parent=4741"}],"wp:term":[{"taxonomy":"product_brand","embeddable":true,"href":"https:\/\/vetomshop.hu\/fr\/wp-json\/wp\/v2\/product_brand?post=4741"},{"taxonomy":"product_cat","embeddable":true,"href":"https:\/\/vetomshop.hu\/fr\/wp-json\/wp\/v2\/product_cat?post=4741"},{"taxonomy":"product_tag","embeddable":true,"href":"https:\/\/vetomshop.hu\/fr\/wp-json\/wp\/v2\/product_tag?post=4741"}],"curies":[{"name":"wp","href":"https:\/\/api.w.org\/{rel}","templated":true}]}}