{"id":4743,"date":"2023-11-11T14:34:00","date_gmt":"2023-11-11T13:34:00","guid":{"rendered":"https:\/\/vetomshop.hu\/termek\/siker-medal\/"},"modified":"2023-11-11T14:34:00","modified_gmt":"2023-11-11T13:34:00","slug":"siker-medal","status":"publish","type":"product","link":"https:\/\/vetomshop.hu\/fr\/produit\/siker-medal\/","title":{"rendered":"M\u00e9daille du succ\u00e8s"},"content":{"rendered":"<h4>M\u00e9daille de la r\u00e9ussite pour les enfants<\/h4>\n<p><strong>Objet :<\/strong><\/p>\n<p>Fonctions cognitives (processus cognitifs) -<\/p>\n<ol>\n<li>attention, observation<\/li>\n<li>d\u00e9tection-d\u00e9tection<\/li>\n<li>m\u00e9moire<\/li>\n<li>fonctions de r\u00e9flexion<\/li>\n<\/ol>\n<p>- comme outil compl\u00e9mentaire pour aider \u00e0 activer, contrer la fatigue d'apprentissage et am\u00e9liorer le bien-\u00eatre \u00e9motionnel.<\/p>\n<p>Il favorise la r\u00e9cup\u00e9ration apr\u00e8s une importante surcharge d'informations, pr\u00e9venant ainsi la fatigue chronique et le syndrome d'\u00e9puisement.<\/p>\n<div class=\"su-spoiler su-spoiler-style-defoult su-spoiler-icon-caret su-spoiler-closed\" data-scroll-offset=\"0\" data-anchor-in-url=\"no\"><div class=\"su-spoiler-title\" tabindex=\"0\" role=\"button\"><span class=\"su-spoiler-icon\"><\/span>Tous<\/div><div class=\"su-spoiler-content su-u-clearfix su-u-trim\">\n<h4>Br\u00e8ve description<\/h4>\n<p>Les informations enregistr\u00e9es sur le support \u00e9lectronique - la m\u00e9daille de la sant\u00e9 SIKER - correspondent au spectre des vibrations \u00e9lectromagn\u00e9tiques des cellules et des tissus du syst\u00e8me nerveux central et aux vibrations (spectre \u00e9lectromagn\u00e9tique) des substances antihomotoxiques qui augmentent la capacit\u00e9 de travail mental, la stabilit\u00e9 anti-stress des \u00e9tudiants et des travailleurs intellectuels et maintiennent un environnement psycho-\u00e9motionnel optimal. Les activit\u00e9s des \u00e9tudiants s'accompagnent d'une intensit\u00e9 \u00e9lev\u00e9e des processus mentaux dans des conditions de pression temporelle et de forte densit\u00e9 d'information, qui ont un caract\u00e8re de stress. La pens\u00e9e implique les aspects actifs de la cognition : l'attention, la perception, les processus d'association, la formation de concepts et d'\u00e9valuations, une composante de l'activit\u00e9 r\u00e9aliste de la personne sociale.<\/p>\n<p>La pens\u00e9e est li\u00e9e \u00e0 l'activit\u00e9 du cerveau, mais la capacit\u00e9 de penser de mani\u00e8re abstraite provient de l'acquisition de l'existence pratique, des r\u00e8gles du langage, de la logique et de la culture. La pens\u00e9e prend place dans diff\u00e9rentes formes d'activit\u00e9s intellectuelles et pratiques, au cours desquelles les exp\u00e9riences cognitives des individus sont g\u00e9n\u00e9ralis\u00e9es et agr\u00e9g\u00e9es. La pens\u00e9e est consid\u00e9r\u00e9e comme la source et le moyen fondamental de l'existence humaine r\u00e9elle.<\/p>\n<\/div><\/div>","protected":false},"excerpt":{"rendered":"<p>Siker Med\u00e1l gyerekeknek Rendeltet\u00e9se: A kognit\u00edv funkci\u00f3k (megismer\u0151 folyamatok) &#8211; figyelem, megfigyel\u0151k\u00e9pess\u00e9g \u00e9rz\u00e9kel\u00e9s-\u00e9szlel\u00e9s eml\u00e9kezet gondolkod\u00e1si funkci\u00f3k &#8211; aktiv\u00e1l\u00e1s\u00e1t seg\u00edt\u0151, a tanul\u00e1st k\u00eds\u00e9r\u0151 f\u00e1radts\u00e1g ellens\u00falyoz\u00e1s\u00e1t \u00e9s az emocion\u00e1lis k\u00f6z\u00e9rzet jav\u00edt\u00e1s\u00e1t szolg\u00e1l\u00f3 kieg\u00e9sz\u00edt\u0151 eszk\u00f6z. T\u00e1mogatja a jelent\u0151s inform\u00e1ci\u00f3s megterhel\u00e9s ut\u00e1ni helyre\u00e1ll\u00edt\u00e1st, a kr\u00f3nikus f\u00e1radts\u00e1g \u00e9s kimer\u00fclts\u00e9g szindr\u00f3ma megel\u0151z\u00e9s\u00e9t.<\/p>","protected":false},"featured_media":4742,"comment_status":"open","ping_status":"closed","template":"","meta":[],"product_brand":[],"product_cat":[33,32],"product_tag":[],"class_list":{"0":"post-4743","1":"product","2":"type-product","3":"status-publish","4":"has-post-thumbnail","6":"product_cat-egeszseg-medalok","7":"product_cat-triomed","9":"first","10":"instock","11":"taxable","12":"shipping-taxable","13":"purchasable","14":"product-type-simple"},"_links":{"self":[{"href":"https:\/\/vetomshop.hu\/fr\/wp-json\/wp\/v2\/product\/4743","targetHints":{"allow":["GET"]}}],"collection":[{"href":"https:\/\/vetomshop.hu\/fr\/wp-json\/wp\/v2\/product"}],"about":[{"href":"https:\/\/vetomshop.hu\/fr\/wp-json\/wp\/v2\/types\/product"}],"replies":[{"embeddable":true,"href":"https:\/\/vetomshop.hu\/fr\/wp-json\/wp\/v2\/comments?post=4743"}],"wp:featuredmedia":[{"embeddable":true,"href":"https:\/\/vetomshop.hu\/fr\/wp-json\/wp\/v2\/media\/4742"}],"wp:attachment":[{"href":"https:\/\/vetomshop.hu\/fr\/wp-json\/wp\/v2\/media?parent=4743"}],"wp:term":[{"taxonomy":"product_brand","embeddable":true,"href":"https:\/\/vetomshop.hu\/fr\/wp-json\/wp\/v2\/product_brand?post=4743"},{"taxonomy":"product_cat","embeddable":true,"href":"https:\/\/vetomshop.hu\/fr\/wp-json\/wp\/v2\/product_cat?post=4743"},{"taxonomy":"product_tag","embeddable":true,"href":"https:\/\/vetomshop.hu\/fr\/wp-json\/wp\/v2\/product_tag?post=4743"}],"curies":[{"name":"wp","href":"https:\/\/api.w.org\/{rel}","templated":true}]}}