{"id":4745,"date":"2023-11-11T14:34:01","date_gmt":"2023-11-11T13:34:01","guid":{"rendered":"https:\/\/vetomshop.hu\/termek\/solo-medal\/"},"modified":"2023-11-11T14:34:01","modified_gmt":"2023-11-11T13:34:01","slug":"solo-medal","status":"publish","type":"product","link":"https:\/\/vetomshop.hu\/fr\/produit\/solo-medal\/","title":{"rendered":"Pendentif Solo"},"content":{"rendered":"<h4>M\u00e9daille de la sant\u00e9 SOLO<\/h4>\n<p><strong>Fonctions principales :<\/strong><\/p>\n<p>La m\u00e9daille Solo est un outil compl\u00e9mentaire pour soutenir les m\u00e9canismes de d\u00e9fense de l'organisme et activer le syst\u00e8me immunitaire.<\/p>\n<p>Il est particuli\u00e8rement utile en cas d'infections virales et bact\u00e9riennes.<\/p>\n<p><strong>Impact :<\/strong><\/p>\n<ul>\n<li>pour favoriser le renforcement du syst\u00e8me immunitaire et r\u00e9duire la r\u00e9action aux allerg\u00e8nes,<\/li>\n<li>favoriser la gu\u00e9rison des maladies virales,<\/li>\n<li>favoriser l'\u00e9limination des substances toxiques,<\/li>\n<li>favorisent l'action antibact\u00e9rienne et antivirale.<\/li>\n<\/ul>\n<p><strong>Quand l'utiliser ?<\/strong><\/p>\n<div class=\"su-spoiler su-spoiler-style-defoult su-spoiler-icon-caret su-spoiler-closed\" data-scroll-offset=\"0\" data-anchor-in-url=\"no\"><div class=\"su-spoiler-title\" tabindex=\"0\" role=\"button\"><span class=\"su-spoiler-icon\"><\/span>Tous<\/div><div class=\"su-spoiler-content su-u-clearfix su-u-trim\">\nLe Solo Pendant a un effet positif sur le fonctionnement de l'organisme et peut \u00eatre utilis\u00e9 comme outil suppl\u00e9mentaire de correction et d'optimisation dans la pr\u00e9vention et le traitement des maladies suivantes :<\/p>\n<ul>\n<li>pour les maladies respiratoires bact\u00e9riennes et virales sup\u00e9rieures ;<\/li>\n<li>dans les maladies inflammatoires, les cas de nature bact\u00e9rienne-allergique, la rhinite, la pharyngite, la laryngite, la bronchite ;<\/li>\n<li>dans les premiers stades des maladies auto-immunes (asthme bronchique, bronchite asthmatique, polyarthrite rhumato\u00efde, py\u00e9lon\u00e9phrite et glum\u00e9rulon\u00e9phrite - n\u00e9phrite, maladie thyro\u00efdienne auto-immune, cardiopathie valvulaire due au rhumatisme, maladie vasculaire endoth\u00e9liale, dermatite streptococcique et staphylococcique).<\/li>\n<\/ul>\n<p>Avertissement important : si vous pr\u00e9sentez des sympt\u00f4mes de maladies des voies respiratoires sup\u00e9rieures et inf\u00e9rieures, consultez un m\u00e9decin. Utilisez Solo Medal comme un outil compl\u00e9mentaire aux m\u00e9thodes de traitement recommand\u00e9es par votre m\u00e9decin pour favoriser votre gu\u00e9rison.<\/p>\n<\/div><\/div>","protected":false},"excerpt":{"rendered":"<p>SOLO Eg\u00e9szs\u00e9g Med\u00e1l F\u0151 funkci\u00f3i: A Solo Med\u00e1l kieg\u00e9sz\u00edt\u0151 eszk\u00f6z, mely a szervezet v\u00e9dekez\u0151 mechanizmusait \u00e9s az immunrendszer aktiv\u00e1l\u00e1s\u00e1t t\u00e1mogatja. V\u00edrusos \u00e9s bakteri\u00e1lis fert\u0151z\u00e9sek eset\u00e9n ny\u00fajtja a legnagyobb seg\u00edts\u00e9get. Hat\u00e1sa: immunrendszer er\u0151s\u00edt\u00e9s\u00e9nek t\u00e1mogat\u00e1sa, az allerg\u00e9nekre val\u00f3 cs\u00f6kkent reakci\u00f3 el\u00e9r\u00e9s\u00e9nek t\u00e1mogat\u00e1sa, a v\u00edrusos megbeteged\u00e9sek gy\u00f3gyul\u00e1s\u00e1nak t\u00e1mogat\u00e1sa, a toxikus anyagok kivezet\u00e9s\u00e9nek t\u00e1mogat\u00e1sa, antibakteri\u00e1lis \u00e9s v\u00edrus\u00f6l\u0151 hat\u00e1s t\u00e1mogat\u00e1sa. [&hellip;]<\/p>\n","protected":false},"featured_media":4744,"comment_status":"open","ping_status":"closed","template":"","meta":[],"product_brand":[],"product_cat":[33,32],"product_tag":[],"class_list":{"0":"post-4745","1":"product","2":"type-product","3":"status-publish","4":"has-post-thumbnail","6":"product_cat-egeszseg-medalok","7":"product_cat-triomed","9":"first","10":"instock","11":"taxable","12":"shipping-taxable","13":"purchasable","14":"product-type-simple"},"_links":{"self":[{"href":"https:\/\/vetomshop.hu\/fr\/wp-json\/wp\/v2\/product\/4745","targetHints":{"allow":["GET"]}}],"collection":[{"href":"https:\/\/vetomshop.hu\/fr\/wp-json\/wp\/v2\/product"}],"about":[{"href":"https:\/\/vetomshop.hu\/fr\/wp-json\/wp\/v2\/types\/product"}],"replies":[{"embeddable":true,"href":"https:\/\/vetomshop.hu\/fr\/wp-json\/wp\/v2\/comments?post=4745"}],"wp:featuredmedia":[{"embeddable":true,"href":"https:\/\/vetomshop.hu\/fr\/wp-json\/wp\/v2\/media\/4744"}],"wp:attachment":[{"href":"https:\/\/vetomshop.hu\/fr\/wp-json\/wp\/v2\/media?parent=4745"}],"wp:term":[{"taxonomy":"product_brand","embeddable":true,"href":"https:\/\/vetomshop.hu\/fr\/wp-json\/wp\/v2\/product_brand?post=4745"},{"taxonomy":"product_cat","embeddable":true,"href":"https:\/\/vetomshop.hu\/fr\/wp-json\/wp\/v2\/product_cat?post=4745"},{"taxonomy":"product_tag","embeddable":true,"href":"https:\/\/vetomshop.hu\/fr\/wp-json\/wp\/v2\/product_tag?post=4745"}],"curies":[{"name":"wp","href":"https:\/\/api.w.org\/{rel}","templated":true}]}}