{"id":4751,"date":"2023-11-11T14:34:02","date_gmt":"2023-11-11T13:34:02","guid":{"rendered":"https:\/\/vetomshop.hu\/termek\/vita-medal\/"},"modified":"2023-11-11T14:34:02","modified_gmt":"2023-11-11T13:34:02","slug":"vita-medal","status":"publish","type":"product","link":"https:\/\/vetomshop.hu\/fr\/produit\/vita-medal\/","title":{"rendered":"M\u00e9daille du d\u00e9bat"},"content":{"rendered":"<h4>M\u00e9daille du d\u00e9bat<\/h4>\n<p><strong>Fonction principale :\u00a0<\/strong>C'est un outil compl\u00e9mentaire pour la pr\u00e9vention et le traitement compl\u00e9mentaire des maladies digestives et pour l'activation des processus de r\u00e9g\u00e9n\u00e9ration apr\u00e8s les maladies.<\/p>\n<p><strong>Br\u00e8ve description<\/strong><\/p>\n<p>Le sch\u00e9ma spectral enregistr\u00e9 sur le m\u00e9daillon Vita Health correspond \u00e0 la vibration des organes, des tissus et des organes du tube digestif. Il correspond \u00e0 la<br \/>\nvibration des m\u00e9dicaments antihomotoxiques, qui ont des effets immunomodulateurs, anti-inflammatoires, d\u00e9sensibilisants (d\u00e9sensibilisation).<\/p>\n<p>Le syst\u00e8me digestif est l'ensemble des processus physiques, chimiques et physiologiques par lesquels les aliments consomm\u00e9s sont convertis en liaisons chimiques simples et assimil\u00e9s par les cellules.<\/p>\n<div class=\"su-spoiler su-spoiler-style-defoult su-spoiler-icon-caret su-spoiler-closed\" data-scroll-offset=\"0\" data-anchor-in-url=\"no\"><div class=\"su-spoiler-title\" tabindex=\"0\" role=\"button\"><span class=\"su-spoiler-icon\"><\/span>Tous<\/div><div class=\"su-spoiler-content su-u-clearfix su-u-trim\">\nCes processus se d\u00e9roulent dans un ordre pr\u00e9cis au sein du tube digestif (cavit\u00e9 buccale, gorge, \u0153sophage, estomac, intestin gr\u00eale et gros intestin, foie, bile et pancr\u00e9as). Le processus est assur\u00e9 par des m\u00e9canismes de r\u00e9gulation \u00e0 diff\u00e9rents niveaux. Le processus s\u00e9quentiel par lequel les aliments sont d\u00e9compos\u00e9s en monom\u00e8res qui peuvent \u00eatre absorb\u00e9s est l'essence m\u00eame du fonctionnement du syst\u00e8me digestif.<br \/>\n<\/div><\/div>","protected":false},"excerpt":{"rendered":"<p>Vita Med\u00e1l F\u0151 funkci\u00f3ja:\u00a0Kieg\u00e9sz\u00edt\u0151 eszk\u00f6z a az em\u00e9szt\u0151rendszeri betegs\u00e9gek megel\u0151z\u00e9s\u00e9re \u00e9s kieg\u00e9sz\u00edt\u0151 kezel\u00e9s\u00e9re, a betegs\u00e9gek ut\u00e1ni regener\u00e1ci\u00f3s folyamatok aktiv\u00e1l\u00e1s\u00e1ra. R\u00f6vid ismertet\u0151 A spektr\u00e1lis minta, mely a Vita Eg\u00e9szs\u00e9g Med\u00e1lon van r\u00f6gz\u00edtve, megfelel az em\u00e9szt\u0151rendszer szervei, sz\u00f6vetei \u00e9s szervei rezg\u00e9s\u00e9nek. Megfelel azoknak az antihomotoxikus k\u00e9sz\u00edtm\u00e9nyek rezg\u00e9s\u00e9nek, melyek immunmodul\u00e1l\u00f3, gyullad\u00e1scs\u00f6kkent\u0151, deszenzibiliz\u00e1l\u00f3 (\u00e9rz\u00e9kenys\u00e9get cs\u00f6kkent\u0151) hat\u00e1ssal b\u00edrnak. Az em\u00e9szt\u0151rendszer [&hellip;]<\/p>\n","protected":false},"featured_media":4750,"comment_status":"open","ping_status":"closed","template":"","meta":[],"product_brand":[],"product_cat":[33,32],"product_tag":[],"class_list":{"0":"post-4751","1":"product","2":"type-product","3":"status-publish","4":"has-post-thumbnail","6":"product_cat-egeszseg-medalok","7":"product_cat-triomed","9":"first","10":"instock","11":"taxable","12":"shipping-taxable","13":"purchasable","14":"product-type-simple"},"_links":{"self":[{"href":"https:\/\/vetomshop.hu\/fr\/wp-json\/wp\/v2\/product\/4751","targetHints":{"allow":["GET"]}}],"collection":[{"href":"https:\/\/vetomshop.hu\/fr\/wp-json\/wp\/v2\/product"}],"about":[{"href":"https:\/\/vetomshop.hu\/fr\/wp-json\/wp\/v2\/types\/product"}],"replies":[{"embeddable":true,"href":"https:\/\/vetomshop.hu\/fr\/wp-json\/wp\/v2\/comments?post=4751"}],"wp:featuredmedia":[{"embeddable":true,"href":"https:\/\/vetomshop.hu\/fr\/wp-json\/wp\/v2\/media\/4750"}],"wp:attachment":[{"href":"https:\/\/vetomshop.hu\/fr\/wp-json\/wp\/v2\/media?parent=4751"}],"wp:term":[{"taxonomy":"product_brand","embeddable":true,"href":"https:\/\/vetomshop.hu\/fr\/wp-json\/wp\/v2\/product_brand?post=4751"},{"taxonomy":"product_cat","embeddable":true,"href":"https:\/\/vetomshop.hu\/fr\/wp-json\/wp\/v2\/product_cat?post=4751"},{"taxonomy":"product_tag","embeddable":true,"href":"https:\/\/vetomshop.hu\/fr\/wp-json\/wp\/v2\/product_tag?post=4751"}],"curies":[{"name":"wp","href":"https:\/\/api.w.org\/{rel}","templated":true}]}}