{"id":4755,"date":"2023-11-11T14:34:03","date_gmt":"2023-11-11T13:34:03","guid":{"rendered":"https:\/\/vetomshop.hu\/termek\/menedzser-kartya\/"},"modified":"2023-11-11T14:34:03","modified_gmt":"2023-11-11T13:34:03","slug":"menedzser-kartya","status":"publish","type":"product","link":"https:\/\/vetomshop.hu\/fr\/produit\/menedzser-kartya\/","title":{"rendered":"Carte de gestionnaire"},"content":{"rendered":"<h4>\u00c0 quoi sert la carte MENEDZSER ?<\/h4>\n<p><strong>CARTE DE GESTIONNAIRE<\/strong> - un dispositif pour la pr\u00e9vention et le traitement de la fatigue chronique et du syndrome de surmenage, pour augmenter la capacit\u00e9 de travail, pour activer les processus de r\u00e9g\u00e9n\u00e9ration suite \u00e0 des charges de travail stressantes et pour augmenter l'immunit\u00e9.<\/p>\n<p>Le fonctionnement de la CARTE MENEDZSER soutient les processus cognitifs. Il vise \u00e0 activer les processus de m\u00e9moire, \u00e0 permettre la m\u00e9morisation imm\u00e9diate des informations n\u00e9cessaires, \u00e0 augmenter la vitesse de la pens\u00e9e, \u00e0 r\u00e9tablir le cours normal des processus physiologiques dans les cellules et les tissus du syst\u00e8me nerveux central, \u00e0 accro\u00eetre leur stabilit\u00e9 face aux effets nocifs du monde ext\u00e9rieur.<\/p>\n<p><strong>Effets :<\/strong><\/p>\n<ul>\n<li>favorise la circulation sanguine et les processus m\u00e9taboliques dans le syst\u00e8me nerveux central et aide \u00e0 restaurer les fonctions du syst\u00e8me nerveux central ;<\/li>\n<li>contribue \u00e0 am\u00e9liorer la m\u00e9moire, ce qui permet d'absorber davantage d'informations ;<\/li>\n<li>favorise la concentration,<\/li>\n<li>r\u00e9duit la fatigue pendant l'activit\u00e9 ;<\/li>\n<li>r\u00e9duit la tension neuro-\u00e9motionnelle pendant l'utilisation de l'ordinateur ;<\/li>\n<li>harmonise l'attitude \u00e9motionnelle et psychique ;<\/li>\n<li>am\u00e9liore l'intuition,<\/li>\n<li>aide \u00e0 pr\u00e9venir le d\u00e9veloppement du stress chronique et de la fatigue.<\/li>\n<\/ul>\n<div class=\"su-spoiler su-spoiler-style-defoult su-spoiler-icon-caret su-spoiler-closed\" data-scroll-offset=\"0\" data-anchor-in-url=\"no\"><div class=\"su-spoiler-title\" tabindex=\"0\" role=\"button\"><span class=\"su-spoiler-icon\"><\/span>Tous<\/div><div class=\"su-spoiler-content su-u-clearfix su-u-trim\">\n<strong>Avec l'aide de :<\/strong><\/p>\n<ul>\n<li>se concentrera sur l'essentiel,<\/li>\n<li>favorise une attitude positive \u00e0 l'\u00e9gard de la vie et le d\u00e9veloppement de la d\u00e9termination,<\/li>\n<li>vous aide \u00e0 vous concentrer sur le succ\u00e8s et l'objectif,<\/li>\n<li>favorise le sentiment d'accomplissement, la confiance en soi et la croyance en la r\u00e9ussite de l'objectif !<\/li>\n<\/ul>\n<\/div><\/div>","protected":false},"excerpt":{"rendered":"<p>Mire szolg\u00e1l a MENEDZSER K\u00c1RTYA? MENEDZSER K\u00c1RTYA \u2013 a kr\u00f3nikus f\u00e1rad\u00e9konys\u00e1g \u00e9s a t\u00falhajszolts\u00e1g szindr\u00f3m\u00e1ja megel\u0151z\u00e9s\u00e9re \u00e9s kezel\u00e9s\u00e9re, a munkab\u00edr\u00e1s n\u00f6vel\u00e9s\u00e9re, az \u00e1tv\u00e9szelt stressz-megterhel\u00e9seket k\u00f6vet\u0151 regener\u00e1ci\u00f3s folyamatok aktiviz\u00e1l\u00e1s\u00e1ra, az immunit\u00e1s n\u00f6vel\u00e9s\u00e9re szolg\u00e1l\u00f3 k\u00e9sz\u00fcl\u00e9k. A MENEDZSER K\u00c1RTYA m\u0171k\u00f6d\u00e9se a kognit\u00edv folyamatok m\u0171k\u00f6d\u00e9s\u00e9t t\u00e1mogatja. Az eml\u00e9kez\u00e9s folyamatainak aktiviz\u00e1l\u00e1s\u00e1ra, a sz\u00fcks\u00e9ges inform\u00e1ci\u00f3 azonnali memoriz\u00e1l\u00e1s\u00e1nak lehet\u0151s\u00e9g\u00e9re, a gondolkod\u00e1s sebess\u00e9g\u00e9nek [&hellip;]<\/p>\n","protected":false},"featured_media":4754,"comment_status":"open","ping_status":"closed","template":"","meta":[],"product_brand":[],"product_cat":[33,32],"product_tag":[],"class_list":{"0":"post-4755","1":"product","2":"type-product","3":"status-publish","4":"has-post-thumbnail","6":"product_cat-egeszseg-medalok","7":"product_cat-triomed","9":"first","10":"instock","11":"taxable","12":"shipping-taxable","13":"purchasable","14":"product-type-simple"},"_links":{"self":[{"href":"https:\/\/vetomshop.hu\/fr\/wp-json\/wp\/v2\/product\/4755","targetHints":{"allow":["GET"]}}],"collection":[{"href":"https:\/\/vetomshop.hu\/fr\/wp-json\/wp\/v2\/product"}],"about":[{"href":"https:\/\/vetomshop.hu\/fr\/wp-json\/wp\/v2\/types\/product"}],"replies":[{"embeddable":true,"href":"https:\/\/vetomshop.hu\/fr\/wp-json\/wp\/v2\/comments?post=4755"}],"wp:featuredmedia":[{"embeddable":true,"href":"https:\/\/vetomshop.hu\/fr\/wp-json\/wp\/v2\/media\/4754"}],"wp:attachment":[{"href":"https:\/\/vetomshop.hu\/fr\/wp-json\/wp\/v2\/media?parent=4755"}],"wp:term":[{"taxonomy":"product_brand","embeddable":true,"href":"https:\/\/vetomshop.hu\/fr\/wp-json\/wp\/v2\/product_brand?post=4755"},{"taxonomy":"product_cat","embeddable":true,"href":"https:\/\/vetomshop.hu\/fr\/wp-json\/wp\/v2\/product_cat?post=4755"},{"taxonomy":"product_tag","embeddable":true,"href":"https:\/\/vetomshop.hu\/fr\/wp-json\/wp\/v2\/product_tag?post=4755"}],"curies":[{"name":"wp","href":"https:\/\/api.w.org\/{rel}","templated":true}]}}