{"id":5820,"date":"2024-06-01T18:26:31","date_gmt":"2024-06-01T16:26:31","guid":{"rendered":"https:\/\/vetomshop.hu\/?post_type=product&#038;p=5820"},"modified":"2026-04-12T08:27:56","modified_gmt":"2026-04-12T06:27:56","slug":"vetom-1-1-probiotikum-por-500-g-etrend-kiegeszito","status":"publish","type":"product","link":"https:\/\/vetomshop.hu\/fr\/produit\/vetom-1-1-probiotikum-por-500-g-etrend-kiegeszito\/","title":{"rendered":"Vetom <span style=\"color:red\">1.1<\/span> probiotique <br>por <span style=\"color:red\">500 g<\/span> (compl\u00e9ment alimentaire)"},"content":{"rendered":"<p>Les effets b\u00e9n\u00e9fiques de la <strong>Bacillus subtilis<\/strong> des bact\u00e9ries b\u00e9n\u00e9fiques qui prolif\u00e8rent principalement dans le gros intestin et produisent des enzymes prot\u00e9olytiques, amylolytiques et cellulolytiques, de l'interf\u00e9ron a-2 des leucocytes humains, de la bacitracine mg, qui inhibe la croissance et le d\u00e9veloppement de la microflore pathog\u00e8ne et potentiellement pathog\u00e8ne, ainsi que d'autres substances biologiquement actives.<\/p>\n<p>En cons\u00e9quence, la composition bact\u00e9rienne du contenu intestinal est transform\u00e9e en une norme de d\u00e9veloppement appropri\u00e9e, les parois intestinales sont nettoy\u00e9es des r\u00e9sidus non dig\u00e9r\u00e9s, ce qui contribue \u00e0 l'\u00e9limination active des toxines du corps, au transport sans entrave des nutriments biologiquement actifs.<\/p>\n<p>Sous l'action de Vetom 1.1, le m\u00e9tabolisme, la digestion et l'absorption des composants alimentaires biologiquement actifs dans le tractus gastro-intestinal sont normalis\u00e9s.<\/p>\n<p>Un produit qui pla\u00eet aux enfants, qui est d\u00e9licieusement sucr\u00e9 et qui peut m\u00eame \u00eatre consomm\u00e9 seul.<\/p>\n<p>Vetom 1.1 augmente l'efficacit\u00e9 des m\u00e9dicaments et r\u00e9duit leurs effets secondaires n\u00e9gatifs sur le corps humain.<\/p>\n<p>Ce n'est pas un m\u00e9dicament.<\/p>\n<p><strong>Effets pharmacologiques<\/strong>Les substances suivantes sont utilis\u00e9es : immunomodulateurs, antiviraux, antiprolif\u00e9ratifs, bact\u00e9ricides, fongicides, antichlamydiques.<\/p>\n<h5>Caract\u00e9ristiques :<\/h5>\n<ul>\n<li>Il poss\u00e8de une forte activit\u00e9 antagoniste contre les champignons et les bact\u00e9ries pathog\u00e8nes et conditionnellement pathog\u00e8nes, des propri\u00e9t\u00e9s antivirales, prot\u00e9olytiques, amy lytiques et cellulolytiques.<\/li>\n<li>stimule les facteurs cellulaires et humoraux de l'immunit\u00e9<\/li>\n<li>augmente la r\u00e9sistance non sp\u00e9cifique du corps<\/li>\n<li>stabilise la r\u00e9sistance aux allergies<\/li>\n<li>normalise le m\u00e9tabolisme<\/li>\n<\/ul>\n<p>- PAS D'EFFETS SECONDAIRES<br \/>\n- AUCUNE RESTRICTION D'\u00c2GE<br \/>\n- PAS DE SURDOSAGE<br \/>\n- NE CR\u00c9E PAS DE D\u00c9PENDANCE<\/p>\n<h5>Domaine d'utilisation<\/h5>\n<p>L'utilisation de micro-organismes probiotiques en tant qu'additifs alimentaires biologiquement actifs est recommand\u00e9e pour la r\u00e9paration du tractus gastro-intestinal et la restauration de la microflore intestinale.<\/p>\n<p><em><strong>Dosage :<\/strong><\/em> recommand\u00e9 pendant 10 jours, 3 \u00e0 5 cuill\u00e8res \u00e0 caf\u00e9 de poudre par jour avant, pendant ou apr\u00e8s les repas, seule (peut \u00e9galement \u00eatre consomm\u00e9e avec de l'eau ou du jus). .<\/p>\n<p>Vetom 1.1 ne cr\u00e9e pas de d\u00e9pendance.<\/p>\n<p>Il est recommand\u00e9 de r\u00e9p\u00e9ter les cures apr\u00e8s une pause de 1 \u00e0 2 semaines, et de passer \u00e0 un produit Vetom num\u00e9rot\u00e9 diff\u00e9rent \u00e0 intervalles r\u00e9guliers.<\/p>\n<h5>Contre-indications<\/h5>\n<p>Hypersensibilit\u00e9 \u00e0 certains ingr\u00e9dients du produit.<\/p>\n<p>Ne pas prendre Vetom 1.1 en m\u00eame temps que des antibiotiques ou d'autres probiotiques.<\/p>\n<h5>Instructions sp\u00e9ciales<\/h5>\n<p>N'utiliser pendant la grossesse et l'allaitement qu'apr\u00e8s consultation m\u00e9dicale.<\/p>\n<p>La pr\u00e9paration n'affecte pas la capacit\u00e9 \u00e0 conduire ou \u00e0 utiliser des m\u00e9canismes potentiellement dangereux.<\/p>\n<h5>Distribution<\/h5>\n<p><strong>Sous forme de poudre, conditionn\u00e9e dans des pots en polym\u00e8re<\/strong><\/p>\n<h5><strong>Ingr\u00e9dients :<\/strong><\/h5>\n<p>Vetom 1.1. est un additif biologiquement actif utilis\u00e9 comme source suppl\u00e9mentaire de micro-organismes probiotiques. 1 portion de compl\u00e9ment alimentaire - 5 g qui ,<\/p>\n<p>contient : extrait de ma\u00efs - 2000 mg ; amidon de pomme de terre - 1500 mg ; sucre en poudre - 1000 mg ; culture s\u00e8che de micro-organismes probiotiques Bacillus subtilis B-10641 (DSM 24613) souche 1\u00d7108 UFC\/g - 500 mg. Vetom 1.1 est administr\u00e9 par voie orale.<\/p>\n<p>Contenu pour 100 g de produit (valeurs moyennes) : mati\u00e8res grasses - maximum 0,1 g, prot\u00e9ines - maximum 1,0 g, hydrates de carbone - minimum 98,9 g. Valeur \u00e9nerg\u00e9tique - maximum 400 Kcal.<\/p>\n<h5>Conditions de stockage<\/h5>\n<p>Peut \u00eatre stock\u00e9 \u00e0 75 % d'humidit\u00e9 relative en dessous de 30\u00b0C.<\/p>\n<h5>Dur\u00e9e de conservation<\/h5>\n<p>2 ans \u00e0 partir de la date de fabrication. Ne pas consommer apr\u00e8s la date de p\u00e9remption.<\/p>\n<p>Poids net - 500 g<\/p>\n<p>Poids brut - 547 g<\/p>","protected":false},"excerpt":{"rendered":"<p>Les effets b\u00e9n\u00e9fiques de la <strong>Bacillus subtilis<\/strong> les bact\u00e9ries b\u00e9n\u00e9fiques, qui sont principalement produites en se multipliant dans le gros intestin :<\/p>\n<ul class=\"vetom-list\">\n<li>enzymes prot\u00e9olytiques, amylolytiques et cellulosolytiques ;<\/li>\n<li>interf\u00e9ron a-2 dans les leucocytes humains ;<\/li>\n<li>bacitracine mg, qui inhibent la croissance et le d\u00e9veloppement de la microflore pathog\u00e8ne et potentiellement pathog\u00e8ne ;<\/li>\n<li>et d'autres substances biologiquement actives.<\/li>\n<\/ul>\n<p>En cons\u00e9quence, la composition bact\u00e9rienne du contenu intestinal est transform\u00e9e en une norme de d\u00e9veloppement appropri\u00e9e, les parois intestinales sont nettoy\u00e9es des r\u00e9sidus non dig\u00e9r\u00e9s, ce qui contribue \u00e0 l'\u00e9limination active des toxines du corps, au transport sans entrave des nutriments biologiquement actifs.<\/p>\n<div class=\"plashka\">A <strong>Vetom <span style=\"color: red;\">1.1<\/span><\/strong> normalise le m\u00e9tabolisme, la digestion et l'absorption des composants alimentaires biologiquement actifs dans le tractus gastro-intestinal.<\/div>\n<p>Un produit adapt\u00e9 aux enfants, d\u00e9licieusement sucr\u00e9, qui peut \u00eatre consomm\u00e9 seul par voie orale.<\/p>\n<p>A <strong>Vetom <span style=\"color: red;\">1.1<\/span><\/strong> augmente l'efficacit\u00e9 des m\u00e9dicaments et r\u00e9duit leurs effets secondaires n\u00e9gatifs sur le corps humain.<\/p>\n<p>Ce n'est pas un m\u00e9dicament.<\/p>\n<div class=\"plashka\"><strong>Effets pharmacologiques<\/strong>Les substances suivantes sont utilis\u00e9es : immunomodulateurs, antiviraux, antiprolif\u00e9ratifs, bact\u00e9ricides, fongicides, antichlamydiques.<\/div>\n<h5>Caract\u00e9ristiques :<\/h5>\n<ul class=\"vetom-list\">\n<li>Il poss\u00e8de une forte activit\u00e9 antagoniste contre les champignons et les bact\u00e9ries pathog\u00e8nes et conditionnellement pathog\u00e8nes, des propri\u00e9t\u00e9s antivirales, prot\u00e9olytiques, amy lytiques et cellulolytiques.<\/li>\n<li>stimule les facteurs cellulaires et humoraux de l'immunit\u00e9<\/li>\n<li>augmente la r\u00e9sistance non sp\u00e9cifique du corps<\/li>\n<li>stabilise la r\u00e9sistance aux allergies<\/li>\n<li>normalise le m\u00e9tabolisme<\/li>\n<\/ul>","protected":false},"featured_media":5821,"comment_status":"open","ping_status":"closed","template":"","meta":[],"product_brand":[],"product_cat":[22],"product_tag":[],"class_list":{"0":"post-5820","1":"product","2":"type-product","3":"status-publish","4":"has-post-thumbnail","6":"product_cat-vetom-probiotikumok","8":"first","9":"instock","10":"featured","11":"taxable","12":"shipping-taxable","13":"purchasable","14":"product-type-simple"},"_links":{"self":[{"href":"https:\/\/vetomshop.hu\/fr\/wp-json\/wp\/v2\/product\/5820","targetHints":{"allow":["GET"]}}],"collection":[{"href":"https:\/\/vetomshop.hu\/fr\/wp-json\/wp\/v2\/product"}],"about":[{"href":"https:\/\/vetomshop.hu\/fr\/wp-json\/wp\/v2\/types\/product"}],"replies":[{"embeddable":true,"href":"https:\/\/vetomshop.hu\/fr\/wp-json\/wp\/v2\/comments?post=5820"}],"wp:featuredmedia":[{"embeddable":true,"href":"https:\/\/vetomshop.hu\/fr\/wp-json\/wp\/v2\/media\/5821"}],"wp:attachment":[{"href":"https:\/\/vetomshop.hu\/fr\/wp-json\/wp\/v2\/media?parent=5820"}],"wp:term":[{"taxonomy":"product_brand","embeddable":true,"href":"https:\/\/vetomshop.hu\/fr\/wp-json\/wp\/v2\/product_brand?post=5820"},{"taxonomy":"product_cat","embeddable":true,"href":"https:\/\/vetomshop.hu\/fr\/wp-json\/wp\/v2\/product_cat?post=5820"},{"taxonomy":"product_tag","embeddable":true,"href":"https:\/\/vetomshop.hu\/fr\/wp-json\/wp\/v2\/product_tag?post=5820"}],"curies":[{"name":"wp","href":"https:\/\/api.w.org\/{rel}","templated":true}]}}