{"id":6957,"date":"2025-07-26T15:40:40","date_gmt":"2025-07-26T13:40:40","guid":{"rendered":"https:\/\/vetomshop.hu\/?post_type=product&#038;p=6957"},"modified":"2025-12-31T14:57:45","modified_gmt":"2025-12-31T13:57:45","slug":"bioseptin-probiotikus-kenocs-60-g","status":"publish","type":"product","link":"https:\/\/vetomshop.hu\/fr\/produit\/bioseptin-probiotikus-kenocs-60-g\/","title":{"rendered":"Pommade probiotique Bioseptin <span style=\"color:red\">60<\/span> g"},"content":{"rendered":"<p><span style=\"font-size: x-large;\"><b>Bioseptin Pommade Probiotique 60 g<\/b><\/span><\/p>\n<p><span style=\"font-size: x-large;\">La pommade Bioseptin poss\u00e8de des propri\u00e9t\u00e9s antiseptiques, anti-inflammatoires et anti-prot\u00e9iniques. Elle contient des spores bact\u00e9riennes Bacillus subtilis et Bacillus licheniformis qui sont efficaces contre un large \u00e9ventail d'agents pathog\u00e8nes. Elles d\u00e9truisent les bact\u00e9ries pathog\u00e8nes \u00e0 la surface de la plaie, que ce soit dans un environnement exigeant ou non de l'oxyg\u00e8ne, en particulier les bact\u00e9ries \u00e0 Gram positif. Ils aident \u00e0 d\u00e9composer les tissus morts et les bact\u00e9ries nocives, emp\u00eachant ainsi la r\u00e9infection et acc\u00e9l\u00e9rant la cicatrisation de la plaie. La pommade ne provoque pas d'irritation et il n'y a pas de r\u00e9actions allergiques.<\/span><\/p>\n<p><span style=\"font-size: x-large;\"><b>Composition et pr\u00e9sentation :<\/b><\/span><\/p>\n<p><span style=\"font-size: x-large;\">La pommade contient des spores des deux souches bact\u00e9riennes dans une base d'agar (semblable \u00e0 un gel) et de l'alcool \u00e9thylique. Elle ne contient aucun ingr\u00e9dient g\u00e9n\u00e9tiquement modifi\u00e9. Chaque gramme de pommade contient au moins un million de cellules bact\u00e9riennes vivantes.<\/span><\/p>\n<p>Plusieurs pays de l'organisation internationale ayant conjointement introduit une interdiction commerciale (embargo) sur les produits cosm\u00e9tiques, la pommade Bioseptin a \u00e9t\u00e9 enregistr\u00e9e en tant que m\u00e9dicament v\u00e9t\u00e9rinaire en Hongrie. .<\/p>\n<p><span style=\"font-size: x-large;\"><b>Comment l'utiliser ?<\/b><\/span><\/p>\n<p><span style=\"font-size: x-large;\">Il doit \u00eatre appliqu\u00e9 en externe, en fine couche sur la zone endommag\u00e9e de la peau, 1 \u00e0 2 fois par jour jusqu'\u00e0 gu\u00e9rison. Il n'est pas n\u00e9cessaire de panser la zone trait\u00e9e.<\/span><\/p>\n<p><span style=\"font-size: x-large;\"><b>Quand ne pas l'utiliser :<\/b><\/span><\/p>\n<p><span style=\"font-size: x-large;\">\u00a0 \u00a0Si vous \u00eates sensible \u00e0 l'un des ingr\u00e9dients de ce produit, il est d\u00e9conseill\u00e9 de l'utiliser. Il ne doit pas non plus \u00eatre utilis\u00e9 en association avec des antibiotiques, des sulfamides ou d'autres pr\u00e9parations \u00e0 base de bact\u00e9ries.<\/span><\/p>\n<p><span style=\"font-size: x-large;\"><b>Informations importantes :<\/b><\/span><\/p>\n<p><span style=\"font-size: x-large;\"><span style=\"color: #127622;\"><b>Chez l'homme, l'utilisation de pommade :<\/b><\/span><\/span><\/p>\n<p><span style=\"font-size: large;\">Appliquer une fine couche 1 \u00e0 2 fois par jour sur la zone affect\u00e9e jusqu'\u00e0 ce que la plaie soit cicatris\u00e9e.<\/span><\/p>\n<p><span style=\"font-size: large;\">Un surdosage n'est pas possible.<\/span><\/p>\n<p><span style=\"font-size: x-large;\"><span style=\"color: #127622;\"><b>Pour les animaux, l'application d'une pommade :<\/b><\/span><\/span><\/p>\n<p><span style=\"font-size: x-large;\">Une fois que les animaux ont \u00e9t\u00e9 trait\u00e9s, il n'y a pas de d\u00e9lai d'attente avant que leur viande ou d'autres produits (\u0153ufs, lait, etc.) puissent \u00eatre utilis\u00e9s comme aliments, c'est-\u00e0-dire qu'ils peuvent \u00eatre consomm\u00e9s imm\u00e9diatement.<\/span><\/p>\n<p><span style=\"font-size: x-large;\"><b>Domaines d'utilisation :<\/b><\/span><\/p>\n<p><span style=\"font-size: x-large;\">Il peut \u00eatre utilis\u00e9 pour traiter les plaies, les tissus infect\u00e9s ou morts, les br\u00fblures et les dermatites chez diverses esp\u00e8ces animales - animaux domestiques, animaux d'\u00e9levage, animaux sauvages, animaux \u00e0 fourrure et volailles.<\/span><\/p>\n<p><span style=\"font-size: x-large;\"><b>Effets secondaires :<\/b><\/span><\/p>\n<p><span style=\"font-size: x-large;\">En cas d'utilisation correcte, les effets secondaires sont rares, voire inexistants.<\/span><\/p>\n<p><span style=\"font-size: x-large;\"><b>Stockage :<\/b><\/span><\/p>\n<p><span style=\"font-size: x-large;\">La pommade doit \u00eatre conserv\u00e9e dans un endroit frais (0-10 \u00b0C), sec et sombre, hors de port\u00e9e des enfants et des animaux. Elle doit rester \u00e0 20 \u00b0C pendant 2 semaines au maximum pendant le transport. Peut \u00eatre utilis\u00e9 pendant 2 ans \u00e0 partir de la date de fabrication.<\/span><\/p>","protected":false},"excerpt":{"rendered":"<p>A <strong>Pommade Bioseptin<\/strong> propri\u00e9t\u00e9s antiseptiques, anti-inflammatoires et prot\u00e9olytiques. Il contient <strong>Bacillus subtilis<\/strong> et <strong>Bacillus licheniformis<\/strong> Les spores bact\u00e9riennes sont efficaces contre un large \u00e9ventail d'agents pathog\u00e8nes. Elles tuent les bact\u00e9ries pathog\u00e8nes \u00e0 la surface de la plaie, qu'elles vivent dans un environnement exigeant ou non de l'oxyg\u00e8ne, en particulier les bact\u00e9ries Gram-positives. Ils aident \u00e0 d\u00e9composer les tissus morts et les bact\u00e9ries nocives, emp\u00eachant ainsi la r\u00e9infection et acc\u00e9l\u00e9rant la cicatrisation de la plaie. La pommade ne provoque pas d'irritation et il n'y a pas de r\u00e9actions allergiques.<\/p>\n<div class=\"plashka\">\n<h5>Propri\u00e9t\u00e9s et m\u00e9canisme d'action :<br \/>\nBioseptin - pommade de soin, antiseptique, anti-inflammatoire et prot\u00e9olytique.<\/h5>\n<\/div>","protected":false},"featured_media":6958,"comment_status":"open","ping_status":"closed","template":"","meta":[],"product_brand":[],"product_cat":[22],"product_tag":[],"class_list":{"0":"post-6957","1":"product","2":"type-product","3":"status-publish","4":"has-post-thumbnail","6":"product_cat-vetom-probiotikumok","8":"first","9":"outofstock","10":"taxable","11":"shipping-taxable","12":"purchasable","13":"product-type-simple"},"_links":{"self":[{"href":"https:\/\/vetomshop.hu\/fr\/wp-json\/wp\/v2\/product\/6957","targetHints":{"allow":["GET"]}}],"collection":[{"href":"https:\/\/vetomshop.hu\/fr\/wp-json\/wp\/v2\/product"}],"about":[{"href":"https:\/\/vetomshop.hu\/fr\/wp-json\/wp\/v2\/types\/product"}],"replies":[{"embeddable":true,"href":"https:\/\/vetomshop.hu\/fr\/wp-json\/wp\/v2\/comments?post=6957"}],"wp:featuredmedia":[{"embeddable":true,"href":"https:\/\/vetomshop.hu\/fr\/wp-json\/wp\/v2\/media\/6958"}],"wp:attachment":[{"href":"https:\/\/vetomshop.hu\/fr\/wp-json\/wp\/v2\/media?parent=6957"}],"wp:term":[{"taxonomy":"product_brand","embeddable":true,"href":"https:\/\/vetomshop.hu\/fr\/wp-json\/wp\/v2\/product_brand?post=6957"},{"taxonomy":"product_cat","embeddable":true,"href":"https:\/\/vetomshop.hu\/fr\/wp-json\/wp\/v2\/product_cat?post=6957"},{"taxonomy":"product_tag","embeddable":true,"href":"https:\/\/vetomshop.hu\/fr\/wp-json\/wp\/v2\/product_tag?post=6957"}],"curies":[{"name":"wp","href":"https:\/\/api.w.org\/{rel}","templated":true}]}}