{"id":7033,"date":"2025-08-19T14:24:55","date_gmt":"2025-08-19T12:24:55","guid":{"rendered":"https:\/\/vetomshop.hu\/?post_type=product&#038;p=7033"},"modified":"2025-10-21T17:32:52","modified_gmt":"2025-10-21T15:32:52","slug":"honey-vetom-biologiailag-aktiv-etrend-kiegeszito-60-ml","status":"publish","type":"product","link":"https:\/\/vetomshop.hu\/fr\/produit\/honey-vetom-biologiailag-aktiv-etrend-kiegeszito-60-ml\/","title":{"rendered":"Honey Vetom - Compl\u00e9ment alimentaire biologiquement actif <span style=\"color:red\">60<\/span> ml"},"content":{"rendered":"<p><span style=\"font-size: x-large;\"><b>Miel Vetom - Compl\u00e9ment alimentaire biologiquement actif 60 g<\/b><\/span><\/p>\n<h5><strong>Composition (1 portion = 10 g) :<\/strong><\/h5>\n<p>* Miel naturel : 8 g<\/p>\n<p>* Extrait de ma\u00efs ferment\u00e9 (avec Bacillus subtilis VKPM B-10641) : 1 g (contient 1\u00d710\u2076 CFU\/g de bact\u00e9ries)<\/p>\n<h5><strong>Valeur nutritionnelle pour 10 g :<\/strong><\/h5>\n<ul class=\"vetom-list\">\n<li>\u00a0 * Lipides : 0 g<\/li>\n<li>\u00a0 * Glucides : 8 g<\/li>\n<li>\u00a0 * Prot\u00e9ines : 0,08 g<\/li>\n<li>\u00a0 * \u00c9nergie : 31,4 kcal<\/li>\n<\/ul>\n<h5><strong>Description :<\/strong><\/h5>\n<ul class=\"vetom-list\">\n<li>Substance dense et homog\u00e8ne \u00e0 base de miel<\/li>\n<li>Couleur : peut aller du blanc au brun fonc\u00e9<\/li>\n<li>Texture : partiellement ou totalement cristallis\u00e9e<\/li>\n<li>Ar\u00f4me : odeur agr\u00e9able de miel<\/li>\n<li>Go\u00fbt : doux, sans go\u00fbt \u00e9tranger<\/li>\n<\/ul>\n<h5><strong>Distribution :<\/strong><\/h5>\n<ul class=\"vetom-list\">\n<li>Tube de 60 ml<\/li>\n<li>Dans une bo\u00eete en carton, avec un d\u00e9pliant d'information<\/li>\n<\/ul>\n<h5><strong>Pourquoi est-il recommand\u00e9 ?<\/strong><\/h5>\n<ul class=\"vetom-list\">\n<li>Enrichi en substances biologiquement actives de micro-organismes probiotiques<\/li>\n<li>Favorise la flore intestinale et la fonction immunitaire<\/li>\n<li>Egalement une source de fructose<\/li>\n<\/ul>\n<h5><strong>Application et dosage :<\/strong><\/h5>\n<p>Pas un m\u00e9dicament<\/p>\n<ul class=\"vetom-list\">\n<li>Adultes : 3 fois par jour, \u00e0 intervalles r\u00e9guliers, pendant 10 jours<\/li>\n<li>Une portion : 10 g (environ 1 cuill\u00e8re \u00e0 caf\u00e9)<\/li>\n<li>Peut \u00eatre pris avec ou sans nourriture (avant, pendant ou apr\u00e8s)<\/li>\n<li>Il est recommand\u00e9 de r\u00e9p\u00e9ter l'op\u00e9ration tous les 3 mois<\/li>\n<\/ul>\n<h5><strong>Stockage :<\/strong><\/h5>\n<div class=\"plashka\">\n<p>* Endroit sec et frais* Prot\u00e9g\u00e9 de la lumi\u00e8re du soleil<\/p>\n<p>* Max. \u00e0 +20 \u00b0C<\/p>\n<p>* Apr\u00e8s ouverture : peut \u00eatre utilis\u00e9 pendant 12 mois<\/p>\n<p>* Date d'expiration : 2 ans \u00e0 compter de la date de production<\/p>\n<\/div>\n<p><strong>Avertissements :<\/strong><\/p>\n<p><strong>Non recommand\u00e9 :<\/strong><\/p>\n<ul>\n<li>En cas de sensibilit\u00e9 ou d'allergie individuelle<\/li>\n<li>Pour les femmes enceintes, les femmes qui allaitent et les moins de 18 ans<\/li>\n<li>Pour les diab\u00e9tiques<\/li>\n<li>En cas de cancer<\/li>\n<li>Ne pas d\u00e9passer la dose journali\u00e8re recommand\u00e9e !<\/li>\n<li>Consulter un m\u00e9decin avant utilisation<\/li>\n<\/ul>\n<p>Teneur en fructose (pour 30 g par jour) :<\/p>\n<p>12 g de fructose, soit 68,6% de l'apport journalier recommand\u00e9 (selon les normes \u00e9tablies)<\/p>\n<p><strong>Informations sur la commercialisation :<\/strong><\/p>\n<p><strong>Fabricant :<\/strong> OOO NPF Issledovatelsky Tsentr, Novosibirsk, Russie<\/p>\n<p><strong>Distributeur :<\/strong> Cemmedic Europe Ltd, Zichy\u00fajfalu, Hongrie<\/p>\n<p>+36305573846, vetomshop.hu@gmail.com<\/p>","protected":false},"excerpt":{"rendered":"<div class=\"plashka\">\n<h5><strong>Composition (1 portion = 10 g) :<\/strong><\/h5>\n<p>- Miel naturel : 8 g<br \/>\n- Extrait de ma\u00efs ferment\u00e9 (Bacillus subtilis VKPM B-10641) : 1 g (contient 1\u00d710\u2076 CFU\/g de bact\u00e9ries)<\/p>\n<\/div>\n<h5><strong>Description :<\/strong><\/h5>\n<ul class=\"vetom-list\">\n<li>Substance dense et homog\u00e8ne \u00e0 base de miel<\/li>\n<li>Couleur : peut aller du blanc au brun fonc\u00e9<\/li>\n<li>Texture : partiellement ou totalement cristallis\u00e9e<\/li>\n<li>Ar\u00f4me : odeur agr\u00e9able de miel<\/li>\n<li>Go\u00fbt : doux, sans go\u00fbt \u00e9tranger<\/li>\n<\/ul>\n<div class=\"plashka\">\n<h5><strong>Pourquoi est-il recommand\u00e9 ?<\/strong><\/h5>\n<ul class=\"vetom-list\">\n<li>Enrichi en substances biologiquement actives de micro-organismes probiotiques<\/li>\n<li>Favorise la flore intestinale et la fonction immunitaire<\/li>\n<li>Egalement une source de fructose<\/li>\n<\/ul>\n<\/div>","protected":false},"featured_media":7034,"comment_status":"open","ping_status":"closed","template":"","meta":[],"product_brand":[],"product_cat":[37,22],"product_tag":[],"class_list":{"0":"post-7033","1":"product","2":"type-product","3":"status-publish","4":"has-post-thumbnail","6":"product_cat-mezpaszta","7":"product_cat-vetom-probiotikumok","9":"first","10":"outofstock","11":"taxable","12":"shipping-taxable","13":"purchasable","14":"product-type-simple"},"_links":{"self":[{"href":"https:\/\/vetomshop.hu\/fr\/wp-json\/wp\/v2\/product\/7033","targetHints":{"allow":["GET"]}}],"collection":[{"href":"https:\/\/vetomshop.hu\/fr\/wp-json\/wp\/v2\/product"}],"about":[{"href":"https:\/\/vetomshop.hu\/fr\/wp-json\/wp\/v2\/types\/product"}],"replies":[{"embeddable":true,"href":"https:\/\/vetomshop.hu\/fr\/wp-json\/wp\/v2\/comments?post=7033"}],"wp:featuredmedia":[{"embeddable":true,"href":"https:\/\/vetomshop.hu\/fr\/wp-json\/wp\/v2\/media\/7034"}],"wp:attachment":[{"href":"https:\/\/vetomshop.hu\/fr\/wp-json\/wp\/v2\/media?parent=7033"}],"wp:term":[{"taxonomy":"product_brand","embeddable":true,"href":"https:\/\/vetomshop.hu\/fr\/wp-json\/wp\/v2\/product_brand?post=7033"},{"taxonomy":"product_cat","embeddable":true,"href":"https:\/\/vetomshop.hu\/fr\/wp-json\/wp\/v2\/product_cat?post=7033"},{"taxonomy":"product_tag","embeddable":true,"href":"https:\/\/vetomshop.hu\/fr\/wp-json\/wp\/v2\/product_tag?post=7033"}],"curies":[{"name":"wp","href":"https:\/\/api.w.org\/{rel}","templated":true}]}}