{"id":7345,"date":"2026-01-20T13:35:59","date_gmt":"2026-01-20T12:35:59","guid":{"rendered":"https:\/\/vetomshop.hu\/?post_type=product&#038;p=7345"},"modified":"2026-03-02T20:19:42","modified_gmt":"2026-03-02T19:19:42","slug":"vektor-animals-1-2-vetom-1-2-probiotikum-por-formajaban-3-bakteriumtorzzsel-allatok-szamara-belflora-es-immunitas-50x5-g","status":"publish","type":"product","link":"https:\/\/vetomshop.hu\/fr\/produit\/vektor-animals-1-2-vetom-1-2-probiotikum-por-formajaban-3-bakteriumtorzzsel-allatok-szamara-belflora-es-immunitas-50x5-g\/","title":{"rendered":"Vektor Animals 1.2 (Vetom 1.2) - Probiotique en poudre avec 3 souches de bact\u00e9ries pour les animaux (flore intestinale et immunit\u00e9) - <span style=\"color:red\">50\u00d75 g<\/span>"},"content":{"rendered":"<h3>Vektor Animals 1.2 (Vetom 1.2) - Probiotique \u00e0 large spectre (3 souches)<\/h3>\n<div class=\"plashka\">A <strong>Animaux vectoriels <span style=\"color: red;\">1.2<\/span><\/strong> une formule renforc\u00e9e qui <strong>trois types de souches bact\u00e9riennes actives<\/strong> comprennent. Il s'agit d'une formulation universelle : elle convient aux mammif\u00e8res, aux oiseaux, aux poissons, aux reptiles et aux abeilles pour restaurer la r\u00e9sistance naturelle.<\/div>\n<h5>Principes actifs - La triple protection<\/h5>\n<p>L'efficacit\u00e9 du produit est assur\u00e9e par une combinaison des souches bact\u00e9riennes suivantes, sp\u00e9cialement s\u00e9lectionn\u00e9es :<\/p>\n<ul class=\"vetom-list\">\n<li>Bacillus subtilis VKPM B-10641<\/li>\n<li>Bacillus amyloliquefaciens VKPM B-10642<\/li>\n<li>Bacillus amyloliquefaciens VKPM B-10643<\/li>\n<\/ul>\n<h5>Pour qui est-il recommand\u00e9 (animaux cibles) ?<\/h5>\n<p>Le produit est unique en ce sens qu'il peut \u00eatre utilis\u00e9 pour presque toutes les esp\u00e8ces animales :<\/p>\n<ul class=\"vetom-list\">\n<li><strong>Animaux de compagnie :<\/strong> Chiens, chats (toutes races), rongeurs (hamster, cochon d'Inde, lapin, etc.).<\/li>\n<li><strong>Animaux utiles :<\/strong> Bovins, porcs, moutons, ch\u00e8vres, chevaux.<\/li>\n<li><strong>Oiseaux :<\/strong> Oiseaux d'ornement (perroquet, canari) et volailles.<\/li>\n<li><strong>Animaux sp\u00e9ciaux :<\/strong> Reptiles (tortue, l\u00e9zard, serpent), amphibiens et poissons d'aquarium (dissous dans l'eau).<\/li>\n<li><strong>Abeilles :<\/strong> R\u00e9duire la mortalit\u00e9 due aux infections.<\/li>\n<\/ul>\n<h5>Quand l'utiliser ?<\/h5>\n<p>Le produit peut \u00eatre utilis\u00e9 \u00e0 des fins prophylactiques (pr\u00e9ventives) et th\u00e9rapeutiques :<\/p>\n<ul class=\"vetom-list\">\n<li><strong>Apr\u00e8s une cure d'antibiotiques :<\/strong> Pour restaurer la flore intestinale et traiter les dysbioses.<\/li>\n<li><strong>Dans les situations de stress :<\/strong> Lors des changements d'alimentation, du transport ou du stress li\u00e9 \u00e0 l'\u00e9levage industriel.<\/li>\n<li><strong>Renforcement du syst\u00e8me immunitaire :<\/strong> En compl\u00e9ment des vaccinations pour une r\u00e9ponse immunitaire plus durable.<\/li>\n<li><strong>Augmenter la production :<\/strong> Augmenter la production d'\u0153ufs chez les volailles et stimuler la prise de poids et la croissance chez le b\u00e9tail.<\/li>\n<li><strong>Pr\u00e9vention des maladies :<\/strong> Par exemple, pour r\u00e9duire les infections chez les abeilles et les inflammations post-partum (endom\u00e9trite, mammite) chez les vaches.<\/li>\n<\/ul>\n<h5>Instructions de dosage<\/h5>\n<p>La poudre peut \u00eatre administr\u00e9e individuellement (m\u00e9lang\u00e9e \u00e0 l'eau\/au repas) ou en groupe. <strong>Dose de base : 50 mg\/kg de poids vivant.<\/strong> <\/p>\n<ul class=\"vetom-list\">\n<li><strong>Pr\u00e9vention (gu\u00e9rison) :<\/strong> 1 fois par jour pendant 15 \u00e0 20 jours. R\u00e9p\u00e9ter tous les trimestres.<\/li>\n<li><strong>Th\u00e9rapie (en cas de maladie) :<\/strong> 2 fois par jour (toutes les 8-10 heures) jusqu'\u00e0 disparition des sympt\u00f4mes. Dans les cas graves, 4 fois par jour (toutes les 6 heures).<\/li>\n<li><strong>Correction du d\u00e9ficit immunitaire :<\/strong> 1 \u00e0 2 fois par jour pendant 5 \u00e0 10 jours.<\/li>\n<li><strong>Dosage en groupe :<\/strong> 15 000 rations par tonne d'aliments ou d'eau.<\/li>\n<\/ul>\n<p><em>Note : Le produit ne provoque pas d'accoutumance ou de r\u00e9sistance.<\/em><\/p>","protected":false},"excerpt":{"rendered":"<div class=\"plashka\">A <strong>Animaux vectoriels <span style=\"color: red;\">1.2<\/span><\/strong> (Vetom 1.2) est un probiotique contenant 3 souches de bact\u00e9ries qui <strong>Bacillus subtilis<\/strong> et <strong>Bacillus amyloliquefaciens<\/strong> soutient la sant\u00e9 animale avec des spores.<\/div>\n<h5>Principaux avantages :<\/h5>\n<ul class=\"vetom-list\">\n<li><strong>Universelle :<\/strong> Il peut \u00eatre administr\u00e9 aux chiens, aux chats, au b\u00e9tail et m\u00eame aux poissons et aux abeilles.<\/li>\n<li><strong>Le triple effet :<\/strong> Les 3 diff\u00e9rentes souches de bact\u00e9ries offrent une protection plus large contre les infections.<\/li>\n<li><strong>Efficacit\u00e9 :<\/strong> Elle augmente la productivit\u00e9, am\u00e9liore la croissance et r\u00e9duit les besoins en m\u00e9dicaments.<\/li>\n<li><strong>La s\u00e9curit\u00e9 :<\/strong> Il ne d\u00e9veloppe pas de r\u00e9sistance et est fortement recommand\u00e9 apr\u00e8s une cure d'antibiotiques.<\/li>\n<\/ul>","protected":false},"featured_media":7349,"comment_status":"open","ping_status":"closed","template":"","meta":[],"product_brand":[],"product_cat":[38,40],"product_tag":[],"class_list":{"0":"post-7345","1":"product","2":"type-product","3":"status-publish","4":"has-post-thumbnail","6":"product_cat-vektor-animals-vetom","7":"product_cat-vektor-animals-1-2","9":"first","10":"instock","11":"featured","12":"taxable","13":"shipping-taxable","14":"purchasable","15":"product-type-simple"},"_links":{"self":[{"href":"https:\/\/vetomshop.hu\/fr\/wp-json\/wp\/v2\/product\/7345","targetHints":{"allow":["GET"]}}],"collection":[{"href":"https:\/\/vetomshop.hu\/fr\/wp-json\/wp\/v2\/product"}],"about":[{"href":"https:\/\/vetomshop.hu\/fr\/wp-json\/wp\/v2\/types\/product"}],"replies":[{"embeddable":true,"href":"https:\/\/vetomshop.hu\/fr\/wp-json\/wp\/v2\/comments?post=7345"}],"wp:featuredmedia":[{"embeddable":true,"href":"https:\/\/vetomshop.hu\/fr\/wp-json\/wp\/v2\/media\/7349"}],"wp:attachment":[{"href":"https:\/\/vetomshop.hu\/fr\/wp-json\/wp\/v2\/media?parent=7345"}],"wp:term":[{"taxonomy":"product_brand","embeddable":true,"href":"https:\/\/vetomshop.hu\/fr\/wp-json\/wp\/v2\/product_brand?post=7345"},{"taxonomy":"product_cat","embeddable":true,"href":"https:\/\/vetomshop.hu\/fr\/wp-json\/wp\/v2\/product_cat?post=7345"},{"taxonomy":"product_tag","embeddable":true,"href":"https:\/\/vetomshop.hu\/fr\/wp-json\/wp\/v2\/product_tag?post=7345"}],"curies":[{"name":"wp","href":"https:\/\/api.w.org\/{rel}","templated":true}]}}