{"id":7353,"date":"2026-01-20T12:00:23","date_gmt":"2026-01-20T11:00:23","guid":{"rendered":"https:\/\/vetomshop.hu\/?post_type=product&#038;p=7353"},"modified":"2026-03-02T20:21:35","modified_gmt":"2026-03-02T19:21:35","slug":"vektor-animals-3-vetom-3-probiotikus-por-allatoknak-bacillus-amyloliquefaciens-500-g","status":"publish","type":"product","link":"https:\/\/vetomshop.hu\/fr\/produit\/vektor-animals-3-vetom-3-probiotikus-por-allatoknak-bacillus-amyloliquefaciens-500-g\/","title":{"rendered":"Vektor Animals 3 (Vetom 3) - Poudre probiotique pour animaux (Bacillus amyloliquefaciens) - <span style=\"color:red\">500 g<\/span>"},"content":{"rendered":"<h3>Vektor Animals 3 (Vetom 3) - Probiotique avec souche bact\u00e9rienne sp\u00e9ciale<\/h3>\n<div class=\"plashka\">A <strong>Animaux vectoriels <span style=\"color: red;\">3<\/span><\/strong> (Vetom 3) est une pr\u00e9paration probiotique qui <strong>Bacillus amyloliquefaciens<\/strong> (VKPM B-10642) r\u00e9tablit l'\u00e9quilibre de la flore intestinale gr\u00e2ce \u00e0 la puissance d'une souche bact\u00e9rienne. Universel pour toutes les esp\u00e8ces animales, y compris les abeilles et les poissons d'aquarium.<\/div>\n<h5>Substance active et m\u00e9canisme d'action<\/h5>\n<p>Il est bas\u00e9 sur une bact\u00e9rie sp\u00e9ciale formant des spores :<\/p>\n<ul class=\"vetom-list\">\n<li><strong>Bacillus amyloliquefaciens<\/strong> VKPM B-10642 (DSM 24614)<\/li>\n<\/ul>\n<p>Cette souche est active dans le c\u00f4lon et produit des enzymes prot\u00e9olytiques, amylolytiques et cellulolytiques qui contribuent \u00e0 la d\u00e9composition et \u00e0 l'absorption des nutriments et inhibent la multiplication des agents pathog\u00e8nes.<\/p>\n<h5>Quand son utilisation est-elle recommand\u00e9e ?<\/h5>\n<p>Le produit est un excellent traitement pr\u00e9ventif et d'appoint :<\/p>\n<ul class=\"vetom-list\">\n<li><strong>Apr\u00e8s une cure d'antibiotiques :<\/strong> R\u00e9g\u00e9n\u00e9rer la flore intestinale endommag\u00e9e par les m\u00e9dicaments.<\/li>\n<li><strong>En cas d'indigestion :<\/strong> En cas de diarrh\u00e9e, de dysbiose ou de stress caus\u00e9 par un changement d'alimentation.<\/li>\n<li><strong>Renforcement du syst\u00e8me immunitaire :<\/strong> Augmenter l'efficacit\u00e9 des vaccinations et des traitements m\u00e9dicamenteux.<\/li>\n<li><strong>Maximiser la production :<\/strong> Am\u00e9liorer la prise de poids et l'indice de consommation des animaux d'\u00e9levage.<\/li>\n<li><strong>Dans les abeilles :<\/strong> Augmenter la r\u00e9sistance des colonies et r\u00e9duire la mortalit\u00e9 due aux infections.<\/li>\n<\/ul>\n<h5>Animaux cibles<\/h5>\n<p>Largement applicable :<\/p>\n<ul class=\"vetom-list\">\n<li><strong>Animaux de compagnie :<\/strong> Chiens, chats, rongeurs.<\/li>\n<li><strong>Animaux utiles :<\/strong> Bovins, porcs, moutons, ch\u00e8vres, chevaux, volailles.<\/li>\n<li><strong>Animaux exotiques :<\/strong> Reptiles, amphibiens, poissons d'ornement (dissous dans l'eau).<\/li>\n<\/ul>\n<h5>Recommandation de dosage<\/h5>\n<p>La poudre doit \u00eatre m\u00e9lang\u00e9e \u00e0 de l'eau, \u00e0 des aliments pour animaux ou \u00e0 un pr\u00e9m\u00e9lange. <strong>Dose de base : 50 mg\/kg de poids vivant.<\/strong><\/p>\n<ul class=\"vetom-list\">\n<li><strong>Pr\u00e9vention (gu\u00e9rison) :<\/strong> 1 fois par jour pendant 15 \u00e0 20 jours. R\u00e9p\u00e9ter 3 \u00e0 4 fois par an.<\/li>\n<li><strong>Th\u00e9rapie :<\/strong> 2 fois par jour (toutes les 8-10 heures) jusqu'\u00e0 disparition des sympt\u00f4mes. Dans les cas graves, la fr\u00e9quence peut \u00eatre augment\u00e9e jusqu'\u00e0 4 fois par jour (toutes les 6 heures).<\/li>\n<li><strong>Correction du d\u00e9ficit immunitaire :<\/strong> 1 \u00e0 2 fois par jour pendant 5 \u00e0 10 jours.<\/li>\n<li><strong>Dosage en groupe :<\/strong> 15 000 rations par tonne d'aliments.<\/li>\n<\/ul>\n<h5>Informations importantes<\/h5>\n<ul class=\"vetom-list\">\n<li>Ne provoque pas de r\u00e9sistance ou d'accoutumance.<\/li>\n<li>Les sympt\u00f4mes de surdosage ne sont pas connus.<\/li>\n<li>Il n'y a pas de temps d'attente pour la nourriture.<\/li>\n<\/ul>","protected":false},"excerpt":{"rendered":"<div class=\"plashka\">A <strong>Animaux vectoriels <span style=\"color: red;\">3<\/span><\/strong> (Vetom 3) <strong>Bacillus amyloliquefaciens<\/strong> un probiotique contenant des spores qui aident \u00e0 maintenir un syst\u00e8me digestif sain et \u00e0 renforcer le syst\u00e8me immunitaire.<\/div>\n<h5>Principaux avantages :<\/h5>\n<ul class=\"vetom-list\">\n<li><strong>Protection de la flore intestinale :<\/strong> Particuli\u00e8rement efficace apr\u00e8s une cure d'antibiotiques.<\/li>\n<li><strong>Un large spectre :<\/strong> Il peut \u00eatre administr\u00e9 \u00e0 toutes les esp\u00e8ces animales, des poissons aux chevaux.<\/li>\n<li><strong>\u00c9conomique :<\/strong> Il am\u00e9liore l'utilisation des aliments et r\u00e9duit le risque de maladie.<\/li>\n<li><strong>Il est s\u00fbr :<\/strong> Enti\u00e8rement naturel, sans effets secondaires.<\/li>\n<\/ul>","protected":false},"featured_media":7354,"comment_status":"open","ping_status":"closed","template":"","meta":[],"product_brand":[],"product_cat":[38,41],"product_tag":[],"class_list":{"0":"post-7353","1":"product","2":"type-product","3":"status-publish","4":"has-post-thumbnail","6":"product_cat-vektor-animals-vetom","7":"product_cat-vektor-animals-3","9":"first","10":"instock","11":"featured","12":"taxable","13":"shipping-taxable","14":"purchasable","15":"product-type-simple"},"_links":{"self":[{"href":"https:\/\/vetomshop.hu\/fr\/wp-json\/wp\/v2\/product\/7353","targetHints":{"allow":["GET"]}}],"collection":[{"href":"https:\/\/vetomshop.hu\/fr\/wp-json\/wp\/v2\/product"}],"about":[{"href":"https:\/\/vetomshop.hu\/fr\/wp-json\/wp\/v2\/types\/product"}],"replies":[{"embeddable":true,"href":"https:\/\/vetomshop.hu\/fr\/wp-json\/wp\/v2\/comments?post=7353"}],"wp:featuredmedia":[{"embeddable":true,"href":"https:\/\/vetomshop.hu\/fr\/wp-json\/wp\/v2\/media\/7354"}],"wp:attachment":[{"href":"https:\/\/vetomshop.hu\/fr\/wp-json\/wp\/v2\/media?parent=7353"}],"wp:term":[{"taxonomy":"product_brand","embeddable":true,"href":"https:\/\/vetomshop.hu\/fr\/wp-json\/wp\/v2\/product_brand?post=7353"},{"taxonomy":"product_cat","embeddable":true,"href":"https:\/\/vetomshop.hu\/fr\/wp-json\/wp\/v2\/product_cat?post=7353"},{"taxonomy":"product_tag","embeddable":true,"href":"https:\/\/vetomshop.hu\/fr\/wp-json\/wp\/v2\/product_tag?post=7353"}],"curies":[{"name":"wp","href":"https:\/\/api.w.org\/{rel}","templated":true}]}}