{"id":7358,"date":"2026-01-20T16:45:04","date_gmt":"2026-01-20T15:45:04","guid":{"rendered":"https:\/\/vetomshop.hu\/?post_type=product&#038;p=7358"},"modified":"2026-03-03T07:55:22","modified_gmt":"2026-03-03T06:55:22","slug":"vektor-animals-3-vetom-3-probiotikum-por-allatoknak-bacillus-amyloliquefaciens-1x50-g","status":"publish","type":"product","link":"https:\/\/vetomshop.hu\/fr\/produit\/vektor-animals-3-vetom-3-probiotikum-por-allatoknak-bacillus-amyloliquefaciens-1x50-g\/","title":{"rendered":"Vektor Animals 3 (Vetom 3) - Poudre probiotique pour animaux (Bacillus amyloliquefaciens) <span style=\"color:red\">1\u00d750 g<\/span>"},"content":{"rendered":"<h3>Vektor Animals 3 (Vetom 3) - Probiotique avec souche bact\u00e9rienne sp\u00e9ciale<\/h3>\n<div class=\"plashka\">\n<p>Vetom 3 est un probiotique naturel bas\u00e9 sur les effets b\u00e9n\u00e9fiques de la souche bact\u00e9rienne Bacillus amyloliquefaciens. Cette bact\u00e9rie agit principalement dans le gros intestin, o\u00f9 elle produit des enzymes et des substances actives. Il s'agit de :<\/p>\n<p>* supprimer les bact\u00e9ries et les champignons nuisibles (pathog\u00e8nes et conditionnellement pathog\u00e8nes),<br \/>\n* aident \u00e0 \u00e9liminer les mati\u00e8res non dig\u00e9r\u00e9es du tractus intestinal,<br \/>\n* Les aliments sont plus faciles \u00e0 absorber et les nutriments sont mieux assimil\u00e9s,<br \/>\n* aident \u00e0 d\u00e9sintoxiquer l'organisme.<\/p>\n<p>Vetom 3 aide \u00e0 r\u00e9tablir l'\u00e9quilibre naturel de la flore intestinale, am\u00e9liore la digestion et le m\u00e9tabolisme et contribue \u00e0 une utilisation plus efficace des nutriments.<\/p>\n<h2>Avantages :<\/h2>\n<p>* Propri\u00e9t\u00e9s antibact\u00e9riennes et antifongiques<br \/>\n* Antiviral, producteur d'enzymes, soutien digestif<br \/>\n* Renforce la r\u00e9ponse immunitaire cellulaire et humorale<br \/>\n* Augmente la r\u00e9sistance de l'organisme<br \/>\n* Aide \u00e0 r\u00e9duire les r\u00e9actions allergiques<br \/>\n* Favorise le renouvellement cellulaire, peut inhiber la formation de cellules tumorales<br \/>\n* Am\u00e9liore l'effet d'autres m\u00e9dicaments et r\u00e9duit leurs effets secondaires<br \/>\n* Prot\u00e8ge l'organisme au niveau cellulaire, aide \u00e0 pr\u00e9venir le d\u00e9veloppement de tumeurs<\/p>\n<h2>Suggestion d'utilisation :<\/h2>\n<p><strong>Dosage recommand\u00e9 :<\/strong><br \/>\n* 1 g\u00e9lule 2 \u00e0 3 fois par jour est recommand\u00e9e pendant 10 jours, avant, pendant ou apr\u00e8s les repas, avec une petite quantit\u00e9 de liquide (eau, th\u00e9 ou jus). Surveiller la r\u00e9ponse de l'organisme au cours du traitement et augmenter la dose progressivement si n\u00e9cessaire, jusqu'\u00e0 5 \u00e0 10 g\u00e9lules par jour.<\/p>\n<p>*Le traitement peut \u00eatre r\u00e9p\u00e9t\u00e9 \u00e0 tout moment apr\u00e8s une pause de 1 \u00e0 2 semaines. Il est conseill\u00e9 d'alterner avec un autre type de produit Vetom de temps en temps pour soutenir pleinement la sant\u00e9 du corps et du tractus intestinal.<\/p>\n<h2>Caract\u00e9ristiques principales :<\/h2>\n<p>*Pas d'effets secondaires<br \/>\n*Aucune restriction d'\u00e2ge<br \/>\n*Ne pas surdoser<br \/>\n*Pas de d\u00e9pendance<\/p>\n<h2>Domaine d'utilisation :<\/h2>\n<p>Il est recommand\u00e9 comme compl\u00e9ment alimentaire biologiquement actif pour am\u00e9liorer l'\u00e9tat du tractus gastro-intestinal et r\u00e9tablir l'\u00e9quilibre de la flore intestinale.<\/p>\n<h2>Contre-indications :<\/h2>\n<p>Le produit n'est pas recommand\u00e9 si vous \u00eates allergique ou hypersensible \u00e0 l'un de ses ingr\u00e9dients.<\/p>\n<h2>Informations importantes :<\/h2>\n<p>* Utilisation pendant la grossesse et l'allaitement uniquement sur avis m\u00e9dical<br \/>\n* N'affecte pas la conduite ou l'utilisation de machines dangereuses<\/p>\n<h2>Dosage et composition :<\/h2>\n<p>* 10 g\u00e9lules sous blister, 5 paquets dans un carton (50 g\u00e9lules au total)<br \/>\n* Poids net : 0,1 kg<br \/>\n* Taille : 4,5 \u00d7 6,5 \u00d7 8 cm<\/p>\n<h2>Contenu d'une capsule :<\/h2>\n<p>* extrait de ma\u00efs : 133 mg<br \/>\n* F\u00e9cule de pomme de terre : 100 mg<br \/>\n* saccharose (sucre en poudre) : 67 mg<br \/>\n* Culture bact\u00e9rienne Bacillus amyloliquefaciens* (DSM 24613) - 30 mg (1\u00d710\u2079 CFU\/g)<\/p>\n<p>\u00c9quivalent alternatif sous forme de gouttes : Vetom 3.22 (10 ml)<\/p>\n<p>Pays d'origine : <strong>Russie<\/strong><\/p>\n<\/div>","protected":false},"excerpt":{"rendered":"<div class=\"plashka\">A <strong>Animaux vectoriels <span style=\"color: red;\">3<\/span><\/strong> (Vetom 3) <strong>Bacillus amyloliquefaciens<\/strong> un probiotique contenant des spores qui aident \u00e0 maintenir un syst\u00e8me digestif sain et \u00e0 renforcer le syst\u00e8me immunitaire.<\/div>\n<h5>Principaux avantages :<\/h5>\n<ul class=\"vetom-list\">\n<li><strong>Protection de la flore intestinale :<\/strong> Particuli\u00e8rement efficace apr\u00e8s une cure d'antibiotiques.<\/li>\n<li><strong>Un large spectre :<\/strong> Il peut \u00eatre administr\u00e9 \u00e0 toutes les esp\u00e8ces animales, des poissons aux chevaux.<\/li>\n<li><strong>\u00c9conomique :<\/strong> Il am\u00e9liore l'utilisation des aliments et r\u00e9duit le risque de maladie.<\/li>\n<li><strong>Il est s\u00fbr :<\/strong> Enti\u00e8rement naturel, sans effets secondaires.<\/li>\n<\/ul>","protected":false},"featured_media":7359,"comment_status":"open","ping_status":"closed","template":"","meta":[],"product_brand":[],"product_cat":[38,41],"product_tag":[],"class_list":{"0":"post-7358","1":"product","2":"type-product","3":"status-publish","4":"has-post-thumbnail","6":"product_cat-vektor-animals-vetom","7":"product_cat-vektor-animals-3","9":"first","10":"instock","11":"featured","12":"taxable","13":"shipping-taxable","14":"purchasable","15":"product-type-simple"},"_links":{"self":[{"href":"https:\/\/vetomshop.hu\/fr\/wp-json\/wp\/v2\/product\/7358","targetHints":{"allow":["GET"]}}],"collection":[{"href":"https:\/\/vetomshop.hu\/fr\/wp-json\/wp\/v2\/product"}],"about":[{"href":"https:\/\/vetomshop.hu\/fr\/wp-json\/wp\/v2\/types\/product"}],"replies":[{"embeddable":true,"href":"https:\/\/vetomshop.hu\/fr\/wp-json\/wp\/v2\/comments?post=7358"}],"wp:featuredmedia":[{"embeddable":true,"href":"https:\/\/vetomshop.hu\/fr\/wp-json\/wp\/v2\/media\/7359"}],"wp:attachment":[{"href":"https:\/\/vetomshop.hu\/fr\/wp-json\/wp\/v2\/media?parent=7358"}],"wp:term":[{"taxonomy":"product_brand","embeddable":true,"href":"https:\/\/vetomshop.hu\/fr\/wp-json\/wp\/v2\/product_brand?post=7358"},{"taxonomy":"product_cat","embeddable":true,"href":"https:\/\/vetomshop.hu\/fr\/wp-json\/wp\/v2\/product_cat?post=7358"},{"taxonomy":"product_tag","embeddable":true,"href":"https:\/\/vetomshop.hu\/fr\/wp-json\/wp\/v2\/product_tag?post=7358"}],"curies":[{"name":"wp","href":"https:\/\/api.w.org\/{rel}","templated":true}]}}