{"id":7379,"date":"2026-01-20T17:30:45","date_gmt":"2026-01-20T16:30:45","guid":{"rendered":"https:\/\/vetomshop.hu\/?post_type=product&#038;p=7379"},"modified":"2026-04-27T03:16:23","modified_gmt":"2026-04-27T01:16:23","slug":"bioseptin-probiotikus-sebkezelo-kenocs-60-g","status":"publish","type":"product","link":"https:\/\/vetomshop.hu\/fr\/produit\/bioseptin-probiotikus-sebkezelo-kenocs-60-g\/","title":{"rendered":"Bioseptin - Pommade probiotique pour le traitement des plaies chez les animaux (Bacillus amyloliquefaciens) - <span style=\"color:red\">60 g<\/span>"},"content":{"rendered":"<h3>Bioseptin - Pommade probiotique pour le traitement des plaies chez les animaux<\/h3>\n<div class=\"plashka\">A <strong>Bioseptine<\/strong> une pommade probiotique unique \u00e0 usage externe. En direct \u00e0 <strong>Bacillus amyloliquefaciens<\/strong> contient des bact\u00e9ries qui nettoient naturellement les plaies, inhibent l'inflammation et forment une barri\u00e8re biologique sur la peau endommag\u00e9e.<\/div>\n<h5>Substance active et m\u00e9canisme d'action<\/h5>\n<p>La pommade contient deux souches industrielles sp\u00e9ciales de bact\u00e9ries (VKPM B-10642 et B-10643), qui agissent en p\u00e9n\u00e9trant dans la plaie :<\/p>\n<ul class=\"vetom-list\">\n<li><strong>Nettoyage des plaies (lyse) :<\/strong> Elles produisent des enzymes prot\u00e9olytiques qui dissolvent (lysent) les tissus morts et n\u00e9cros\u00e9s, nettoyant ainsi la plaie.<\/li>\n<li><strong>Formation au biofilm :<\/strong> Les bact\u00e9ries cr\u00e9ent un mince biofilm qui emp\u00eache les agents pathog\u00e8nes externes de p\u00e9n\u00e9trer dans la cavit\u00e9 de la plaie (aucun pansement n'est donc n\u00e9cessaire).<\/li>\n<li><strong>Effet antiseptique :<\/strong> Ils inhibent la croissance des bact\u00e9ries causant le pus et d'autres bact\u00e9ries pathog\u00e8nes.<\/li>\n<li><strong>R\u00e9duire l'inflammation :<\/strong> Ils acc\u00e9l\u00e8rent la r\u00e9g\u00e9n\u00e9ration et apaisent la zone endommag\u00e9e.<\/li>\n<\/ul>\n<h5>Domaines d'application<\/h5>\n<p>Le produit peut \u00eatre utilis\u00e9 pour toutes les esp\u00e8ces d'animaux (animaux de compagnie, animaux de ferme, animaux sauvages, oiseaux) :<\/p>\n<ul class=\"vetom-list\">\n<li>Traitement des blessures par coupure et abrasion.<\/li>\n<li>Pour la cicatrisation des br\u00fblures.<\/li>\n<li>Pour les inflammations cutan\u00e9es (dermatites) et autres l\u00e9sions cutan\u00e9es.<\/li>\n<li>Pour le soin des plaies ulc\u00e9reuses qui ne gu\u00e9rissent pas.<\/li>\n<\/ul>\n<h5>Mode d'emploi<\/h5>\n<p>A usage externe uniquement !<\/p>\n<ul class=\"vetom-list\">\n<li><strong>Dosage :<\/strong> Appliquer une fine couche sur la surface endommag\u00e9e 1 \u00e0 2 fois par jour.<\/li>\n<li><strong>Dur\u00e9e de l'enqu\u00eate :<\/strong> Le traitement doit \u00eatre poursuivi jusqu'\u00e0 la gu\u00e9rison compl\u00e8te.<\/li>\n<li><strong>Reliure :<\/strong> Plaies trait\u00e9es avec Bioseptin <strong>aucun bandage n'est n\u00e9cessaire<\/strong>, Le biofilm qui se forme prot\u00e8ge la zone.<\/li>\n<\/ul>\n<h5>S\u00e9curit\u00e9 et stockage<\/h5>\n<ul class=\"vetom-list\">\n<li><strong>Il est s\u00fbr :<\/strong> Peut \u00e9galement \u00eatre utilis\u00e9 chez les animaux en gestation et en lactation. Aucun effet secondaire n'est connu.<\/li>\n<li><strong>Contre-indications :<\/strong> Ne pas utiliser en m\u00eame temps que des pommades contenant des antibiotiques ou des sulfamides.<\/li>\n<li><strong>Stockage :<\/strong> R\u00e9frig\u00e9rer le produit non ouvert (0-10 \u00b0C). <strong>Apr\u00e8s ouverture, conserv\u00e9 \u00e0 temp\u00e9rature ambiante, il peut \u00eatre utilis\u00e9 pendant 15 jours !<\/strong><\/li>\n<\/ul>","protected":false},"excerpt":{"rendered":"<div class=\"plashka\">A <strong>Bioseptine<\/strong> La pommade probiotique soigne les plaies, les br\u00fblures et les inflammations cutan\u00e9es gr\u00e2ce \u00e0 une flore bact\u00e9rienne vivante. Une alternative naturelle aux antiseptiques traditionnels.<\/div>\n<h5>Principaux avantages :<\/h5>\n<ul class=\"vetom-list\">\n<li><strong>Cicatrisation naturelle des plaies :<\/strong> Il \u00e9limine les tissus morts et r\u00e9g\u00e9n\u00e8re la peau.<\/li>\n<li><strong>Des pansements invisibles :<\/strong> Il forme un biofilm dans la plaie, de sorte qu'aucun pansement n'est n\u00e9cessaire.<\/li>\n<li><strong>Universelle :<\/strong> Sans danger pour les chiens, les chats, les chevaux et les autres animaux.<\/li>\n<li><strong>Douceur :<\/strong> Ne pique pas et est anti-inflammatoire.<\/li>\n<\/ul>","protected":false},"featured_media":7380,"comment_status":"open","ping_status":"closed","template":"","meta":[],"product_brand":[],"product_cat":[42,38],"product_tag":[],"class_list":{"0":"post-7379","1":"product","2":"type-product","3":"status-publish","4":"has-post-thumbnail","6":"product_cat-bioseptin-kenocs","7":"product_cat-vektor-animals-vetom","9":"first","10":"outofstock","11":"featured","12":"taxable","13":"shipping-taxable","14":"purchasable","15":"product-type-simple"},"_links":{"self":[{"href":"https:\/\/vetomshop.hu\/fr\/wp-json\/wp\/v2\/product\/7379","targetHints":{"allow":["GET"]}}],"collection":[{"href":"https:\/\/vetomshop.hu\/fr\/wp-json\/wp\/v2\/product"}],"about":[{"href":"https:\/\/vetomshop.hu\/fr\/wp-json\/wp\/v2\/types\/product"}],"replies":[{"embeddable":true,"href":"https:\/\/vetomshop.hu\/fr\/wp-json\/wp\/v2\/comments?post=7379"}],"wp:featuredmedia":[{"embeddable":true,"href":"https:\/\/vetomshop.hu\/fr\/wp-json\/wp\/v2\/media\/7380"}],"wp:attachment":[{"href":"https:\/\/vetomshop.hu\/fr\/wp-json\/wp\/v2\/media?parent=7379"}],"wp:term":[{"taxonomy":"product_brand","embeddable":true,"href":"https:\/\/vetomshop.hu\/fr\/wp-json\/wp\/v2\/product_brand?post=7379"},{"taxonomy":"product_cat","embeddable":true,"href":"https:\/\/vetomshop.hu\/fr\/wp-json\/wp\/v2\/product_cat?post=7379"},{"taxonomy":"product_tag","embeddable":true,"href":"https:\/\/vetomshop.hu\/fr\/wp-json\/wp\/v2\/product_tag?post=7379"}],"curies":[{"name":"wp","href":"https:\/\/api.w.org\/{rel}","templated":true}]}}