{"id":1019,"date":"2020-02-17T14:17:10","date_gmt":"2020-02-17T14:17:10","guid":{"rendered":"https:\/\/vetomshop.hu\/?page_id=1019"},"modified":"2024-05-23T10:56:21","modified_gmt":"2024-05-23T08:56:21","slug":"a-vetom-probiotikum-tortenete","status":"publish","type":"page","link":"https:\/\/vetomshop.hu\/ga\/a-vetom-probiotikum-tortenete\/","title":{"rendered":"Stair probiotics Vetom"},"content":{"rendered":"<h3>A <em>Bacillus<\/em> T\u00e9ann an taighde ar bhacteria agus na ch\u00e9ad ullmh\u00f3id\u00ed \u201ebheo\u201d a forbra\u00edodh bunaithe air siar go dt\u00ed na 1930id\u00ed.<\/h3>\n<p><img loading=\"lazy\" decoding=\"async\" class=\"wp-image-3790 alignleft\" src=\"https:\/\/vetomshop.hu\/wp-content\/uploads\/2023\/02\/bacterio.jpg\" alt=\"\" width=\"655\" height=\"326\" srcset=\"https:\/\/vetomshop.hu\/wp-content\/uploads\/2023\/02\/bacterio.jpg 1500w, https:\/\/vetomshop.hu\/wp-content\/uploads\/2023\/02\/bacterio-300x149.jpg 300w, https:\/\/vetomshop.hu\/wp-content\/uploads\/2023\/02\/bacterio-1024x509.jpg 1024w, https:\/\/vetomshop.hu\/wp-content\/uploads\/2023\/02\/bacterio-768x382.jpg 768w, https:\/\/vetomshop.hu\/wp-content\/uploads\/2023\/02\/bacterio-1320x656.jpg 1320w, https:\/\/vetomshop.hu\/wp-content\/uploads\/2023\/02\/bacterio-600x298.jpg 600w\" sizes=\"auto, (max-width: 655px) 100vw, 655px\" \/>Sa bhliain 1939, bh\u00ed tr\u00fapa\u00ed an Wehrmacht san Afraic ag tabhairt aghaidh ar fhadhb na d\u00edsintire. Chuaigh an galar i bhfeidhm ar airm an d\u00e1 thaobh. Ba iad na hArabaigh a r\u00e9itigh an fhadhb ar dt\u00fas. D'\u00fas\u00e1id siad cac camaill mar leigheas \u00e9ifeachtach. N\u00ed raibh na Gearm\u00e1naigh toilteanach cac camaill a ithe, ach thuig siad an r\u00fan a bh\u00ed taobh thiar d'\u00e9ifeachtacht iontach an leighis seo. Ba \u00e9 an comh\u00e1bhar gn\u00edomhach\u00a0 <em>Bacillus subtilis<\/em> Th\u00e1inig s\u00e9 chun solais gur microrg\u00e1nach a bh\u00ed ann a bh\u00ed in ann forbairt agus at\u00e1irgeadh na bpataigin\u00ed is c\u00fais le dianscaoileadh a chur faoi chois. Bunaithe ar an bhfrithbhaict\u00e9ar seo, d'fhorbair eolaithe Gearm\u00e1nacha ullmh\u00f3id pr\u00f3bh\u00e1iteach, a \u00fas\u00e1ideadh go forleathan ina dhiaidh sin san arm chun an dianscaoileadh a chosc. I ndiaidh chliseadh na Gearm\u00e1ine Naits\u00ed, fuair na Meirice\u00e1naigh an teicneola\u00edocht chun an pr\u00f3bh\u00e1iteach a th\u00e1irgeadh.<\/p>\n<h3>Mar sin f\u00e9in, n\u00edor fhan an tAontas S\u00f3iv\u00e9adach ina su\u00ed go d\u00edomhaoin ach an oiread.<\/h3>\n<p>Tar \u00e9is dheireadh an Dara Cogadh Domhanda, cuireadh acmhainn\u00ed suntasacha i mbun oibre chun cosaint\u00ed a fhorbairt in aghaidh arm nua-aimseartha, lena n-\u00e1ir\u00edtear airm bhitheola\u00edocha. Sa bhliain 1974, buna\u00edodh eagra\u00edocht ollmh\u00f3r r\u00fanda \u2013 Mikrobioprom \u2013 agus \u00e9 mar aidhm aici ullmh\u00fach\u00e1in a fhorbairt chun daoine a chosaint ar thubaisteanna bithghineacha, lena n-\u00e1ir\u00edtear airm bhitheola\u00edocha. Bh\u00ed institi\u00faid\u00ed eola\u00edochta a bh\u00ed ann cheana f\u00e9in san \u00e1ireamh i gc\u00f3ras Mikrobioprom, chomh maith le hionaid taighde mhicribhitheola\u00edochta speisialaithe nua-bhunaithe agus monarchana a th\u00e1irg gn\u00edomhair\u00ed bitheola\u00edocha. Ba \u00ed an chuideachta \u201eVektor\u201d an institi\u00faid is m\u00f3 laistigh de Mikrobioprom, agus bh\u00ed s\u00ed ag feidhmi\u00fa i sr\u00e1idbhaile Koltsovo in aice le Novosibirsk. T\u00e1 sc\u00e1la na hinstiti\u00faide seo f\u00f3s suntasach sa l\u00e1 at\u00e1 inniu ann. In \u00e9ineacht le hinstiti\u00faid \u201eVektor\u201d, t\u00f3gadh agus forbra\u00edodh c\u00faig institi\u00faid eile freisin. D\u00e1 bhr\u00ed sin, laistigh de thr\u00e9imhse ama s\u00e1ch gearr, ghlac an Aontas S\u00f3iv\u00e9adach ceannas i r\u00e9imse na micribhitheola\u00edochta ar sc\u00e1la domhanda.<\/p>\n<p><img loading=\"lazy\" decoding=\"async\" class=\"alignright wp-image-5499\" src=\"https:\/\/vetomshop.hu\/wp-content\/uploads\/2024\/04\/biotechnology.jpg\" alt=\"\" width=\"660\" height=\"369\" srcset=\"https:\/\/vetomshop.hu\/wp-content\/uploads\/2024\/04\/biotechnology.jpg 1000w, https:\/\/vetomshop.hu\/wp-content\/uploads\/2024\/04\/biotechnology-300x168.jpg 300w, https:\/\/vetomshop.hu\/wp-content\/uploads\/2024\/04\/biotechnology-768x429.jpg 768w, https:\/\/vetomshop.hu\/wp-content\/uploads\/2024\/04\/biotechnology-600x335.jpg 600w\" sizes=\"auto, (max-width: 660px) 100vw, 660px\" \/>Go sonrach, i luath-bhlianta na 1990id\u00ed, d'\u00e9irigh le hinstiti\u00faid \u201eVektor\u201d, den ch\u00e9ad uair i stair an duine, org\u00e1nach beo saorga a chruth\u00fa \u2013 \u201eplasmaid\u201e \u2013 a th\u00e1irgeann interferon-alpha-2 leic\u00f3is\u00edt daonna, pr\u00edomhphr\u00f3it\u00e9in den ch\u00f3ras imdh\u00edonachta, agus a corpra\u00edodh go rath\u00fail sa \u00a0<em>Bacillus subtilis<\/em> i gcill baict\u00e9arach. Mar thoradh air seo, crutha\u00edodh briathra athchomhoibritheach at\u00e1 in ann thart ar 70 antaibheathach a th\u00e1irgeadh, chomh maith le r\u00e9imse leathan eins\u00edm\u00ed agus idirfh\u00e9achaint\u00ed. I bhfoirm sp\u00f3ir, t\u00e9ann an briathra seo tr\u00ed aig\u00e9ad an bholg agus timpeallacht alcaileach an duodenam gan dochar agus tagann s\u00e9 i mbun gn\u00edomha\u00edochta sa st\u00e9ig mh\u00f3r.<\/p>\n<p>Tugadh \u201eSubalin\u201d ar an ullmh\u00f3id pr\u00f3ibheaitici\u00fail seo, a l\u00e9ir\u00edodh ag \u00fas\u00e1id an phr\u00f3ibheaiticigh thuasluaite. Agus t\u00e1 a fhios ag an saol m\u00f3r cad a tharla ansin. Chuaigh an Aontas S\u00f3iv\u00e9adach ar an mb\u00f3thar m\u00edcheart, cuireadh t\u00fas le hathch\u00f3irithe margaidh, agus n\u00ed raibh aon \u00fas\u00e1id ag na h\u00fadar\u00e1is as Mikrobioprom. Mar sin f\u00e9in, bh\u00ed \u201eVektor\u201d de dh\u00edth ar ghn\u00edomhaireachta\u00ed rialtais na St\u00e1t Aontaithe. Ar feadh tr\u00ed bliana, rinne speisialt\u00f3ir\u00ed eachtracha staid\u00e9ar ar shaor\u00e1id \u201eVektor\u201d, rinne siad ini\u00fachadh uirthi agus bhailigh siad sonra\u00ed inti. Ar nd\u00f3igh, theip ar \u201eSubalin\u201d dul isteach sa mhargadh. Is mar gheall ar a bhunaitheoir, Lev Stepanovich Sanhachev \u2013 duine de bhunaitheoir\u00ed \u201eSubalin\u201d \u2013 a tarrth\u00e1ladh cuid de thaighde \u201eVektor\u201d ar a laghad. \u00d3 na haonaid ar leith de chuid \u201eVektor\u201d, bhunaigh Sanhachiev roinnt mhaith cuideachta\u00ed pr\u00edobh\u00e1ideacha, a d'fhoghlaim conas teacht sl\u00e1n sa earn\u00e1il phr\u00edobh\u00e1ideach. D'\u00e9irigh le thart ar leath acu sin.<\/p>\n<h3>Ina measc seo t\u00e1 an L\u00e1rionad L\u00e1rnach um Thaighde Eola\u00edoch, at\u00e1 bainteach, i measc daoine eile, leis an mhicribhitheola\u00ed agus an gh\u00e9ineola\u00ed Aleksandr Ivanovich Lelyak, a bhfuil breis agus 50 aireag\u00e1n cl\u00e1raithe aige i r\u00e9ims\u00ed na micribhitheola\u00edochta agus na g\u00e9ineola\u00edochta.<\/h3>\n<p>Go deimhin, sannadh don chuideachta seo forbairt ullmh\u00f3id\u00ed beo, a staid\u00e9ar breise agus eagr\u00fa a dt\u00e1irgthe. Le 20 bliain anuas, t\u00e1 strait\u00e9is\u00ed forbartha ag an Ionad Taighde, a fhost\u00edonn breis agus dh\u00e1 ch\u00e9ad speisialt\u00f3ir faoi l\u00e1thair, chun oiri\u00fan\u00fa do dh\u00e1la\u00ed reatha an mhargaidh.<\/p>\n<p><img loading=\"lazy\" decoding=\"async\" class=\"wp-image-5500  alignleft\" src=\"https:\/\/vetomshop.hu\/wp-content\/uploads\/2024\/04\/probioticum.jpg\" alt=\"\" width=\"656\" height=\"378\" srcset=\"https:\/\/vetomshop.hu\/wp-content\/uploads\/2024\/04\/probioticum.jpg 1024w, https:\/\/vetomshop.hu\/wp-content\/uploads\/2024\/04\/probioticum-300x173.jpg 300w, https:\/\/vetomshop.hu\/wp-content\/uploads\/2024\/04\/probioticum-768x443.jpg 768w, https:\/\/vetomshop.hu\/wp-content\/uploads\/2024\/04\/probioticum-600x346.jpg 600w\" sizes=\"auto, (max-width: 656px) 100vw, 656px\" \/>\"Is iad miocr\u00f3ib at\u00e1 i gceist le 90 faoin gc\u00e9ad de bhithmhais \u00e1r bpl\u00e1in\u00e9id,\" a mh\u00edn\u00edonn Aleksandr Ivanovich Lelyak. \"Is f\u00e9idir linn a r\u00e1 go s\u00e1bh\u00e1ilte gurb leo si\u00fad an domhan ina mairimid i nd\u00e1ir\u00edre.\" Faightear an chuid is m\u00f3 de na microrg\u00e1naigh in ionfhabhtuithe daonna, ainmhithe agus planda\u00ed. Is microrg\u00e1naigh iad 2\u20133 faoin gc\u00e9ad d\u00ednn f\u00e9in. M\u00e1 scr\u00fada\u00edmid aon chuid d\u00e1r gcorp, feicfimid go bhfuil microrg\u00e1naigh \u00e1irithe i l\u00e1thair ann \u2013 t\u00e1 \u00e9iceach\u00f3ras micribhitheach d\u00e1 chuid f\u00e9in ag gach cuid den chorp. Cuid\u00edonn siad seo leis an gcorp \u00e9 f\u00e9in a chosaint ar thionchair dh\u00edobh\u00e1lacha comhshaoil. M\u00e1 chuirimid isteach ar an gcothroma\u00edocht seo, \u00e9ir\u00edmid tinn. Mar sin f\u00e9in, sa ch\u00e1s id\u00e9alach, nuair a fhanann \u00e1r mionbhithe uile linn, t\u00e1imid in ann muid f\u00e9in a chosaint ar gach ionfhabht\u00fa!<\/p>","protected":false},"excerpt":{"rendered":"<p>A Bacillus bakt\u00e9riumok ut\u00e1n t\u00f6rt\u00e9n\u0151 kutat\u00e1sok \u00e9s azok alapj\u00e1n l\u00e9trehozott els\u0151 \u201e\u00e9l\u0151\u201d k\u00e9sz\u00edtm\u00e9nyek az 1930-as \u00e9vekre tehet\u0151. 1939-ben a Wermacht seregei Afrik\u00e1ban tal\u00e1lkoztak a v\u00e9rhas probl\u00e9m\u00e1j\u00e1val. A megbeteged\u00e9s \u00e9rintette mindk\u00e9t f\u00e9l sereg\u00e9t. A bajt els\u0151nek az arabok sz\u00fcntett\u00e9k meg. Hat\u00e9kony gy\u00f3gy k\u00e9sz\u00edtm\u00e9nyk\u00e9nt a tev\u00e9k tr\u00e1gy\u00e1j\u00e1t alkalmazt\u00e1k. A n\u00e9metek a tevetr\u00e1gy\u00e1t nem voltak hajland\u00f3k fogyasztani, viszont [&hellip;]<\/p>\n","protected":false},"author":1,"featured_media":0,"parent":0,"menu_order":0,"comment_status":"closed","ping_status":"closed","template":"","meta":{"footnotes":""},"class_list":["post-1019","page","type-page","status-publish","hentry"],"_links":{"self":[{"href":"https:\/\/vetomshop.hu\/ga\/wp-json\/wp\/v2\/pages\/1019","targetHints":{"allow":["GET"]}}],"collection":[{"href":"https:\/\/vetomshop.hu\/ga\/wp-json\/wp\/v2\/pages"}],"about":[{"href":"https:\/\/vetomshop.hu\/ga\/wp-json\/wp\/v2\/types\/page"}],"author":[{"embeddable":true,"href":"https:\/\/vetomshop.hu\/ga\/wp-json\/wp\/v2\/users\/1"}],"replies":[{"embeddable":true,"href":"https:\/\/vetomshop.hu\/ga\/wp-json\/wp\/v2\/comments?post=1019"}],"version-history":[{"count":0,"href":"https:\/\/vetomshop.hu\/ga\/wp-json\/wp\/v2\/pages\/1019\/revisions"}],"wp:attachment":[{"href":"https:\/\/vetomshop.hu\/ga\/wp-json\/wp\/v2\/media?parent=1019"}],"curies":[{"name":"uair an chloig","href":"https:\/\/api.w.org\/{rel}","templated":true}]}}