{"id":389,"date":"2019-11-07T12:36:23","date_gmt":"2019-11-07T12:36:23","guid":{"rendered":"https:\/\/vetomshop.hu\/my-account\/"},"modified":"2024-03-06T15:55:51","modified_gmt":"2024-03-06T14:55:51","slug":"sajat-fiok","status":"publish","type":"page","link":"https:\/\/vetomshop.hu\/ga\/sajat-fiok\/","title":{"rendered":"Mo chuntas"},"content":{"rendered":"<div class=\"su-spoiler su-spoiler-style-fancy su-spoiler-icon-chevron su-spoiler-closed\" data-scroll-offset=\"0\" data-anchor-in-url=\"no\"><div class=\"su-spoiler-title\" tabindex=\"0\" role=\"button\"><span class=\"su-spoiler-icon\"><\/span> Loingseoireacht agus \u00edoca\u00edocht<\/div><div class=\"su-spoiler-content su-u-clearfix su-u-trim\">\n<h2>Baili\u00fach\u00e1n pearsanta<\/h2>\n<p style=\"padding-left: 40px;\">8112, Zichy\u00fajfalu, Kast\u00e9lykert 1<\/p>\n<p style=\"padding-left: 40px;\">Am baili\u00fach\u00e1in phearsanta: tr\u00ed shocr\u00fa roimh r\u00e9 amh\u00e1in ag na sonra\u00ed teagmh\u00e1la seo a leanas<\/p>\n<ul>\n<li style=\"list-style-type: none;\">\n<ul>\n<li><strong>F\u00f3n<\/strong>:\u00a0<a href=\"http:\/\/Tel:+36305573846\" target=\"_blank\" rel=\"noopener noreferrer nofollow\">+36305573846<\/a> An Sagart Tom\u00e1s<\/li>\n<li><strong>R\u00edomhphost-1<\/strong>:i<a href=\"mailto:infoshop.vetom.magyarorszag@gmail.com\" target=\"_blank\" rel=\"noopener\">nfoshop.vetom.ung\u00e1ir@<wbr \/>gmail.com<\/a><\/li>\n<li><strong>R\u00edomhphost-2<\/strong>:\u00a0 <a href=\"mailto:vetomshop.hu@gmail.com\" target=\"_blank\" rel=\"noopener\">vetomshop.hu@gmail.com<\/a><\/li>\n<li>n\u00f3 \u00f3 \u00e1r gcomhph\u00e1irtithe ar fud na t\u00edre, a bhfuil a sonra\u00ed teagmh\u00e1la le f\u00e1il ar \u00e1r su\u00edomh Gr\u00e9as\u00e1in.<\/li>\n<\/ul>\n<\/li>\n<\/ul>\n<h2><span style=\"color: #ff0000;\">Seachadadh:<\/span><\/h2>\n<p>In\u00e1r siopa is f\u00e9idir leat rogha a dh\u00e9anamh as na roghanna seachadta agus \u00edoca\u00edochta seo a leanas:<\/p>\n<p style=\"padding-left: 40px;\"><span style=\"color: #339966;\"><strong>Seirbh\u00eds c\u00fair\u00e9ireachta GLS<\/strong><\/span> agus <span style=\"color: #339966;\"><strong>Teirmin\u00e9al pac\u00e1ist\u00ed Foxpost<\/strong><\/span><\/p>\n<p style=\"padding-left: 40px;\"><em><strong>30.000<\/strong> T\u00e1 seachadadh saor in aisce d&#039;orduithe os cionn HUF 1000!<\/em><\/p>\n<h2><span style=\"color: #008000;\">Seirbh\u00eds c\u00fair\u00e9ireachta GLS:<\/span><\/h2>\n<p>I gc\u00e1s orduithe a chuirtear ag Pointe Pac\u00e1iste GLS, is f\u00e9idir \u00edoca\u00edocht a dh\u00e9anamh in airgead tirim n\u00f3 le c\u00e1rta bainc i roinnt \u00e1iteanna (is fi\u00fa fiosr\u00fa a dh\u00e9anamh roimh r\u00e9 ag an bPointe Pac\u00e1iste at\u00e1 tugtha) <b>M\u00e1s mian leat seachadadh chuig meais\u00edn beart\u00e1n GLS n\u00f3 Pointe Beart\u00e1n GLS, n\u00ed m\u00f3r duit seoladh an mheais\u00edn beart\u00e1n a iontr\u00e1il sa r\u00e9imse seoladh seachadta.<\/b><\/p>\n<ul>\n<li>Nuair a sheoltar an pac\u00e1iste, cuireann c\u00f3ras Seirbh\u00eds C\u00fair\u00e9ireachta GLS f\u00f3gra chuig an bhfaighteoir tr\u00ed r\u00edomhphost go seachadfar a bpac\u00e1iste an ch\u00e9ad l\u00e1 gn\u00f3 eile. T\u00e1 uimhir an phac\u00e1iste agus m\u00e9id aon C\u00c1S sa r\u00edomhphost. Ar maidin an lae seachadta, faigheann an faighteoir f\u00f3gra, lena n-\u00e1ir\u00edtear uimhir theileaf\u00f3in an ch\u00fair\u00e9ara, uimhir theileaf\u00f3in Seirbh\u00eds do Chustaim\u00e9ir\u00ed GLS agus fuinneog ama 3 uair an chloig don seachadadh ionchais. I gc\u00e1s iarracht seachadta theip, seoltar f\u00f3gra r\u00edomhphoist chuig an bhfaighteoir.<\/li>\n<li><b>Aimsitheoir Pointe Pac\u00e1iste GLS:<\/b> <a href=\"https:\/\/gls-group.com\/HU\/hu\/depo-csomagpont-kereses\" target=\"_blank\" rel=\"noopener noreferrer nofollow\">https:\/\/gls-group.com\/HU\/hu\/depo-csomagpont-kereses<\/a><br \/>\n<b>Am seachadta:<\/b> 1\u20133 l\u00e1 gn\u00f3<br \/>\n<b>T\u00e1ille loingseoireachta:<\/b> 1590, \u2013 HUF,<br \/>\n<strong>\u00cdoca\u00edocht:<\/strong> Tr\u00ed r\u00e9amh\u00edoca\u00edocht (0,- HUF) n\u00f3 le hairgead tirim ar sheachadadh, arb \u00e9 +400,- HUF an praghas<\/li>\n<\/ul>\n<p>N\u00ed bhaineann na praghsanna seo ach le seachadta\u00ed laistigh den Ung\u00e1ir. M\u00e1s mian leat do phac\u00e1iste a sheachadadh thar lear, cuir fiosr\u00fach\u00e1n d\u00edreach tr\u00ed r\u00edomhphost faoin gcostas loingseoireachta roimh n\u00f3 tar \u00e9is d\u2019ord\u00fa a chur.<\/p>\n<h2><span style=\"color: #008000;\">Seirbh\u00eds c\u00fair\u00e9ireachta FOXPOST:<\/span><\/h2>\n<p>In\u00e1r siopa, is f\u00e9idir leat a iarraidh freisin go seachadfar d\u2019ord\u00fa chuig meais\u00edn beart\u00e1n Foxpost.<\/p>\n<p style=\"padding-left: 40px;\"><a href=\"https:\/\/foxpost.hu\/csomagautomatak\" target=\"_blank\" rel=\"noopener noreferrer nofollow\" data-saferedirecturl=\"https:\/\/www.google.com\/url?q=https:\/\/foxpost.hu\/csomagautomatak&amp;source=gmail&amp;ust=1709714712502000&amp;usg=AOvVaw1Y_RPFbUPlHU38HiM-T9Re\">https:\/\/foxpost.hu\/<wbr \/>meais\u00edn\u00ed pac\u00e1ist\u00ed<\/a><\/p>\n<p><strong>M\u00e1s mian leat seachadadh chuig meais\u00edn beart\u00e1n Foxpost, n\u00ed m\u00f3r duit seoladh an mheais\u00edn beart\u00e1n a iontr\u00e1il sa r\u00e9imse seoladh seachadta.<\/strong><\/p>\n<h3>Modhanna \u00edoca\u00edochta:<\/h3>\n<p><strong>Am seachadta:<\/strong> 1\u20133 l\u00e1 gn\u00f3<br \/>\n<strong>T\u00e1ille loingseoireachta:<\/strong> 1390, \u2013 HUF,<br \/>\n<strong>\u00cdoca\u00edocht:<\/strong> Tr\u00ed r\u00e9amh\u00edoca\u00edocht (0, \u2013 HUF) n\u00f3 tr\u00ed airgead tirim ar sheachadadh, a chosna\u00edonn +350, \u2013 HUF<\/p>\n<h3>Modhanna \u00edoca\u00edochta:<\/h3>\n<h4 style=\"padding-left: 40px;\">Airgead tirim ar sheachadadh<\/h4>\n<p>M\u00e1 roghna\u00edonn t\u00fa an modh \u00edoca\u00edochta airgid ar sheachadadh, d\u00e9anfar an \u00edoca\u00edocht as na hearra\u00ed ag an bpointe baili\u00fach\u00e1in (ag an gc\u00fair\u00e9ir n\u00f3 ag oifig an phoist\/pointe beart\u00e1n) nuair a gheofar na hearra\u00ed. T\u00e1 t\u00e1ille l\u00e1imhse\u00e1la ag baint leis an modh \u00edoca\u00edochta seo, d\u00e1 bhr\u00ed sin gearraimid 350 n\u00f3 400 HUF breise in aghaidh an phac\u00e1iste sa bhreis ar an t\u00e1ille loingseoireachta bhun\u00fasach. I gc\u00e1s \u00edoca\u00edochta airgid thirim, ullmhaigh an m\u00e9id cruinn le do thoil, mar n\u00ed bh\u00edonn an m\u00e9id ceart athraithe ag an gc\u00fair\u00e9ir i gc\u00f3na\u00ed.<\/p>\n<h4 style=\"padding-left: 40px;\">Aistri\u00fa bainc roimh r\u00e9<\/h4>\n<p>M\u00e1 roghna\u00edonn t\u00fa \u00edoc le haistri\u00fa bainc roimh r\u00e9, tar \u00e9is d\u00fainn an stoc a sheice\u00e1il, cuirfimid F\u00f3gra Sonraisc (Sonrasc) chugat tr\u00ed r\u00edomhphost, ina mbeidh na sonra\u00ed a theasta\u00edonn don aistri\u00fa agus an m\u00e9id cruinn deiridh. Aistrigh an praghas ceannaigh chuig \u00e1r gcuntas bainc laistigh de 72 uair an chloig \u00f3 sheoladh an tSonraisc, n\u00f3 measfar d\u2019ord\u00fa a bheith ar neamhn\u00ed. Ba mhaith linn d\u2019aird a tharraingt ar an bhf\u00edric n\u00e1r cheart duit an t-aistri\u00fa bainc a thionscnamh go dt\u00ed go mbeidh an Sonrasc tagtha i do bhosca poist! T\u00e1 na sonra\u00ed a theasta\u00edonn don aistri\u00fa san \u00e1ireamh sa sonrasc a eiseofar.<\/p>\n<h4 style=\"padding-left: 40px;\">Smaoinigh ar na nithe seo a leanas freisin:<\/h4>\n<p>Gheobhaidh t\u00fa f\u00f3gra r\u00edomhphoist faoin loingsi\u00fa agus faoin teacht ionchasach do phac\u00e1iste, mar sin chun m\u00edthuiscint\u00ed agus m\u00edchaoithi\u00falachta\u00ed a sheachaint, seice\u00e1il do bhosca poist go rialta tar \u00e9is duit d\u2019ord\u00fa a chur. M\u00e1 bh\u00edonn aon neamhrialtachta\u00ed agat le d\u2019ord\u00fa, d\u00e9an teagmh\u00e1il linn ag <a href=\"mailto:vetomshop.hu@gmail.com\" target=\"_blank\" rel=\"noopener\">vetomshop.hu@gmail.com<\/a> ag. Agus d\u2019ord\u00fa \u00e1 chur agat, seice\u00e1il le do thoil go bhfuil d\u2019ainm cruinn, do sheoladh, do sheoladh r\u00edomhphoist agus d\u2019uimhir theileaf\u00f3in curtha ar f\u00e1il agat. N\u00ed bheidh an t\u00e9 a sheachadann an pac\u00e1iste eolach ar na coinn\u00edollacha \u00e1iti\u00fala, mar sin m\u00e1s g\u00e1, cuir faisn\u00e9is bhreise ar f\u00e1il chun seachadadh rath\u00fail a \u00e9asc\u00fa. Mura n-\u00e9ir\u00edonn leis an seachadadh mar gheall ar do locht f\u00e9in, n\u00ed f\u00e9idir linn an pac\u00e1iste a thabhairt don t\u00e9 a sheachadann ach amh\u00e1in tar \u00e9is duit an t\u00e1ille loingseoireachta a \u00edoc ar\u00eds. T\u00e1 s\u00e9 t\u00e1bhachtach, m\u00e1 t\u00e1 an pac\u00e1iste millte n\u00f3 oscailte go soil\u00e9ir, gan glacadh leis agus \u00e9 a chur in i\u00fal d\u00fainn a luaithe is f\u00e9idir.<\/p>\n<\/div><\/div>\n<div class=\"woocommerce\"><\/div>","protected":false},"excerpt":{"rendered":"Sz\u00e1ll\u00edt\u00e1s \u00e9s fizet\u00e9s Szem\u00e9lyes \u00e1tv\u00e9tel 8112, Zichy\u00fajfalu, Kast\u00e9lykert 1 A szem\u00e9lyes \u00e1tv\u00e9tel ideje: kiz\u00e1r\u00f3lag el\u0151zetes egyeztet\u00e9ssel a k\u00f6vetkez\u0151 el\u00e9rhet\u0151s\u00e9geken Telefon:\u00a0+36305573846 Pap Tam\u00e1s Email-1: infoshop.vetom.magyarorszag@gmail.com Email-2:\u00a0 vetomshop.hu@gmail.com vagy orsz\u00e1gszerte a partnereinkt\u0151l, melyeknek el\u00e9rhet\u0151s\u00e9g\u00fck a weboldalunkon is megtal\u00e1lhat\u00f3 Kisz\u00e1ll\u00edt\u00e1s: \u00c1ruh\u00e1zunkban az al\u00e1bbi kisz\u00e1ll\u00edt\u00e1si \u00e9s fizet\u00e9si lehet\u0151s\u00e9gek k\u00f6z\u00fcl v\u00e1laszthat: GLS fut\u00e1rszolg\u00e1lat \u00e9s Foxpost csomagautomata 30.000 Forint rendel\u00e9si \u00e9rt\u00e9k [...]","protected":false},"author":1,"featured_media":0,"parent":0,"menu_order":0,"comment_status":"closed","ping_status":"closed","template":"","meta":{"footnotes":""},"class_list":["post-389","page","type-page","status-publish","hentry"],"_links":{"self":[{"href":"https:\/\/vetomshop.hu\/ga\/wp-json\/wp\/v2\/pages\/389","targetHints":{"allow":["GET"]}}],"collection":[{"href":"https:\/\/vetomshop.hu\/ga\/wp-json\/wp\/v2\/pages"}],"about":[{"href":"https:\/\/vetomshop.hu\/ga\/wp-json\/wp\/v2\/types\/page"}],"author":[{"embeddable":true,"href":"https:\/\/vetomshop.hu\/ga\/wp-json\/wp\/v2\/users\/1"}],"replies":[{"embeddable":true,"href":"https:\/\/vetomshop.hu\/ga\/wp-json\/wp\/v2\/comments?post=389"}],"version-history":[{"count":0,"href":"https:\/\/vetomshop.hu\/ga\/wp-json\/wp\/v2\/pages\/389\/revisions"}],"wp:attachment":[{"href":"https:\/\/vetomshop.hu\/ga\/wp-json\/wp\/v2\/media?parent=389"}],"curies":[{"name":"uair an chloig","href":"https:\/\/api.w.org\/{rel}","templated":true}]}}