{"id":2483,"date":"2020-10-20T19:35:14","date_gmt":"2020-10-20T17:35:14","guid":{"rendered":"https:\/\/vetomshop.hu\/?post_type=product&#038;p=2483"},"modified":"2026-04-12T08:28:16","modified_gmt":"2026-04-12T06:28:16","slug":"vetomgin-8-21","status":"publish","type":"product","link":"https:\/\/vetomshop.hu\/ga\/product\/vetomgin-8-21\/","title":{"rendered":"Vetomgin Pr\u00f3ibhitheach <span style=\"color:red\">8.21<\/span> t\u00e1ibl\u00e9ad suanbhruithneach <span style=\"color:red\">15 r\u00edomhaire<\/span> (forl\u00edonadh aiste bia)"},"content":{"rendered":"<h2><strong>Vetomgin 8.21 t\u00e1ibl\u00e9id \u00e9irfhr\u00e9iseacha pr\u00f3ibheait\u00edocha, 15 t\u00e1ibl\u00e9ad (forl\u00edonadh aiste bia)<\/strong><\/h2>\n<p><span style=\"color: #ff0000;\">Cumad\u00f3ireacht<\/span><\/p>\n<p>1 riar (1 t\u00e1ibl\u00e9ad brioscaitheach) ina bhfuil: breise\u00e1in: \u0415500 (carb\u00f3n\u00e1it s\u00f3idiam) \u2013 1200 mg \u0415330(aig\u00e9ad citreach) \u2013 750 mg; cult\u00fair phrobiotacha triomaithe Bacillus subtilis, VKPM B \u2013 10641(DSM 24613),Bacillus amyloliquefaciens, VKPM B \u2013 10642 (DSM 24614) , Bacillus amyloliquefaciens, VKPM B \u2013 10643 (DSM 24615) 1\u0445106 CFU\/g \u2013 50 mg.<\/p>\n<p>Sol\u00e1thra\u00edtear an \u00e9ifeacht thairbheach tr\u00ed air\u00edonna na gcomhph\u00e1irteanna de Vetomgin 8.21. Faoi a dtionchar, crutha\u00edtear cumad\u00f3ireacht mhiocr\u00f3bach shonrach sna put\u00f3ga agus gn\u00edomhachta\u00edtear timthriall Krebs. Mar thoradh ar an bpr\u00f3iseas seo, d\u00e9antar feidhmi\u00fa na gc\u00f3ras a chosna\u00edonn an corp ar shubstaint\u00ed coimhth\u00edocha a th\u00e9ann isteach \u00f3n timpeallacht sheachtrach, lena n-\u00e1ir\u00edtear microrg\u00e1naigh th\u00f3g\u00e1lacha, a optam\u00fa, agus d\u00e9antar c\u00f3ras rialaithe an choirp a optam\u00fa, rud a chinnt\u00edonn sol\u00e1thar gn\u00edomhach ocsaigine do na cealla; crutha\u00edtear c\u00falchist\u00ed fuinnimh; cuirtear sint\u00e9is na m\u00f3il\u00edn\u00ed at\u00e1 r\u00edth\u00e1bhachtach don chorp i ngn\u00edomh: aim\u00ednaig\u00e9id, carbaihiodr\u00e1it\u00ed, aig\u00e9id shailleacha, srl.<\/p>\n<p>M\u00e9ada\u00edonn Vetomgin 8.21 \u00e9ifeachtacht na ndruga\u00ed agus laghda\u00edonn s\u00e9 a n-\u00e9ifeachta\u00ed d\u00edobh\u00e1lacha ar chorp an duine.<\/p>\n<h5>Air\u00edonna:<\/h5>\n<ul>\n<li>\u00a0Gan fo-iarmhairt\u00ed<\/li>\n<li>\u00a0Gan srian aoise<\/li>\n<li>Gan r\u00f3-d\u00e1ileog<\/li>\n<li>Gan and\u00fail<\/li>\n<\/ul>\n<ul class=\"vetom-list\">\n<li>T\u00e1 gn\u00edomha\u00edocht antagonach ard aige i gcoinne fungas agus baict\u00e9ir phataigineacha agus choinn\u00edollach phataigineach, agus t\u00e1 air\u00edonna frithv\u00edreasacha, pr\u00f3it\u00e9olaitice, aimil\u00e9ilaitice agus ceallalaitice aige.<\/li>\n<li>Spreagann s\u00e9 facht\u00f3ir\u00ed imdh\u00edonachta ceallacha agus humaracha<\/li>\n<li>M\u00e9ada\u00edonn s\u00e9 frithsheasmhacht neamhshonrach an choirp<\/li>\n<li>Cobhs\u00e1ideann s\u00e9 frithsheasmhacht aill\u00e9irgeach<\/li>\n<li>Norm\u00e1la\u00edonn s\u00e9 an mheitibileacht.<\/li>\n<li>Spreagann s\u00e9 pr\u00f3isis athghini\u00fana, ionsa\u00edonn s\u00e9 agus scriosann s\u00e9 cealla ailseacha agus cealla galraithe.<\/li>\n<\/ul>\n<p><span style=\"color: #ff0000;\">R\u00e9imse feidhme<\/span><br \/>\nMiocrorg\u00e1naigh phr\u00f3ibheatha\u00edocha mar fhoinse fhorl\u00edontach chun c\u00e1il\u00edocht na beatha a fheabhs\u00fa.<br \/>\n<span style=\"color: #ff0000;\">Iarratas<\/span><br \/>\nAn d\u00e1ileog mholta: 3 t\u00e1ibl\u00e9ad bhorbaitheacha in aghaidh an lae ag eatraimh rialta ar feadh 10 l\u00e1.<br \/>\nLe\u00e1igh 1 t\u00e1ibl\u00e9ad i ngloine uisce. .<br \/>\nN\u00edor cheart an t\u00e1ibl\u00e9ad a shlogadh, a chogaint n\u00e1 a sh\u00fa.<br \/>\n<span style=\"color: #ff0000;\">Frithl\u00e9irithe<\/span><br \/>\nAill\u00e9irge ar aon cheann de chomh\u00e1bhair an leighis.<br \/>\nTreoracha speisialta<br \/>\nLe linn toirchis agus coth\u00fa c\u00edche, n\u00ed fh\u00e9adfar \u00e9 a \u00fas\u00e1id ach amh\u00e1in tar \u00e9is dul i gcomhairle le docht\u00fair. N\u00ed dh\u00e9anann an t\u00e1irge difear don chumas tiom\u00e1int n\u00e1 meais\u00edn\u00ed a d'fh\u00e9adfadh a bheith cont\u00fairteach a oibri\u00fa.<br \/>\n<span style=\"color: #ff0000;\">Pac\u00e1isti\u00fa<\/span><br \/>\n15 t\u00e1ibl\u00e9ad s\u00fail\u00edneach 2 g, pac\u00e1istithe i bp\u00e1ip\u00e9ar p\u00e1rma i mbosca\u00ed cairtchl\u00e1ir de 3. Treoracha \u00fas\u00e1ide san \u00e1ireamh.<br \/>\n<span style=\"color: #ff0000;\">Coinn\u00edollacha st\u00f3r\u00e1la<\/span><br \/>\nIs f\u00e9idir a st\u00f3r\u00e1il ag boga\u00edocht choibhneasta 75% agus ag teocht faoi bhun 30\u00b0C. Coinnigh as aimsi\u00fa na bp\u00e1ist\u00ed.<br \/>\n<span style=\"color: #ff0000;\">Tr\u00e9imhse an bhar\u00e1ntais<\/span><br \/>\n4 bliana \u00f3n d\u00e1ta monara\u00edochta. N\u00e1 hith tar \u00e9is an d\u00e1ta \u00e9aga.<br \/>\nN\u00edl Vetomgin 8.21 aicmithe mar ch\u00f3gas.<\/p>\n<p><span style=\"color: #0000ff;\">D\u00edreach \u00f3n monarcha, an praghas is fearr ar Vetom Probiotic, den chaighde\u00e1n is fearr.<\/span><\/p>\n<h3><strong><span style=\"color: #ff0000;\">Is \u00e9 Cemmedic Europe Ltd. an d\u00e1ileoir oifigi\u00fail don Ung\u00e1ir!<\/span><\/strong><\/h3>","protected":false},"excerpt":{"rendered":"<h5>Cumad\u00f3ireacht<\/h5>\n<p>1 riar (<strong>1 t\u00e1ibl\u00e9ad s\u00fail\u00edneach<\/strong>) ina bhfuil breise\u00e1in:<\/p>\n<ul>\n<li><strong>E500<\/strong> (Carb\u00f3n\u00e1it s\u00f3idiam) \u2013 1200 mg<\/li>\n<li><strong>E330<\/strong> (str\u00edoc l\u00edom\u00f3ide) \u2013 750 mg;<\/li>\n<li>Cult\u00far pro-bhiotach triomaithe <strong>Bacillus subtilis<\/strong>, VKPM B \u2013 10641 (DSM 24613),<\/li>\n<li><strong>Bacillus amyloliquefaciens<\/strong>, VKPM B \u2013 10642 (DSM 24614),<\/li>\n<li><strong>Bacillus amyloliquefaciens<\/strong>, VKPM B \u2013 10643 (DSM 24615) 1X10^6 KTJ\/g \u2013 50 mg.<\/li>\n<\/ul>\n<p>A \u00e9ifeacht thairbheach ar <strong>Vetomgin <span style=\"color:red\">8.21<\/span><\/strong> Cinnt\u00edonn air\u00edonna a chuid comhph\u00e1irteanna \u00e9 seo. Faoi a dtionchar, crutha\u00edtear cumad\u00f3ireacht mhiocr\u00f3bach shonrach san \u00edle agus gn\u00edomhachta\u00edtear timthriall Krebs. Mar thoradh ar an bpr\u00f3iseas seo, d\u00e9antar obair na gc\u00f3ras a chosna\u00edonn an corp ar shubstaint\u00ed coimhth\u00edocha a th\u00e9ann isteach \u00f3n timpeallacht sheachtrach, microrg\u00e1naigh th\u00f3g\u00e1lacha san \u00e1ireamh, a optam\u00fa, agus d\u00e9antar c\u00f3ras rialaithe an choirp a optam\u00fa, rud a chinnt\u00edonn sol\u00e1thar gn\u00edomhach ocsaigine do na cealla; crutha\u00edtear c\u00falchist\u00ed fuinnimh; cuirtear sint\u00e9is na m\u00f3il\u00edn\u00ed at\u00e1 r\u00edth\u00e1bhachtach don chorp i ngn\u00edomh: aim\u00ednaig\u00e9id, carbaihiodr\u00e1it\u00ed, aig\u00e9id shailleacha, srl.<\/p>\n<div class=\"plashka\">A <strong>Vetomgin <span style=\"color:red\">8.21<\/span><\/strong> M\u00e9ada\u00edonn s\u00e9 \u00e9ifeachtacht na ndruga\u00ed agus laghda\u00edonn s\u00e9 a n-\u00e9ifeachta\u00ed d\u00edobh\u00e1lacha ar chorp an duine.<\/div>\n<h6>Air\u00edonna:<\/h6>\n<ul class=\"vetom-list\">\n<li>T\u00e1 gn\u00edomha\u00edocht antagonach ard aige i gcoinne fungas agus baict\u00e9ir phataigineacha agus choinn\u00edollach phataigineach, agus t\u00e1 air\u00edonna frithv\u00edreasacha, pr\u00f3it\u00e9olaitice, aimil\u00e9ilaitice agus ceallalaitice aige.<\/li>\n<li>Spreagann s\u00e9 facht\u00f3ir\u00ed imdh\u00edonachta ceallacha agus humaracha<\/li>\n<li>M\u00e9ada\u00edonn s\u00e9 frithsheasmhacht neamhshonrach an choirp<\/li>\n<li>Cobhs\u00e1ideann s\u00e9 frithsheasmhacht aill\u00e9irgeach<\/li>\n<li>Norm\u00e1la\u00edonn s\u00e9 an mheitibileacht.<\/li>\n<li>Spreagann s\u00e9 pr\u00f3isis athghini\u00fana, ionsa\u00edonn s\u00e9 agus scriosann s\u00e9 cealla ailseacha agus cealla galraithe.<\/li>\n<\/ul>\n<div class=\"plashka\"><strong>R\u00e9imse feidhme<\/strong><br \/>\nMiocrorg\u00e1naigh phr\u00f3ibheatha\u00edocha mar fhoinse fhorl\u00edontach chun c\u00e1il\u00edocht na beatha a fheabhs\u00fa.<\/div>","protected":false},"featured_media":5558,"comment_status":"open","ping_status":"closed","template":"","meta":[],"product_brand":[],"product_cat":[22],"product_tag":[],"class_list":{"0":"post-2483","1":"product","2":"type-product","3":"status-publish","4":"has-post-thumbnail","6":"product_cat-vetom-probiotikumok","8":"first","9":"instock","10":"featured","11":"taxable","12":"shipping-taxable","13":"purchasable","14":"product-type-simple"},"_links":{"self":[{"href":"https:\/\/vetomshop.hu\/ga\/wp-json\/wp\/v2\/product\/2483","targetHints":{"allow":["GET"]}}],"collection":[{"href":"https:\/\/vetomshop.hu\/ga\/wp-json\/wp\/v2\/product"}],"about":[{"href":"https:\/\/vetomshop.hu\/ga\/wp-json\/wp\/v2\/types\/product"}],"replies":[{"embeddable":true,"href":"https:\/\/vetomshop.hu\/ga\/wp-json\/wp\/v2\/comments?post=2483"}],"wp:featuredmedia":[{"embeddable":true,"href":"https:\/\/vetomshop.hu\/ga\/wp-json\/wp\/v2\/media\/5558"}],"wp:attachment":[{"href":"https:\/\/vetomshop.hu\/ga\/wp-json\/wp\/v2\/media?parent=2483"}],"wp:term":[{"taxonomy":"product_brand","embeddable":true,"href":"https:\/\/vetomshop.hu\/ga\/wp-json\/wp\/v2\/product_brand?post=2483"},{"taxonomy":"product_cat","embeddable":true,"href":"https:\/\/vetomshop.hu\/ga\/wp-json\/wp\/v2\/product_cat?post=2483"},{"taxonomy":"product_tag","embeddable":true,"href":"https:\/\/vetomshop.hu\/ga\/wp-json\/wp\/v2\/product_tag?post=2483"}],"curies":[{"name":"uair an chloig","href":"https:\/\/api.w.org\/{rel}","templated":true}]}}