{"id":2695,"date":"2021-05-05T21:07:43","date_gmt":"2021-05-05T19:07:43","guid":{"rendered":"https:\/\/vetomshop.hu\/?post_type=product&#038;p=2695"},"modified":"2023-02-13T18:43:23","modified_gmt":"2023-02-13T17:43:23","slug":"enterosgel-akcios-csomag-3db","status":"publish","type":"product","link":"https:\/\/vetomshop.hu\/ga\/product\/enterosgel-akcios-csomag-3db\/","title":{"rendered":"Pac\u00e1iste tairisceana speisialta Enterosgel (3 earra\u00ed)"},"content":{"rendered":"<p>An\u00a0<strong>enterosgel\u00a0<\/strong>Baineann s\u00e9 substaint\u00ed at\u00e1 d\u00edobh\u00e1lach don chorp, ach n\u00ed sh\u00faitear isteach comhph\u00e1irteanna a bhfuil tairbhe ag baint leo don chorp. Is t\u00e1irge d\u00edghalraithe, cosanta agus d\u00edthocsainithe \u00e9. Is substaint org\u00e1nach \u00ed a bhfuil air\u00edonna fisiceacha agus ceimiceacha aici at\u00e1 cos\u00fail le hair\u00edonna an charb\u00f3in, rud a fh\u00e1gann go bhfuil s\u00ed neamhdh\u00edobh\u00e1lach don chorp.<\/p>\n<p>Cuid\u00edonn s\u00e9 leis an d\u00edthocsaini\u00fa agus baineann s\u00e9 v\u00edris, baict\u00e9ir, fungais agus parais\u00edt\u00ed amach fi\u00fa, agus is iad na iarmhair a fh\u00e1gann siombail\u00ed a bh\u00edonn an-deacair a bhrath.<\/p>\n<p>\u00c9asca le h\u00fas\u00e1id, is f\u00e9idir \u00e9 a mheascadh le huisce n\u00f3 le leachtanna eile \/ 1-2 dl\/<br \/>\nDo dhaoine f\u00e1sta, sp\u00fan\u00f3g bhoird amh\u00e1in (15 g) tr\u00ed huaire sa l\u00e1, uair go leith go dh\u00e1 uair an chloig roimh n\u00f3 tar \u00e9is b\u00e9il\u00ed.<br \/>\nDo ph\u00e1ist\u00ed, sp\u00fan\u00f3g chaife phl\u00fachta amh\u00e1in (5-10 g) 1-3 huaire sa l\u00e1.<br \/>\nCur i bhfeidhm molta: 7-14 l\u00e1.<\/p>","protected":false},"excerpt":{"rendered":"<p>An\u00a0<strong>enterosgel\u00a0<\/strong>Baineann s\u00e9 substaint\u00ed at\u00e1 d\u00edobh\u00e1lach don chorp, ach n\u00ed sh\u00faitear isteach comhph\u00e1irteanna a bhfuil tairbhe ag baint leo don chorp. Is t\u00e1irge d\u00edghalraithe, cosanta agus d\u00edthocsainithe \u00e9. Is substaint org\u00e1nach \u00ed a bhfuil air\u00edonna fisiceacha agus ceimiceacha aici at\u00e1 cos\u00fail le hair\u00edonna an charb\u00f3in, rud a fh\u00e1gann go bhfuil s\u00ed neamhdh\u00edobh\u00e1lach don chorp.<\/p>\n<p>Cuid\u00edonn s\u00e9 leis an d\u00edthocsaini\u00fa agus baineann s\u00e9 v\u00edris, baict\u00e9ir, fungais agus parais\u00edt\u00ed amach fi\u00fa, agus is iad na iarmhair a fh\u00e1gann siombail\u00ed a bh\u00edonn an-deacair a bhrath.<\/p>","protected":false},"featured_media":2691,"comment_status":"open","ping_status":"closed","template":"","meta":[],"product_brand":[],"product_cat":[28],"product_tag":[],"class_list":{"0":"post-2695","1":"product","2":"type-product","3":"status-publish","4":"has-post-thumbnail","6":"product_cat-enterosgel","8":"first","9":"instock","10":"sale","11":"taxable","12":"shipping-taxable","13":"purchasable","14":"product-type-simple"},"_links":{"self":[{"href":"https:\/\/vetomshop.hu\/ga\/wp-json\/wp\/v2\/product\/2695","targetHints":{"allow":["GET"]}}],"collection":[{"href":"https:\/\/vetomshop.hu\/ga\/wp-json\/wp\/v2\/product"}],"about":[{"href":"https:\/\/vetomshop.hu\/ga\/wp-json\/wp\/v2\/types\/product"}],"replies":[{"embeddable":true,"href":"https:\/\/vetomshop.hu\/ga\/wp-json\/wp\/v2\/comments?post=2695"}],"wp:featuredmedia":[{"embeddable":true,"href":"https:\/\/vetomshop.hu\/ga\/wp-json\/wp\/v2\/media\/2691"}],"wp:attachment":[{"href":"https:\/\/vetomshop.hu\/ga\/wp-json\/wp\/v2\/media?parent=2695"}],"wp:term":[{"taxonomy":"product_brand","embeddable":true,"href":"https:\/\/vetomshop.hu\/ga\/wp-json\/wp\/v2\/product_brand?post=2695"},{"taxonomy":"product_cat","embeddable":true,"href":"https:\/\/vetomshop.hu\/ga\/wp-json\/wp\/v2\/product_cat?post=2695"},{"taxonomy":"product_tag","embeddable":true,"href":"https:\/\/vetomshop.hu\/ga\/wp-json\/wp\/v2\/product_tag?post=2695"}],"curies":[{"name":"uair an chloig","href":"https:\/\/api.w.org\/{rel}","templated":true}]}}