{"id":4392,"date":"2023-08-06T13:27:56","date_gmt":"2023-08-06T11:27:56","guid":{"rendered":"https:\/\/vetomshop.hu\/?post_type=product&#038;p=4392"},"modified":"2026-04-12T08:28:06","modified_gmt":"2026-04-12T06:28:06","slug":"komarov-por-etrend-kiegeszito-40-tasak","status":"publish","type":"product","link":"https:\/\/vetomshop.hu\/ga\/product\/komarov-por-etrend-kiegeszito-40-tasak\/","title":{"rendered":"P\u00fadar pr\u00f3ibhitheach Komarov <span style=\"color: red\">40 saic\u00e9ad<\/span> (forl\u00edonadh aiste bia)"},"content":{"rendered":"<h2><strong>P\u00fadar Komarov \u2013 40 s\u00e1s\u00e9 (Forl\u00edonadh aiste bia)<\/strong><\/h2>\n<p>Pr\u00f3ibheaitic n\u00e1d\u00fartha le vitim\u00edn\u00ed agus spirulina \u2013 chun tac\u00fa leis an gc\u00f3ras d\u00edle\u00e1 agus an c\u00f3ras imdh\u00edonachta<\/p>\n<p>Is forl\u00edonadh aiste bia casta \u00e9 p\u00fadar Komarov ina bhfuil pr\u00f3ibheathaigh, sn\u00e1ith\u00edn aiste bia, vitim\u00edn\u00ed, mianra\u00ed agus spirulina. Taca\u00edonn a chomh\u00e1bhair ghn\u00edomhacha le cothroma\u00edocht na fl\u00f3ra put\u00f3ige, leis an d\u00edthocsaini\u00fa agus leis an meitibileacht, agus nearta\u00edonn siad cosaint\u00ed an choirp.<\/p>\n<p>&nbsp;<\/p>\n<h2><strong>Pr\u00edomh-chomh\u00e1bhair:<\/strong><\/h2>\n<p>*Bacillus subtilis VKPM V-10641 (DSM 24613) \u2013 baict\u00e9ir bhunt\u00e1isteacha an st\u00e9ig<\/p>\n<p>*Spirulina (alga gorm-uaine) \u2013 foinse n\u00e1d\u00fartha vitim\u00edn\u00ed agus pr\u00f3it\u00e9ine<\/p>\n<p>Cruithneacht bhr\u00faite \u2013 foinse sn\u00e1ith\u00edn aiste bia<\/p>\n<p>Aig\u00e9ad citreach, cl\u00f3ir\u00edd s\u00f3idiam \u2013 iompr\u00f3ir\u00ed n\u00e1d\u00fartha<\/p>\n<p>&nbsp;<\/p>\n<h2><strong>Ina theannta sin, t\u00e1 sa t\u00e1irge:<\/strong><\/h2>\n<p>Vitim\u00edn\u00ed: A, B1, B2, B6, B12, B5, B9, biot\u00e1n<\/p>\n<p>Mianra\u00ed: cailciam, potaisiam, maign\u00e9isiam, fosfar, iarann, since, copar, mangain\u00e9is, seil\u00e9iniam, molibd\u00edn<\/p>\n<p>Aig\u00e9id shailleacha neamhsh\u00e1ithithe: aig\u00e9ad lin\u00f3leic, aig\u00e9ad linol\u00e9nic, aig\u00e9ad arachad\u00f3ineach<\/p>\n<p>&nbsp;<\/p>\n<h2><strong>\u00c9ifeachta\u00ed tairbheacha:<\/strong><\/h2>\n<p>\u2705 Cuid\u00edonn s\u00e9 le d\u00edle\u00e1 agus le hions\u00fa n\u00edos fearr cothaitheach<\/p>\n<p>Taca\u00edonn s\u00e9 le cothroma\u00edocht na fl\u00f3ra put\u00f3ige, t\u00e1 \u00e9ifeacht dh\u00edthocsaini\u00fach\u00e1in aige<\/p>\n<p>Nearta\u00edonn s\u00e9 an c\u00f3ras imdh\u00edonachta agus m\u00e9ada\u00edonn s\u00e9 frithsheasmhacht an choirp.<\/p>\n<p>\u2705 Normal\u00fa an mheitibileachta<\/p>\n<p>\u2705 Cuid\u00edonn s\u00e9 le pr\u00f3isis athghini\u00fana agus is f\u00e9idir leis cur le troid i gcoinne ceall d\u00edobh\u00e1lach<\/p>\n<p>\u2705 Gn\u00edomha\u00edonn s\u00e9 timthriall Krebs (t\u00e1irgeadh fuinnimh ceallach)<\/p>\n<p>\u2705 T\u00e1 air\u00edonna frithbhaict\u00e9aracha, frithv\u00edreasacha agus frithfhungacha aige<\/p>\n<p>&nbsp;<\/p>\n<h2><strong>An d\u00e1ileog mholta:<\/strong><\/h2>\n<p>*Do chorp sl\u00e1inti\u00fail: 2\u20133 s\u00e1ic\u00e9ad ar a laghad in aghaidh an lae ar feadh 10\u201314 l\u00e1. Tabhair aird ar fhreagairt\u00ed do choirp le linn an ch\u00f3ire\u00e1la agus m\u00e9adaigh an d\u00e1ileog de r\u00e9ir a ch\u00e9ile m\u00e1s g\u00e1.<\/p>\n<p>* I gc\u00e1s tinneas \u00e1irithe: 7\u201310 s\u00e1ic\u00e9ad in aghaidh an lae ar feadh 10 l\u00e1<\/p>\n<p>* 1 riar = 1 s\u00e1its\u00edn<\/p>\n<p>Ba ch\u00f3ir an p\u00fadar a ghlacadh \u00f3 bh\u00e9al, le linn b\u00e9ile n\u00f3 ina dhiaidh m\u00e1s f\u00e9idir. Is fusa \u00e9 a ithe nuair a mheasctar le i\u00f3gart, le huachtar g\u00e9ar n\u00f3 le kefir \u00e9 agus nuair a itear le sp\u00fan\u00f3g \u00e9.<\/p>\n<p>&nbsp;<\/p>\n<h2><strong>Eolas t\u00e1bhachtach:<\/strong><\/h2>\n<p>Gan fo-iarmhairt\u00ed, gan r\u00f3dh\u00e1ileog, gan and\u00fail<\/p>\n<p>N\u00edl aon srianta aoise ann<\/p>\n<p>N\u00ed le h\u00fas\u00e1id i dteannta antaibheathach n\u00e1 ullmh\u00f3id\u00ed pr\u00f3bh\u00e1iteacha eile.<\/p>\n<p>N\u00ed mholtar m\u00e1 t\u00e1 hipir\u00edogaireacht agat i leith aon cheann de na comh\u00e1bhair.<\/p>\n<p>&nbsp;<\/p>\n<h2><strong>Pac\u00e1isti\u00fa:<\/strong><\/h2>\n<p>40 s\u00e1s\u00e9 de ph\u00fadar 2.5 g i bpac\u00e1isti\u00fa lannaithe<\/p>\n<p>Me\u00e1chan: 0.17 kg<\/p>\n<p>Tois\u00ed: 18 \u00d7 7 \u00d7 7 cm<\/p>\n<p>T\u00edr bhunaidh: An R\u00fais<\/p>\n<p>&nbsp;<\/p>\n<h2><strong>St\u00f3r\u00e1il:<\/strong><\/h2>\n<p>St\u00f3r\u00e1il in \u00e1it thirim, fhuar ag 0\u201330 \u00b0C, le taiseachas uasta 75%.<\/p>\n<p>Bar\u00e1ntas: 4<strong> bliain \u00f3 dh\u00e1ta an mhonaraithe<\/strong>.<\/p>\n<p>\u00c1it bhunaidh: <strong>An R\u00fais<\/strong><\/p>","protected":false},"excerpt":{"rendered":"<h5>Sliocht VKPM V 10 641 (DSM 24613) Bacillus subtilis<\/h5>\n<div class=\"plashka\"><strong>\u00c1bhar iompair:<\/strong> cruithneachta coirceach, cl\u00f3ir\u00edd s\u00f3idiam, alga gorm-uaine spirulina, aig\u00e9ad citreach.<br \/>\nP\u00fadar i s\u00e1its\u00ed p\u00e1ip\u00e9ir lannaithe 2.5 g.<\/div>\n<h5>Iarratas:<\/h5>\n<p>T\u00e1 substaint\u00ed bithghn\u00edomhacha i bp\u00fadar Komarov, mar shampla micribhitheach\u00e1in phr\u00f3ibheait\u00edocha, sn\u00e1ith\u00edn cothaithe, vitim\u00edn\u00ed (<strong>A, B1, B2, B6, B12, B5, B9, biot\u00e1n<\/strong>), macra- (cailciam, maign\u00e9isiam, fosfar, potaisiam) agus micrea-eilimint\u00ed (iarann, mangain\u00e9is, copar, since, moltadain, seil\u00e9iniam), foinse forl\u00edonta d'aig\u00e9id shailleacha neamhsh\u00e1ithithe (aig\u00e9ad lin\u00f3leic, aig\u00e9ad linol\u00e9nic, aig\u00e9ad arachad\u00f3nach).<\/p>\n<h6>Air\u00edonna:<\/h6>\n<ul class=\"vetom-list\">\n<li>T\u00e1 gn\u00edomha\u00edocht antagonach ard aige i gcoinne fungas agus baict\u00e9ir phataigineacha agus choinn\u00edollach phataigineach, agus t\u00e1 air\u00edonna frithv\u00edreasacha, pr\u00f3it\u00e9olaitice, aimil\u00e9ilaitice agus ceallalaitice aige.<\/li>\n<li>Spreagann s\u00e9 facht\u00f3ir\u00ed imdh\u00edonachta ceallacha agus humaracha<\/li>\n<li>M\u00e9ada\u00edonn s\u00e9 frithsheasmhacht neamhshonrach an choirp<\/li>\n<li>Cobhs\u00e1ideann s\u00e9 frithsheasmhacht aill\u00e9irgeach<\/li>\n<li>Norm\u00e1la\u00edonn s\u00e9 an mheitibileacht.<\/li>\n<li>Spreagann s\u00e9 pr\u00f3isis athghini\u00fana, ionsa\u00edonn s\u00e9 agus scriosann s\u00e9 cealla ailseacha agus cealla galraithe.<\/li>\n<\/ul>","protected":false},"featured_media":5557,"comment_status":"open","ping_status":"closed","template":"","meta":[],"product_brand":[],"product_cat":[22],"product_tag":[],"class_list":{"0":"post-4392","1":"product","2":"type-product","3":"status-publish","4":"has-post-thumbnail","6":"product_cat-vetom-probiotikumok","8":"first","9":"instock","10":"featured","11":"taxable","12":"shipping-taxable","13":"purchasable","14":"product-type-simple"},"_links":{"self":[{"href":"https:\/\/vetomshop.hu\/ga\/wp-json\/wp\/v2\/product\/4392","targetHints":{"allow":["GET"]}}],"collection":[{"href":"https:\/\/vetomshop.hu\/ga\/wp-json\/wp\/v2\/product"}],"about":[{"href":"https:\/\/vetomshop.hu\/ga\/wp-json\/wp\/v2\/types\/product"}],"replies":[{"embeddable":true,"href":"https:\/\/vetomshop.hu\/ga\/wp-json\/wp\/v2\/comments?post=4392"}],"wp:featuredmedia":[{"embeddable":true,"href":"https:\/\/vetomshop.hu\/ga\/wp-json\/wp\/v2\/media\/5557"}],"wp:attachment":[{"href":"https:\/\/vetomshop.hu\/ga\/wp-json\/wp\/v2\/media?parent=4392"}],"wp:term":[{"taxonomy":"product_brand","embeddable":true,"href":"https:\/\/vetomshop.hu\/ga\/wp-json\/wp\/v2\/product_brand?post=4392"},{"taxonomy":"product_cat","embeddable":true,"href":"https:\/\/vetomshop.hu\/ga\/wp-json\/wp\/v2\/product_cat?post=4392"},{"taxonomy":"product_tag","embeddable":true,"href":"https:\/\/vetomshop.hu\/ga\/wp-json\/wp\/v2\/product_tag?post=4392"}],"curies":[{"name":"uair an chloig","href":"https:\/\/api.w.org\/{rel}","templated":true}]}}