{"id":443,"date":"2019-11-12T14:57:08","date_gmt":"2019-11-12T13:57:08","guid":{"rendered":"https:\/\/vetomshop.hu\/?post_type=product&#038;p=443"},"modified":"2026-04-12T08:29:34","modified_gmt":"2026-04-12T06:29:34","slug":"vetom-2-etrend-kiegeszito","status":"publish","type":"product","link":"https:\/\/vetomshop.hu\/ga\/product\/vetom-2-etrend-kiegeszito\/","title":{"rendered":"Vetom Pr\u00f3ibhitheach <span style=\"color:red\">2<\/span><br> caps\u00fal <span style=\"color:red\">50 gr\u00e1n<\/span> (forl\u00edonadh aiste bia)"},"content":{"rendered":"<h2>Vetom 2 caps\u00fail probiotaice, 50 caps\u00fal (forl\u00edonadh aiste bia)<\/h2>\n<p>Is iad an d\u00e1 phr\u00edomh-chomh\u00e1bhar gn\u00edomhach de Vetom n\u00e1 str\u00e1ic\u00ed tairbheacha de bhacht\u00e9ir *Bacillus amyloliquefaciens*, a imr\u00edonn a n-\u00e9ifeachta\u00ed dearfacha go pr\u00edomha sa st\u00e9ig mh\u00f3r. Ansin, iolra\u00edonn siad agus t\u00e1irgeann siad eins\u00edm\u00ed \u00e9ags\u00fala (eins\u00edm\u00ed a dh\u00e9anann miondeal\u00fa ar phr\u00f3it\u00e9in, ar st\u00e1irse agus ar shn\u00e1ith\u00edn) agus comhdh\u00faile gn\u00edomhacha a:<\/p>\n<p>* cosc a chur ar fhrithbheirtheacha agus ar fhungais d\u00edobh\u00e1lacha,<br \/>\n* glan balla an phutha de iarmhair neamhdh\u00edle\u00e1ite,<br \/>\n* tac\u00fa le hions\u00fa n\u00edos fearr cothaitheach,<br \/>\n* d\u00edthocsaini\u00fa an choirp a chur chun cinn.<\/p>\n<p>Cuid\u00edonn iont\u00f3g\u00e1il rialta de Vetom 2 le cothroma\u00edocht shl\u00e1inti\u00fail a athbhun\u00fa i bhfl\u00f3ra an phut\u00f3ige, spreagann s\u00e9 an d\u00edle\u00e1 agus feabhsa\u00edonn s\u00e9 feidhm an ch\u00f3rais imdh\u00edonachta. Taca\u00edonn an probiotic le pr\u00f3isis athghini\u00fana, cabhra\u00edonn s\u00e9 le hathnuachan ceall agus d'fh\u00e9adfadh s\u00e9 fi\u00fa cosc a chur ar fhorbairt ceall ailse.<\/p>\n<p>Feabhsa\u00edonn s\u00e9 freisin \u00e9ifeachta\u00ed na ndruga\u00ed agus laghda\u00edonn s\u00e9 a n-\u00e9ifeachta\u00ed taobh.<\/p>\n<h2>Bunt\u00e1ist\u00ed:<\/h2>\n<p>* \u00c9ifeacht l\u00e1idir frithbhaict\u00e9arach agus frithfhungasach<br \/>\nFrithv\u00edreasach, c\u00fanamh d\u00edle\u00e1, treisitheoir imdh\u00edonachta<br \/>\n* Cosaint na gceall agus cosc na meallta<br \/>\nCuireann s\u00e9 an mheitibileacht ar gn\u00e1th<br \/>\nNearta\u00edonn s\u00e9 an fhriota\u00edocht in aghaidh aill\u00e9irg\u00ed<br \/>\nAthghineann s\u00e9 an corp ar an leibh\u00e9al ceallach<br \/>\nN\u00ed chrutha\u00edonn s\u00e9 fo-iarsma\u00ed, r\u00f3dh\u00e1ileog n\u00e1 and\u00fail<br \/>\nCosna\u00edonn s\u00e9 an corp ar leibh\u00e9al na gceall, ag cuidi\u00fa le forbairt na bhf\u00e1sach a chosc.<\/p>\n<h2>\u00das\u00e1id mholta:<\/h2>\n<p>Moltar Vetom 2 chun cothroma\u00edocht na fl\u00f3ra put\u00f3ige a athbhun\u00fa, tac\u00fa le sl\u00e1inte na put\u00f3ige agus an t-imdh\u00edonacht a neart\u00fa.<\/p>\n<h2>D\u00e1ileog:<\/h2>\n<p>T\u00f3g 1 chaipl\u00edn 2\u20133 huaire sa l\u00e1 ar feadh 10 l\u00e1, roimh, le linn n\u00f3 tar \u00e9is b\u00e9il\u00ed, le beag\u00e1n leachta (uisce, tae n\u00f3 s\u00fa tortha\u00ed). Tabhair aird ar fhreagairt\u00ed do choirp agus an forl\u00edonadh \u00e1 ghlacadh agat agus, m\u00e1s g\u00e1, m\u00e9adaigh an d\u00e1ileog de r\u00e9ir a ch\u00e9ile go 5\u201310 gcaipl\u00edn in aghaidh an lae.<\/p>\n<p>Is f\u00e9idir an ch\u00f3ire\u00e1il a athdh\u00e9anamh tar \u00e9is sos 1\u20132 sheachtain. Moltar athr\u00fa go t\u00e1irge Vetom le huimhir dhifri\u00fail \u00f3 am go ch\u00e9ile chun taca\u00edocht chuimsitheach a shol\u00e1thar don chorp.<\/p>\n<h2>Frithl\u00e9irithe:<\/h2>\n<p>N\u00ed mholtar \u00e9 m\u00e1 t\u00e1 t\u00fa \u00edogair i leith aon cheann de na comh\u00e1bhair.<br \/>\n* Le linn toirchis agus coth\u00fa c\u00edche, n\u00e1 h\u00fas\u00e1id ach tar \u00e9is dul i gcomhairle le do dhocht\u00fair.<br \/>\nN\u00ed dh\u00e9anann s\u00e9 difear do thiom\u00e1int n\u00e1 d'oibri\u00fa innealra cont\u00fairtigh.<\/p>\n<h2>Pac\u00e1isti\u00fa agus comh\u00e1bhair:<\/h2>\n<p>* 10 caps\u00fal i bpaic\u00e9id bhl\u00e1sta, 5 phaic\u00e9ad i mbosca cairtchl\u00e1ir (50 caps\u00fal san ioml\u00e1n)<br \/>\n* \u00c1bhar 1 caps\u00fal:<\/p>\n<p>* Sliocht arbhair Indiach \u2013 133 mg<br \/>\n* St\u00e1irse pr\u00e1ta\u00ed \u2013 100 mg<br \/>\n* S\u00facraise (si\u00facra p\u00fadrach) \u2013 67 mg<br \/>\n* Cult\u00far baict\u00e9arach Bacillus amyloliquefaciens (DSM 24614) agus str\u00e1ic\u00ed DSM 24615 \u2013 30 mg (1\u00d710\u2079 CFU\/g)<\/p>\n<h2>Tuilleadh eolais:<\/h2>\n<p>Me\u00e1chan glan: 0.1 kg<br \/>\n* Tois\u00ed: 4.5 \u00d7 6.5 \u00d7 8 cm<br \/>\nT\u00edr bhunaidh: An R\u00fais<br \/>\n* St\u00f3r\u00e1il: St\u00f3r\u00e1il in \u00e1it fhionnuar thirim (30 \u00b0C ar a mh\u00e9ad), as sroicheadh leana\u00ed.<br \/>\nTr\u00e9imhse an bhar\u00e1ntais: 2 bhliain \u00f3 dh\u00e1ta an mhonaraithe<\/p>\n<p>Leagan coibh\u00e9iseach eile i bhfoirm titeanna: Vetom 2.25 (10 ml)<\/p>\n<p>\u00c1it bhunaidh: <strong>An R\u00fais<\/strong><\/p>","protected":false},"excerpt":{"rendered":"<h5><strong>Cuirfidh m\u00e9 s\u00edol. <span style=\"color: red;\">2<\/span><\/strong> caps\u00fail pr\u00f3ibheachtacha, 50 caps\u00fal (forl\u00edonadh aiste bia)<\/h5>\n<div class=\"plashka\">\n<p>A <strong>Cuirfidh m\u00e9 s\u00edol. <span style=\"color: red;\">2<\/span><\/strong> Faoi a thionchar, d\u00e9antar meitibileacht, d\u00edle\u00e1 agus ions\u00fa na gcomhph\u00e1irteanna bia at\u00e1 gn\u00edomhach go bitheola\u00edoch sa chonair ghastraist\u00e9igeach a normal\u00fa.<\/p>\n<p>A <strong>Cuirfidh m\u00e9 s\u00edol. <span style=\"color: red;\">2<\/span><\/strong> M\u00e9ada\u00edonn pr\u00f3ibheathaigh \u00e9ifeachtacht c\u00f3gas agus laghda\u00edonn siad a n-\u00e9ifeachta\u00ed di\u00faltacha ar chorp an duine.<\/p>\n<\/div>\n<p>A \u00e9ifeacht thairbheach ar <strong>Bacillus amyloliquefaciens<\/strong> de bharr an \u00e9ifeachta a bh\u00edonn acu, a thagann chun cinn go pr\u00edomha tr\u00ed iomad\u00fa sa st\u00e9ig mh\u00f3r:<\/p>\n<ul class=\"vetom-list\">\n<li>eins\u00edm\u00ed pr\u00f3it\u00e9olaitici\u00fala, aim\u00edolaitici\u00fala, ceallalaitici\u00fala,<\/li>\n<li>substaint\u00ed bitheola\u00edoch gn\u00edomhacha a choisceann f\u00e1s agus forbairt micr\u00edfhl\u00f3ra phataigineach agus choinn\u00edollach phataigineach.<\/li>\n<\/ul>\n<p>D\u00e1 bharr sin, tagann comhdh\u00e9anamh baict\u00e9arach \u00e1bhar an phut\u00f3ige ar ais chuig an ngn\u00e1thstaid, glantar balla\u00ed an phut\u00f3ige de iarmhair neamhdh\u00edle\u00e1ite, rud a chuid\u00edonn le tocsain\u00ed a bhaint go gn\u00edomhach as an gcorp agus le hiompar gan bhac\u00e1n a dh\u00e9anamh ar chothaithigh at\u00e1 gn\u00edomhach go bitheola\u00edoch.<\/p>","protected":false},"featured_media":6598,"comment_status":"open","ping_status":"closed","template":"","meta":[],"product_brand":[],"product_cat":[22],"product_tag":[],"class_list":{"0":"post-443","1":"product","2":"type-product","3":"status-publish","4":"has-post-thumbnail","6":"product_cat-vetom-probiotikumok","8":"first","9":"instock","10":"featured","11":"taxable","12":"shipping-taxable","13":"purchasable","14":"product-type-simple"},"_links":{"self":[{"href":"https:\/\/vetomshop.hu\/ga\/wp-json\/wp\/v2\/product\/443","targetHints":{"allow":["GET"]}}],"collection":[{"href":"https:\/\/vetomshop.hu\/ga\/wp-json\/wp\/v2\/product"}],"about":[{"href":"https:\/\/vetomshop.hu\/ga\/wp-json\/wp\/v2\/types\/product"}],"replies":[{"embeddable":true,"href":"https:\/\/vetomshop.hu\/ga\/wp-json\/wp\/v2\/comments?post=443"}],"wp:featuredmedia":[{"embeddable":true,"href":"https:\/\/vetomshop.hu\/ga\/wp-json\/wp\/v2\/media\/6598"}],"wp:attachment":[{"href":"https:\/\/vetomshop.hu\/ga\/wp-json\/wp\/v2\/media?parent=443"}],"wp:term":[{"taxonomy":"product_brand","embeddable":true,"href":"https:\/\/vetomshop.hu\/ga\/wp-json\/wp\/v2\/product_brand?post=443"},{"taxonomy":"product_cat","embeddable":true,"href":"https:\/\/vetomshop.hu\/ga\/wp-json\/wp\/v2\/product_cat?post=443"},{"taxonomy":"product_tag","embeddable":true,"href":"https:\/\/vetomshop.hu\/ga\/wp-json\/wp\/v2\/product_tag?post=443"}],"curies":[{"name":"uair an chloig","href":"https:\/\/api.w.org\/{rel}","templated":true}]}}