{"id":447,"date":"2019-11-12T15:10:57","date_gmt":"2019-11-12T14:10:57","guid":{"rendered":"https:\/\/vetomshop.hu\/?post_type=product&#038;p=447"},"modified":"2026-04-12T08:29:15","modified_gmt":"2026-04-12T06:29:15","slug":"vetom-4-etrend-kiegeszito","status":"publish","type":"product","link":"https:\/\/vetomshop.hu\/ga\/product\/vetom-4-etrend-kiegeszito\/","title":{"rendered":"Vetom Pr\u00f3ibhitheach <span style=\"color:red\">4<\/span><br> caps\u00fal <span style=\"color:red\">50 gr\u00e1n<\/span> (forl\u00edonadh aiste bia)"},"content":{"rendered":"<p>Vetom 4 caps\u00fal pr\u00f3ibheaitice, 50 caps\u00fal (forl\u00edonadh aiste bia ina bhfuil baict\u00e9ir Bacillus amyloliquefaciens)<\/p>\n<p>T\u00e1 a \u00e9ifeacht thairbheach mar thoradh ar ghn\u00edomh\u00fa Bacillus amyloliquefaciens, a iolra\u00edonn go pr\u00edomha sa mhion-intest\u00e1n, ag t\u00e1irgeadh eins\u00edm\u00ed pr\u00f3it\u00e9ola\u00edocha, aim\u00edola\u00edocha agus ceallal\u00f3la\u00edocha, substaint\u00ed at\u00e1 gn\u00edomhach go bitheola\u00edoch a choisceann f\u00e1s agus forbairt micr\u00f3bhfl\u00f3ra phaiteagaineach agus choinn\u00edollach phaiteagaineach. D\u00e1 bharr sin, filleann comhdh\u00e9anamh baict\u00e9arach \u00e1bhar an put\u00f3ige ar an ngn\u00e1thstaid, glantar balla\u00ed an put\u00f3ige de iarmhair neamhdh\u00edle\u00e1ite, rud a chuid\u00edonn le tocsain\u00ed a bhaint den chorp go gn\u00edomhach agus le hiompar gan bhacainne\u00e1n cothaitheach at\u00e1 gn\u00edomhach go bitheola\u00edoch.<br \/>\nFaoi thionchar Vetom 4, d\u00e9antar meitibileacht, d\u00edle\u00e1 agus ions\u00fa na gcomhph\u00e1irteanna bia at\u00e1 gn\u00edomhach go bitheola\u00edoch sa chonair ghastraist\u00e9igeach a normal\u00fa.<br \/>\nM\u00e9ada\u00edonn Vetom 1.1 \u00e9ifeachtacht c\u00f3gas agus laghda\u00edonn s\u00e9 a n-\u00e9ifeachta\u00ed d\u00edobh\u00e1lacha ar chorp an duine.<br \/>\nD\u00e1ileog: Moltar \u00e9 a ghlacadh ar feadh 10 l\u00e1, 1 chaiplit\u00edn (2*3) in aghaidh an lae le linn b\u00e9ile n\u00f3 ina dhiaidh, le beag\u00e1n uisce, s\u00fa tortha\u00ed n\u00f3 tae.<br \/>\nN\u00edl Vetom 4 and\u00faileach.<br \/>\nMoltar an ch\u00f3ire\u00e1il a athdh\u00e9anamh tar \u00e9is sos de 1-2 sheachtain, agus is inmholta athr\u00fa go t\u00e1irge Vetom le huimhir dhifri\u00fail \u00f3 am go ch\u00e9ile. .<br \/>\nAr an mbealach seo, is f\u00e9idir linn tac\u00fa len\u00e1r gcorp ioml\u00e1n agus len\u00e1r gc\u00f3ras d\u00edle\u00e1. .<br \/>\nAir\u00edonna:<br \/>\n\u2022 T\u00e1 gn\u00edomha\u00edocht fhrithph\u00e9acach ard aige i gcoinne fungas agus baict\u00e9ir phataigineacha agus choinn\u00edollacha phataigineacha, agus t\u00e1 air\u00edonna frithv\u00edreasacha, pr\u00f3it\u00e9olaiti\u00fala, aim\u00edolaiti\u00fala agus ceallalaiti\u00fala aige.<br \/>\n\u2022 spreagann s\u00e9 facht\u00f3ir\u00ed imdh\u00edonachta ceallacha agus humaracha<br \/>\n\u2022 m\u00e9ada\u00edonn s\u00e9 frithsheasmhacht neamhshonrach an choirp<br \/>\n\u2022 cobhsa\u00edonn s\u00e9 frithsheasmhacht aill\u00e9irgeach<br \/>\n\u2022 gn\u00e1th\u00fa an mheitibileachta<br \/>\n\u2022 spreagann s\u00e9 pr\u00f3isis athghini\u00fana, ionsa\u00edonn s\u00e9 agus scriosann s\u00e9 cealla ailseacha agus cealla galraithe<br \/>\nAthra\u00edonn s\u00e9 an mh\u00e9ibhinchiseal agus an mheitibileacht, agus ar an gcaoi sin cuireann s\u00e9 cosc ar fhorbairt ceall ailse.<\/p>\n<p>\u2022 Gan fo-iarmhairt\u00ed<br \/>\n\u2022 N\u00cdL SRIANTA AOIS<br \/>\n\u2022 N\u00e1 d\u00e9an r\u00f3dh\u00e1ileog<br \/>\n\u2022 N\u00edor fhorbair and\u00faile<\/p>\n<p>R\u00e9imse feidhme<br \/>\nMoltar microrg\u00e1naigh phr\u00f3ibheiteacha a \u00fas\u00e1id mar bhreise\u00e1in bia at\u00e1 gn\u00edomhach go bitheola\u00edoch chun an conair ghastraist\u00e9igeach a fheabhs\u00fa agus an mionfhl\u00f3ra st\u00e9igeach a athbhun\u00fa.<\/p>\n<p>Frithl\u00e9irithe<br \/>\nHipir\u00edogaireacht d'aon cheann de na comh\u00e1bhair sa t\u00e1irge.<\/p>\n<p>Treoracha speisialta<br \/>\nLe linn toirchis agus cothaithe c\u00edche, n\u00ed fh\u00e9adfar \u00e9 a \u00fas\u00e1id ach amh\u00e1in tar \u00e9is dul i gcomhairle le docht\u00fair. N\u00ed dh\u00e9anann an t\u00e1irge difear don chumas tiom\u00e1int n\u00e1 meais\u00edn\u00ed a d'fh\u00e9adfadh a bheith cont\u00fairteach a oibri\u00fa.<br \/>\nPac\u00e1isti\u00fa<br \/>\n10 caps\u00fal de 0.33 g i bpaic\u00e9id bhl\u00e1stracha ar leith, 5 phac\u00e1iste bhl\u00e1stracha i mbosca cairtchl\u00e1ir. I mbosca plaisteach, me\u00e1chan glan: 500 g. I bpac\u00e1isti\u00fa p\u00e1ip\u00e9ir chr\u00fabach, me\u00e1chan glan: 5 g, 50 p\u00edosa i mbosca cairtchl\u00e1ir.<br \/>\nCoinn\u00edollacha st\u00f3r\u00e1la<br \/>\nIs f\u00e9idir a st\u00f3r\u00e1il ag boga\u00edocht choibhneasta 75% agus ag teocht faoi bhun 30\u00b0C. Coinnigh as aimsi\u00fa na bp\u00e1ist\u00ed.<br \/>\nTr\u00e9imhse an bhar\u00e1ntais<br \/>\n2 bhliain \u00f3n d\u00e1ta monara\u00edochta. N\u00e1 hith tar \u00e9is an d\u00e1ta \u00e9aga.<br \/>\nCumad\u00f3ireacht<br \/>\nT\u00e1 1 chaiplit\u00edn ina bhfuil: east\u00f3sc\u00e1n arbhair \u2013 133 mg; st\u00e1irse pr\u00e1ta\u00ed \u2013 100 mg; suocr\u00f3is (si\u00facra p\u00fadraithe) \u2013 67 mg: cult\u00far bhaict\u00e9arach triomaithe probiotic de chine\u00e1l Bacillus amyloliquefaciens VKPM B \u2013 10643 (DSM 24615), 1\u00d7109 A.F.A.\/g \u2013 30 mg aonad formitheach coil\u00edneachta.<br \/>\nD\u00edreach \u00f3n monarcha, an praghas is fearr ar Vetom Probiotic, den chaighde\u00e1n is fearr.<br \/>\n\u201eIs \u00e9 Cemmedic Europe Kft an d\u00e1ileoir oifigi\u00fail de Vetom Probiotics san Ung\u00e1ir!<\/p>","protected":false},"excerpt":{"rendered":"<h5><strong>Cuirfidh m\u00e9 s\u00edol. <span style=\"color:red\">4<\/span><\/strong> caps\u00fail pr\u00f3ibheachtacha, 50 caps\u00fal (forl\u00edonadh aiste bia) <strong>Bacillus amyloliquefaciens<\/strong> bacteria)<\/h5>\n<div class=\"plashka\">\n<p>A <strong>Cuirfidh m\u00e9 s\u00edol. <span style=\"color:red\">4<\/span><\/strong> Faoi a thionchar, d\u00e9antar meitibileacht, d\u00edle\u00e1 agus ions\u00fa na gcomhph\u00e1irteanna bia at\u00e1 gn\u00edomhach go bitheola\u00edoch sa chonair ghastraist\u00e9igeach a normal\u00fa.<\/p>\n<p>A <strong>Cuirfidh m\u00e9 s\u00edol. <span style=\"color:red\">4<\/span><\/strong> M\u00e9ada\u00edonn s\u00e9 \u00e9ifeachtacht na ndruga\u00ed agus laghda\u00edonn s\u00e9 a n-\u00e9ifeachta\u00ed d\u00edobh\u00e1lacha ar chorp an duine.<\/p>\n<\/div>\n<p>A \u00e9ifeacht thairbheach ar <strong>Bacillus amyloliquefaciens<\/strong> de bharr an \u00e9ifeachta a bh\u00edonn acu, a thagann chun cinn go pr\u00edomha tr\u00ed iomad\u00fa sa mhion-bhratach:<\/p>\n<ul class=\"vetom-list\">\n<li>eins\u00edm\u00ed pr\u00f3it\u00e9olaitici\u00fala, aim\u00edolaitici\u00fala, ceallalaitici\u00fala,<\/li>\n<li>substaint\u00ed bitheola\u00edoch gn\u00edomhacha a choisceann f\u00e1s agus forbairt micr\u00edfhl\u00f3ra phataigineach agus choinn\u00edollach phataigineach.<\/li>\n<\/ul>\n<p>D\u00e1 bharr sin, tagann comhdh\u00e9anamh baict\u00e9arach \u00e1bhar an phut\u00f3ige ar ais chuig an ngn\u00e1thstaid, glantar balla\u00ed an phut\u00f3ige de iarmhair neamhdh\u00edle\u00e1ite, rud a chuid\u00edonn le tocsain\u00ed a bhaint go gn\u00edomhach as an gcorp agus le hiompar gan bhac\u00e1n a dh\u00e9anamh ar chothaithigh at\u00e1 gn\u00edomhach go bitheola\u00edoch.<\/p>\n<p><strong>D\u00e1ileog:<\/strong> An d\u00e1ileog mholta: 1 chaip\u00edsil (2*3) in aghaidh an lae ar feadh 10 l\u00e1, a ghlactar le linn b\u00e9ile n\u00f3 ina dhiaidh le m\u00e9id beag uisce, s\u00fa tortha\u00ed n\u00f3 tae.<\/p>\n<div class=\"plashka\">Moltar an ch\u00f3ire\u00e1il a athdh\u00e9anamh tar \u00e9is sos seachtaine 1-2, agus is inmholta athr\u00fa go t\u00e1irge Vetom le huimhir dhifri\u00fail \u00f3 am go ch\u00e9ile. Ar an mbealach seo, is f\u00e9idir linn tac\u00fa len\u00e1r gcorp ioml\u00e1n agus len\u00e1r gc\u00f3ras put\u00f3gach.<\/div>\n<p>A <strong>Cuirfidh m\u00e9 s\u00edol. <span style=\"color:red\">4<\/span><\/strong> N\u00edl s\u00e9 and\u00faileach.<\/p>","protected":false},"featured_media":6596,"comment_status":"open","ping_status":"closed","template":"","meta":[],"product_brand":[],"product_cat":[22],"product_tag":[],"class_list":{"0":"post-447","1":"product","2":"type-product","3":"status-publish","4":"has-post-thumbnail","6":"product_cat-vetom-probiotikumok","8":"first","9":"instock","10":"featured","11":"taxable","12":"shipping-taxable","13":"purchasable","14":"product-type-simple"},"_links":{"self":[{"href":"https:\/\/vetomshop.hu\/ga\/wp-json\/wp\/v2\/product\/447","targetHints":{"allow":["GET"]}}],"collection":[{"href":"https:\/\/vetomshop.hu\/ga\/wp-json\/wp\/v2\/product"}],"about":[{"href":"https:\/\/vetomshop.hu\/ga\/wp-json\/wp\/v2\/types\/product"}],"replies":[{"embeddable":true,"href":"https:\/\/vetomshop.hu\/ga\/wp-json\/wp\/v2\/comments?post=447"}],"wp:featuredmedia":[{"embeddable":true,"href":"https:\/\/vetomshop.hu\/ga\/wp-json\/wp\/v2\/media\/6596"}],"wp:attachment":[{"href":"https:\/\/vetomshop.hu\/ga\/wp-json\/wp\/v2\/media?parent=447"}],"wp:term":[{"taxonomy":"product_brand","embeddable":true,"href":"https:\/\/vetomshop.hu\/ga\/wp-json\/wp\/v2\/product_brand?post=447"},{"taxonomy":"product_cat","embeddable":true,"href":"https:\/\/vetomshop.hu\/ga\/wp-json\/wp\/v2\/product_cat?post=447"},{"taxonomy":"product_tag","embeddable":true,"href":"https:\/\/vetomshop.hu\/ga\/wp-json\/wp\/v2\/product_tag?post=447"}],"curies":[{"name":"uair an chloig","href":"https:\/\/api.w.org\/{rel}","templated":true}]}}